{"id":1834249,"date":"2023-06-14T21:02:05","date_gmt":"2023-06-14T18:02:05","guid":{"rendered":"http:\/\/ruuby.ee\/?post_type=product&#038;p=1834249"},"modified":"2026-04-18T06:41:55","modified_gmt":"2026-04-18T03:41:55","slug":"salt-stone-naturaalne-rulldeodorant-bergamot-hinoki","status":"publish","type":"product","link":"http:\/\/ruuby.ee\/en\/pood\/kosmeetika\/deodorandid\/salt-stone-naturaalne-rulldeodorant-bergamot-hinoki\/","title":{"rendered":"SALT &#038; STONE naturaalne deodorant, Extra Stength BERGAMOT &#038; HINOKI"},"content":{"rendered":"<p>Eriti tugev looduslik deodorant, mis on loodud 24-tunniseks kaitseks. Merevetikaekstraktid ja h\u00fcaluroonhape niisutavad nahka, probiootikumid aga aitavad l\u00f5hna neutraliseerida. Valmistatud ilma alumiiniumi, alkoholi, parabeenide ja ftalaatideta.<\/p>\n<p>L\u00f5hn: Itaalia bergamott, greip, hinoki, vetiver, eukal\u00fcpt, merevaik, apelsini\u00f5is<\/p>\n<p>Peamised koostisosad:<br \/>\nProbiootikumid \u2013 looduslikud fermentid, mis tasakaalustavad naha mikrobioomi terve bakterite taseme saavutamiseks, mida sageli ei tasakaalusta liigne higistamine ja aktiivsus.<\/p>\n<p>Spirulina \u2013 antioks\u00fcdantide rikas koostisosa, mis rahustab ja taastab \u00e4rritunud nahka, mis puutub kokku elementidega.<\/p>\n<p>H\u00fcaluroonhape \u2013 niisutav, vett armastav molekul, mis on tuntud oma v\u00f5ime poolest meelitada ligi ja hoida endal 1000 korda suuremat niiskust.<\/p>\n<p>Niisutav \u00f5lisegu \u2014 kookos\u00f5li, sheav\u00f5i ja p\u00e4evalilleseemne\u00f5li pehmendavad kaenlaaluste nahka.<\/p>","protected":false},"excerpt":{"rendered":"<p>Auhinnatud deodorant, mis on loodud 48-tunniseks kaitseks. Merevetikaekstraktid ja h\u00fcaluroonhape niisutavad nahka, samal ajal kui probiootikumid aitavad neutraliseerida ebameeldivat l\u00f5hna. Valmistatud ilma alumiiniumi, parabeenide ja ftalaatideta.<\/p>\n<p><strong>V\u00f5imalik eeltellida kuni 16.04<\/strong><\/p>\n<p>Kaupa v\u00e4lja hakkame saatma al. 24.04 +\/-, k\u00f5ik oleneb tarne kiirusest.<\/p>","protected":false},"featured_media":1829649,"comment_status":"open","ping_status":"closed","template":"","meta":[],"product_brand":[],"product_cat":[686,25],"product_tag":[],"class_list":{"0":"post-1834249","1":"product","2":"type-product","3":"status-publish","4":"has-post-thumbnail","6":"product_cat-deodorandid","7":"product_cat-kosmeetika","9":"first","10":"onbackorder","11":"taxable","12":"shipping-taxable","13":"purchasable","14":"product-type-simple"},"yoast_head":"<!-- This site is optimized with the Yoast SEO plugin v27.3 - https:\/\/yoast.com\/product\/yoast-seo-wordpress\/ -->\n<title>SALT &amp; STONE naturaalne deodorant, Extra Stength BERGAMOT &amp; HINOKI - RUUBY<\/title>\n<meta name=\"robots\" content=\"index, follow, max-snippet:-1, max-image-preview:large, max-video-preview:-1\" \/>\n<link rel=\"canonical\" href=\"https:\/\/ruuby.ee\/en\/pood\/kosmeetika\/deodorandid\/salt-stone-naturaalne-rulldeodorant-bergamot-hinoki\/\" \/>\n<meta property=\"og:locale\" content=\"en_GB\" \/>\n<meta property=\"og:type\" content=\"article\" \/>\n<meta property=\"og:title\" content=\"SALT &amp; STONE naturaalne deodorant, Extra Stength BERGAMOT &amp; HINOKI - RUUBY\" \/>\n<meta property=\"og:description\" content=\"Auhinnatud deodorant, mis on loodud 48-tunniseks kaitseks. Merevetikaekstraktid ja h\u00fcaluroonhape niisutavad nahka, samal ajal kui probiootikumid aitavad neutraliseerida ebameeldivat l\u00f5hna. Valmistatud ilma alumiiniumi, parabeenide ja ftalaatideta.  V\u00f5imalik eeltellida kuni 16.04  Kaupa v\u00e4lja hakkame saatma al. 24.04 +\/-, k\u00f5ik oleneb tarne kiirusest.\" \/>\n<meta property=\"og:url\" content=\"https:\/\/ruuby.ee\/en\/pood\/kosmeetika\/deodorandid\/salt-stone-naturaalne-rulldeodorant-bergamot-hinoki\/\" \/>\n<meta property=\"og:site_name\" content=\"RUUBY\" \/>\n<meta property=\"article:publisher\" content=\"https:\/\/www.facebook.com\/ruubyconcept\" \/>\n<meta property=\"article:modified_time\" content=\"2026-04-18T03:41:55+00:00\" \/>\n<meta property=\"og:image\" content=\"https:\/\/ruuby.ee\/wp-content\/uploads\/2023\/06\/Screenshot202023-05-2520at2015.19.06.png\" \/>\n\t<meta property=\"og:image:width\" content=\"918\" \/>\n\t<meta property=\"og:image:height\" content=\"1038\" \/>\n\t<meta property=\"og:image:type\" content=\"image\/png\" \/>\n<meta name=\"twitter:card\" content=\"summary_large_image\" \/>\n<meta name=\"twitter:label1\" content=\"Estimated reading time\" \/>\n\t<meta name=\"twitter:data1\" content=\"1 minute\" \/>\n<script type=\"application\/ld+json\" class=\"yoast-schema-graph\">{\"@context\":\"https:\\\/\\\/schema.org\",\"@graph\":[{\"@type\":[\"WebPage\",\"ItemPage\"],\"@id\":\"https:\\\/\\\/ruuby.ee\\\/pood\\\/kosmeetika\\\/deodorandid\\\/salt-stone-naturaalne-rulldeodorant-bergamot-hinoki\\\/\",\"url\":\"https:\\\/\\\/ruuby.ee\\\/pood\\\/kosmeetika\\\/deodorandid\\\/salt-stone-naturaalne-rulldeodorant-bergamot-hinoki\\\/\",\"name\":\"SALT & STONE naturaalne deodorant, Extra Stength BERGAMOT & HINOKI - RUUBY\",\"isPartOf\":{\"@id\":\"https:\\\/\\\/ruuby.ee\\\/#website\"},\"primaryImageOfPage\":{\"@id\":\"https:\\\/\\\/ruuby.ee\\\/pood\\\/kosmeetika\\\/deodorandid\\\/salt-stone-naturaalne-rulldeodorant-bergamot-hinoki\\\/#primaryimage\"},\"image\":{\"@id\":\"https:\\\/\\\/ruuby.ee\\\/pood\\\/kosmeetika\\\/deodorandid\\\/salt-stone-naturaalne-rulldeodorant-bergamot-hinoki\\\/#primaryimage\"},\"thumbnailUrl\":\"http:\\\/\\\/ruuby.ee\\\/wp-content\\\/uploads\\\/2023\\\/06\\\/Screenshot202023-05-2520at2015.19.06.png\",\"datePublished\":\"2023-06-14T18:02:05+00:00\",\"dateModified\":\"2026-04-18T03:41:55+00:00\",\"breadcrumb\":{\"@id\":\"https:\\\/\\\/ruuby.ee\\\/pood\\\/kosmeetika\\\/deodorandid\\\/salt-stone-naturaalne-rulldeodorant-bergamot-hinoki\\\/#breadcrumb\"},\"inLanguage\":\"en-GB\",\"potentialAction\":[{\"@type\":\"ReadAction\",\"target\":[\"https:\\\/\\\/ruuby.ee\\\/pood\\\/kosmeetika\\\/deodorandid\\\/salt-stone-naturaalne-rulldeodorant-bergamot-hinoki\\\/\"]}]},{\"@type\":\"ImageObject\",\"inLanguage\":\"en-GB\",\"@id\":\"https:\\\/\\\/ruuby.ee\\\/pood\\\/kosmeetika\\\/deodorandid\\\/salt-stone-naturaalne-rulldeodorant-bergamot-hinoki\\\/#primaryimage\",\"url\":\"http:\\\/\\\/ruuby.ee\\\/wp-content\\\/uploads\\\/2023\\\/06\\\/Screenshot202023-05-2520at2015.19.06.png\",\"contentUrl\":\"http:\\\/\\\/ruuby.ee\\\/wp-content\\\/uploads\\\/2023\\\/06\\\/Screenshot202023-05-2520at2015.19.06.png\",\"width\":918,\"height\":1038},{\"@type\":\"BreadcrumbList\",\"@id\":\"https:\\\/\\\/ruuby.ee\\\/pood\\\/kosmeetika\\\/deodorandid\\\/salt-stone-naturaalne-rulldeodorant-bergamot-hinoki\\\/#breadcrumb\",\"itemListElement\":[{\"@type\":\"ListItem\",\"position\":1,\"name\":\"Kdu\",\"item\":\"https:\\\/\\\/ruuby.ee\\\/\"},{\"@type\":\"ListItem\",\"position\":2,\"name\":\"Pood\",\"item\":\"https:\\\/\\\/ruuby.ee\\\/pood\\\/\"},{\"@type\":\"ListItem\",\"position\":3,\"name\":\"SALT &#038; STONE naturaalne deodorant, Extra Stength BERGAMOT &#038; HINOKI\"}]},{\"@type\":\"WebSite\",\"@id\":\"https:\\\/\\\/ruuby.ee\\\/#website\",\"url\":\"https:\\\/\\\/ruuby.ee\\\/\",\"name\":\"RUUBY\",\"description\":\"Ruubys on \u00fchendatud elustiil ja disain\",\"publisher\":{\"@id\":\"https:\\\/\\\/ruuby.ee\\\/#organization\"},\"alternateName\":\"Ruuby Disain\",\"potentialAction\":[{\"@type\":\"SearchAction\",\"target\":{\"@type\":\"EntryPoint\",\"urlTemplate\":\"https:\\\/\\\/ruuby.ee\\\/?s={search_term_string}\"},\"query-input\":{\"@type\":\"PropertyValueSpecification\",\"valueRequired\":true,\"valueName\":\"search_term_string\"}}],\"inLanguage\":\"en-GB\"},{\"@type\":\"Organization\",\"@id\":\"https:\\\/\\\/ruuby.ee\\\/#organization\",\"name\":\"Ruuby Disain O\u00dc\",\"alternateName\":\"Ruuby\",\"url\":\"https:\\\/\\\/ruuby.ee\\\/\",\"logo\":{\"@type\":\"ImageObject\",\"inLanguage\":\"en-GB\",\"@id\":\"https:\\\/\\\/ruuby.ee\\\/#\\\/schema\\\/logo\\\/image\\\/\",\"url\":\"http:\\\/\\\/ruuby.ee\\\/wp-content\\\/uploads\\\/2023\\\/06\\\/cropped-Black-White-Elegant-Circle-Signature-Fashion-Logo-12_large.png\",\"contentUrl\":\"http:\\\/\\\/ruuby.ee\\\/wp-content\\\/uploads\\\/2023\\\/06\\\/cropped-Black-White-Elegant-Circle-Signature-Fashion-Logo-12_large.png\",\"width\":1280,\"height\":747,\"caption\":\"Ruuby Disain O\u00dc\"},\"image\":{\"@id\":\"https:\\\/\\\/ruuby.ee\\\/#\\\/schema\\\/logo\\\/image\\\/\"},\"sameAs\":[\"https:\\\/\\\/www.facebook.com\\\/ruubyconcept\",\"https:\\\/\\\/www.instagram.com\\\/ruuby_concept\\\/\"]}]}<\/script>\n<!-- \/ Yoast SEO plugin. -->","yoast_head_json":{"title":"SALT & STONE naturaalne deodorant, Extra Stength BERGAMOT & HINOKI - RUUBY","robots":{"index":"index","follow":"follow","max-snippet":"max-snippet:-1","max-image-preview":"max-image-preview:large","max-video-preview":"max-video-preview:-1"},"canonical":"https:\/\/ruuby.ee\/en\/pood\/kosmeetika\/deodorandid\/salt-stone-naturaalne-rulldeodorant-bergamot-hinoki\/","og_locale":"en_GB","og_type":"article","og_title":"SALT & STONE naturaalne deodorant, Extra Stength BERGAMOT & HINOKI - RUUBY","og_description":"Auhinnatud deodorant, mis on loodud 48-tunniseks kaitseks. Merevetikaekstraktid ja h\u00fcaluroonhape niisutavad nahka, samal ajal kui probiootikumid aitavad neutraliseerida ebameeldivat l\u00f5hna. Valmistatud ilma alumiiniumi, parabeenide ja ftalaatideta.  V\u00f5imalik eeltellida kuni 16.04  Kaupa v\u00e4lja hakkame saatma al. 24.04 +\/-, k\u00f5ik oleneb tarne kiirusest.","og_url":"https:\/\/ruuby.ee\/en\/pood\/kosmeetika\/deodorandid\/salt-stone-naturaalne-rulldeodorant-bergamot-hinoki\/","og_site_name":"RUUBY","article_publisher":"https:\/\/www.facebook.com\/ruubyconcept","article_modified_time":"2026-04-18T03:41:55+00:00","og_image":[{"width":918,"height":1038,"url":"https:\/\/ruuby.ee\/wp-content\/uploads\/2023\/06\/Screenshot202023-05-2520at2015.19.06.png","type":"image\/png"}],"twitter_card":"summary_large_image","twitter_misc":{"Estimated reading time":"1 minute"},"schema":{"@context":"https:\/\/schema.org","@graph":[{"@type":["WebPage","ItemPage"],"@id":"https:\/\/ruuby.ee\/pood\/kosmeetika\/deodorandid\/salt-stone-naturaalne-rulldeodorant-bergamot-hinoki\/","url":"https:\/\/ruuby.ee\/pood\/kosmeetika\/deodorandid\/salt-stone-naturaalne-rulldeodorant-bergamot-hinoki\/","name":"SALT & STONE naturaalne deodorant, Extra Stength BERGAMOT & HINOKI - RUUBY","isPartOf":{"@id":"https:\/\/ruuby.ee\/#website"},"primaryImageOfPage":{"@id":"https:\/\/ruuby.ee\/pood\/kosmeetika\/deodorandid\/salt-stone-naturaalne-rulldeodorant-bergamot-hinoki\/#primaryimage"},"image":{"@id":"https:\/\/ruuby.ee\/pood\/kosmeetika\/deodorandid\/salt-stone-naturaalne-rulldeodorant-bergamot-hinoki\/#primaryimage"},"thumbnailUrl":"http:\/\/ruuby.ee\/wp-content\/uploads\/2023\/06\/Screenshot202023-05-2520at2015.19.06.png","datePublished":"2023-06-14T18:02:05+00:00","dateModified":"2026-04-18T03:41:55+00:00","breadcrumb":{"@id":"https:\/\/ruuby.ee\/pood\/kosmeetika\/deodorandid\/salt-stone-naturaalne-rulldeodorant-bergamot-hinoki\/#breadcrumb"},"inLanguage":"en-GB","potentialAction":[{"@type":"ReadAction","target":["https:\/\/ruuby.ee\/pood\/kosmeetika\/deodorandid\/salt-stone-naturaalne-rulldeodorant-bergamot-hinoki\/"]}]},{"@type":"ImageObject","inLanguage":"en-GB","@id":"https:\/\/ruuby.ee\/pood\/kosmeetika\/deodorandid\/salt-stone-naturaalne-rulldeodorant-bergamot-hinoki\/#primaryimage","url":"http:\/\/ruuby.ee\/wp-content\/uploads\/2023\/06\/Screenshot202023-05-2520at2015.19.06.png","contentUrl":"http:\/\/ruuby.ee\/wp-content\/uploads\/2023\/06\/Screenshot202023-05-2520at2015.19.06.png","width":918,"height":1038},{"@type":"BreadcrumbList","@id":"https:\/\/ruuby.ee\/pood\/kosmeetika\/deodorandid\/salt-stone-naturaalne-rulldeodorant-bergamot-hinoki\/#breadcrumb","itemListElement":[{"@type":"ListItem","position":1,"name":"Kdu","item":"https:\/\/ruuby.ee\/"},{"@type":"ListItem","position":2,"name":"Pood","item":"https:\/\/ruuby.ee\/pood\/"},{"@type":"ListItem","position":3,"name":"SALT &#038; STONE naturaalne deodorant, Extra Stength BERGAMOT &#038; HINOKI"}]},{"@type":"WebSite","@id":"https:\/\/ruuby.ee\/#website","url":"https:\/\/ruuby.ee\/","name":"RUUBY","description":"Ruubys on \u00fchendatud elustiil ja disain","publisher":{"@id":"https:\/\/ruuby.ee\/#organization"},"alternateName":"Ruuby Disain","potentialAction":[{"@type":"SearchAction","target":{"@type":"EntryPoint","urlTemplate":"https:\/\/ruuby.ee\/?s={search_term_string}"},"query-input":{"@type":"PropertyValueSpecification","valueRequired":true,"valueName":"search_term_string"}}],"inLanguage":"en-GB"},{"@type":"Organization","@id":"https:\/\/ruuby.ee\/#organization","name":"Ruuby Disain O\u00dc","alternateName":"Ruuby","url":"https:\/\/ruuby.ee\/","logo":{"@type":"ImageObject","inLanguage":"en-GB","@id":"https:\/\/ruuby.ee\/#\/schema\/logo\/image\/","url":"http:\/\/ruuby.ee\/wp-content\/uploads\/2023\/06\/cropped-Black-White-Elegant-Circle-Signature-Fashion-Logo-12_large.png","contentUrl":"http:\/\/ruuby.ee\/wp-content\/uploads\/2023\/06\/cropped-Black-White-Elegant-Circle-Signature-Fashion-Logo-12_large.png","width":1280,"height":747,"caption":"Ruuby Disain O\u00dc"},"image":{"@id":"https:\/\/ruuby.ee\/#\/schema\/logo\/image\/"},"sameAs":["https:\/\/www.facebook.com\/ruubyconcept","https:\/\/www.instagram.com\/ruuby_concept\/"]}]}},"jetpack_sharing_enabled":true,"_links":{"self":[{"href":"http:\/\/ruuby.ee\/en\/wp-json\/wp\/v2\/product\/1834249","targetHints":{"allow":["GET"]}}],"collection":[{"href":"http:\/\/ruuby.ee\/en\/wp-json\/wp\/v2\/product"}],"about":[{"href":"http:\/\/ruuby.ee\/en\/wp-json\/wp\/v2\/types\/product"}],"replies":[{"embeddable":true,"href":"http:\/\/ruuby.ee\/en\/wp-json\/wp\/v2\/comments?post=1834249"}],"wp:featuredmedia":[{"embeddable":true,"href":"http:\/\/ruuby.ee\/en\/wp-json\/wp\/v2\/media\/1829649"}],"wp:attachment":[{"href":"http:\/\/ruuby.ee\/en\/wp-json\/wp\/v2\/media?parent=1834249"}],"wp:term":[{"taxonomy":"product_brand","embeddable":true,"href":"http:\/\/ruuby.ee\/en\/wp-json\/wp\/v2\/product_brand?post=1834249"},{"taxonomy":"product_cat","embeddable":true,"href":"http:\/\/ruuby.ee\/en\/wp-json\/wp\/v2\/product_cat?post=1834249"},{"taxonomy":"product_tag","embeddable":true,"href":"http:\/\/ruuby.ee\/en\/wp-json\/wp\/v2\/product_tag?post=1834249"}],"curies":[{"name":"wp","href":"https:\/\/api.w.org\/{rel}","templated":true}]}}