{"id":1826738,"date":"2023-06-14T21:02:17","date_gmt":"2023-06-14T18:02:17","guid":{"rendered":"http:\/\/ruuby.ee\/?post_type=product&#038;p=1826738"},"modified":"2026-04-08T01:28:43","modified_gmt":"2026-04-07T22:28:43","slug":"silberthal-klaastilaga-olipudel-urdisoelaga-500-ml","status":"publish","type":"product","link":"http:\/\/ruuby.ee\/en\/pood\/kodusisustus\/soogituba\/silberthal-klaastilaga-olipudel-urdisoelaga-500-ml\/","title":{"rendered":"SILBERTHAL: Klaastilaga \u00f5lipudel &#8211; \u00dcrdis\u00f5elaga &#8211; 500 ml"},"content":{"rendered":"<p>Teie enda \u00f5li&#8230; vastavalt teie maitsele: lihtsalt valage \u00f5li pudelisse ja lisage soovitud koostisained klaasfiltrisse t\u00e4iustamiseks. &#8230;valmistatakse kiiresti ja lihtsalt. Abiks on pudelile juba tr\u00fckitud m\u00f5\u00f5teskaala ja retseptiideed. Kauakestev nauding. Toidus\u00f5braliku klaasfiltriga. Ei pudelis ega tilas t\u00fc\u00fctuid j\u00e4\u00e4ke. \u00d5li s\u00e4ilib v\u00e4rskena kuni 3 kuud, kui seda hoida kuivas, pimedas ja jahedas kohas. Lihtne puhastamine. K\u00f5ik komponendid on kergesti lahti v\u00f5etavad ja n\u00f5udepesumasinas pestavad.<\/p>","protected":false},"excerpt":{"rendered":"<p>Teie enda \u00f5li&#8230; vastavalt teie maitsele: lihtsalt valage \u00f5li pudelisse ja lisage soovitud koostisained klaasfiltrisse t\u00e4iustamiseks. &#8230;valmistatakse kiiresti ja lihtsalt. Abiks on pudelile juba tr\u00fckitud m\u00f5\u00f5teskaala ja retseptiideed. Kauakestev nauding. Toidus\u00f5braliku klaasfiltriga. Ei pudelis ega tilas t\u00fc\u00fctuid j\u00e4\u00e4ke. \u00d5li s\u00e4ilib v\u00e4rskena kuni 3 kuud, kui seda hoida kuivas, pimedas ja jahedas kohas. Lihtne puhastamine. K\u00f5ik [&hellip;]<\/p>\n","protected":false},"featured_media":1834151,"comment_status":"open","ping_status":"closed","template":"","meta":[],"product_brand":[],"product_cat":[26,60],"product_tag":[],"class_list":{"0":"post-1826738","1":"product","2":"type-product","3":"status-publish","4":"has-post-thumbnail","6":"product_cat-gurmee","7":"product_cat-soogituba","9":"first","10":"outofstock","11":"taxable","12":"shipping-taxable","13":"purchasable","14":"product-type-simple"},"yoast_head":"<!-- This site is optimized with the Yoast SEO plugin v27.3 - https:\/\/yoast.com\/product\/yoast-seo-wordpress\/ -->\n<title>SILBERTHAL: Klaastilaga \u00f5lipudel - \u00dcrdis\u00f5elaga - 500 ml - RUUBY<\/title>\n<meta name=\"robots\" content=\"index, follow, max-snippet:-1, max-image-preview:large, max-video-preview:-1\" \/>\n<link rel=\"canonical\" href=\"http:\/\/ruuby.ee\/en\/pood\/kodusisustus\/soogituba\/silberthal-klaastilaga-olipudel-urdisoelaga-500-ml\/\" \/>\n<meta property=\"og:locale\" content=\"en_GB\" \/>\n<meta property=\"og:type\" content=\"article\" \/>\n<meta property=\"og:title\" content=\"SILBERTHAL: Klaastilaga \u00f5lipudel - \u00dcrdis\u00f5elaga - 500 ml - RUUBY\" \/>\n<meta property=\"og:description\" content=\"Teie enda \u00f5li&#8230; vastavalt teie maitsele: lihtsalt valage \u00f5li pudelisse ja lisage soovitud koostisained klaasfiltrisse t\u00e4iustamiseks. &#8230;valmistatakse kiiresti ja lihtsalt. Abiks on pudelile juba tr\u00fckitud m\u00f5\u00f5teskaala ja retseptiideed. Kauakestev nauding. Toidus\u00f5braliku klaasfiltriga. Ei pudelis ega tilas t\u00fc\u00fctuid j\u00e4\u00e4ke. \u00d5li s\u00e4ilib v\u00e4rskena kuni 3 kuud, kui seda hoida kuivas, pimedas ja jahedas kohas. Lihtne puhastamine. K\u00f5ik [&hellip;]\" \/>\n<meta property=\"og:url\" content=\"http:\/\/ruuby.ee\/en\/pood\/kodusisustus\/soogituba\/silberthal-klaastilaga-olipudel-urdisoelaga-500-ml\/\" \/>\n<meta property=\"og:site_name\" content=\"RUUBY\" \/>\n<meta property=\"article:publisher\" content=\"https:\/\/www.facebook.com\/ruubyconcept\" \/>\n<meta property=\"article:modified_time\" content=\"2026-04-07T22:28:43+00:00\" \/>\n<meta property=\"og:image\" content=\"http:\/\/ruuby.ee\/wp-content\/uploads\/2023\/06\/IMG_3218.jpeg\" \/>\n\t<meta property=\"og:image:width\" content=\"700\" \/>\n\t<meta property=\"og:image:height\" content=\"700\" \/>\n\t<meta property=\"og:image:type\" content=\"image\/jpeg\" \/>\n<meta name=\"twitter:card\" content=\"summary_large_image\" \/>\n<meta name=\"twitter:label1\" content=\"Estimated reading time\" \/>\n\t<meta name=\"twitter:data1\" content=\"1 minute\" \/>\n<script type=\"application\/ld+json\" class=\"yoast-schema-graph\">{\"@context\":\"https:\\\/\\\/schema.org\",\"@graph\":[{\"@type\":[\"WebPage\",\"ItemPage\"],\"@id\":\"http:\\\/\\\/ruuby.ee\\\/pood\\\/kodusisustus\\\/soogituba\\\/silberthal-klaastilaga-olipudel-urdisoelaga-500-ml\\\/\",\"url\":\"http:\\\/\\\/ruuby.ee\\\/pood\\\/kodusisustus\\\/soogituba\\\/silberthal-klaastilaga-olipudel-urdisoelaga-500-ml\\\/\",\"name\":\"SILBERTHAL: Klaastilaga \u00f5lipudel - \u00dcrdis\u00f5elaga - 500 ml - RUUBY\",\"isPartOf\":{\"@id\":\"http:\\\/\\\/ruuby.ee\\\/en\\\/#website\"},\"primaryImageOfPage\":{\"@id\":\"http:\\\/\\\/ruuby.ee\\\/pood\\\/kodusisustus\\\/soogituba\\\/silberthal-klaastilaga-olipudel-urdisoelaga-500-ml\\\/#primaryimage\"},\"image\":{\"@id\":\"http:\\\/\\\/ruuby.ee\\\/pood\\\/kodusisustus\\\/soogituba\\\/silberthal-klaastilaga-olipudel-urdisoelaga-500-ml\\\/#primaryimage\"},\"thumbnailUrl\":\"http:\\\/\\\/ruuby.ee\\\/wp-content\\\/uploads\\\/2023\\\/06\\\/IMG_3218.jpeg\",\"datePublished\":\"2023-06-14T18:02:17+00:00\",\"dateModified\":\"2026-04-07T22:28:43+00:00\",\"breadcrumb\":{\"@id\":\"http:\\\/\\\/ruuby.ee\\\/pood\\\/kodusisustus\\\/soogituba\\\/silberthal-klaastilaga-olipudel-urdisoelaga-500-ml\\\/#breadcrumb\"},\"inLanguage\":\"en-GB\",\"potentialAction\":[{\"@type\":\"ReadAction\",\"target\":[\"http:\\\/\\\/ruuby.ee\\\/pood\\\/kodusisustus\\\/soogituba\\\/silberthal-klaastilaga-olipudel-urdisoelaga-500-ml\\\/\"]}]},{\"@type\":\"ImageObject\",\"inLanguage\":\"en-GB\",\"@id\":\"http:\\\/\\\/ruuby.ee\\\/pood\\\/kodusisustus\\\/soogituba\\\/silberthal-klaastilaga-olipudel-urdisoelaga-500-ml\\\/#primaryimage\",\"url\":\"http:\\\/\\\/ruuby.ee\\\/wp-content\\\/uploads\\\/2023\\\/06\\\/IMG_3218.jpeg\",\"contentUrl\":\"http:\\\/\\\/ruuby.ee\\\/wp-content\\\/uploads\\\/2023\\\/06\\\/IMG_3218.jpeg\",\"width\":700,\"height\":700},{\"@type\":\"BreadcrumbList\",\"@id\":\"http:\\\/\\\/ruuby.ee\\\/pood\\\/kodusisustus\\\/soogituba\\\/silberthal-klaastilaga-olipudel-urdisoelaga-500-ml\\\/#breadcrumb\",\"itemListElement\":[{\"@type\":\"ListItem\",\"position\":1,\"name\":\"Kdu\",\"item\":\"http:\\\/\\\/ruuby.ee\\\/en\\\/\"},{\"@type\":\"ListItem\",\"position\":2,\"name\":\"Pood\",\"item\":\"http:\\\/\\\/ruuby.ee\\\/en\\\/pood\\\/\"},{\"@type\":\"ListItem\",\"position\":3,\"name\":\"SILBERTHAL: Klaastilaga \u00f5lipudel &#8211; \u00dcrdis\u00f5elaga &#8211; 500 ml\"}]},{\"@type\":\"WebSite\",\"@id\":\"http:\\\/\\\/ruuby.ee\\\/en\\\/#website\",\"url\":\"http:\\\/\\\/ruuby.ee\\\/en\\\/\",\"name\":\"RUUBY\",\"description\":\"Ruubys on \u00fchendatud elustiil ja disain\",\"publisher\":{\"@id\":\"http:\\\/\\\/ruuby.ee\\\/en\\\/#organization\"},\"alternateName\":\"Ruuby Disain\",\"potentialAction\":[{\"@type\":\"SearchAction\",\"target\":{\"@type\":\"EntryPoint\",\"urlTemplate\":\"http:\\\/\\\/ruuby.ee\\\/en\\\/?s={search_term_string}\"},\"query-input\":{\"@type\":\"PropertyValueSpecification\",\"valueRequired\":true,\"valueName\":\"search_term_string\"}}],\"inLanguage\":\"en-GB\"},{\"@type\":\"Organization\",\"@id\":\"http:\\\/\\\/ruuby.ee\\\/en\\\/#organization\",\"name\":\"Ruuby Disain O\u00dc\",\"alternateName\":\"Ruuby\",\"url\":\"http:\\\/\\\/ruuby.ee\\\/en\\\/\",\"logo\":{\"@type\":\"ImageObject\",\"inLanguage\":\"en-GB\",\"@id\":\"http:\\\/\\\/ruuby.ee\\\/en\\\/#\\\/schema\\\/logo\\\/image\\\/\",\"url\":\"http:\\\/\\\/ruuby.ee\\\/wp-content\\\/uploads\\\/2023\\\/06\\\/cropped-Black-White-Elegant-Circle-Signature-Fashion-Logo-12_large.png\",\"contentUrl\":\"http:\\\/\\\/ruuby.ee\\\/wp-content\\\/uploads\\\/2023\\\/06\\\/cropped-Black-White-Elegant-Circle-Signature-Fashion-Logo-12_large.png\",\"width\":1280,\"height\":747,\"caption\":\"Ruuby Disain O\u00dc\"},\"image\":{\"@id\":\"http:\\\/\\\/ruuby.ee\\\/en\\\/#\\\/schema\\\/logo\\\/image\\\/\"},\"sameAs\":[\"https:\\\/\\\/www.facebook.com\\\/ruubyconcept\",\"https:\\\/\\\/www.instagram.com\\\/ruuby_concept\\\/\"]}]}<\/script>\n<!-- \/ Yoast SEO plugin. -->","yoast_head_json":{"title":"SILBERTHAL: Klaastilaga \u00f5lipudel - \u00dcrdis\u00f5elaga - 500 ml - RUUBY","robots":{"index":"index","follow":"follow","max-snippet":"max-snippet:-1","max-image-preview":"max-image-preview:large","max-video-preview":"max-video-preview:-1"},"canonical":"http:\/\/ruuby.ee\/en\/pood\/kodusisustus\/soogituba\/silberthal-klaastilaga-olipudel-urdisoelaga-500-ml\/","og_locale":"en_GB","og_type":"article","og_title":"SILBERTHAL: Klaastilaga \u00f5lipudel - \u00dcrdis\u00f5elaga - 500 ml - RUUBY","og_description":"Teie enda \u00f5li&#8230; vastavalt teie maitsele: lihtsalt valage \u00f5li pudelisse ja lisage soovitud koostisained klaasfiltrisse t\u00e4iustamiseks. &#8230;valmistatakse kiiresti ja lihtsalt. Abiks on pudelile juba tr\u00fckitud m\u00f5\u00f5teskaala ja retseptiideed. Kauakestev nauding. Toidus\u00f5braliku klaasfiltriga. Ei pudelis ega tilas t\u00fc\u00fctuid j\u00e4\u00e4ke. \u00d5li s\u00e4ilib v\u00e4rskena kuni 3 kuud, kui seda hoida kuivas, pimedas ja jahedas kohas. Lihtne puhastamine. K\u00f5ik [&hellip;]","og_url":"http:\/\/ruuby.ee\/en\/pood\/kodusisustus\/soogituba\/silberthal-klaastilaga-olipudel-urdisoelaga-500-ml\/","og_site_name":"RUUBY","article_publisher":"https:\/\/www.facebook.com\/ruubyconcept","article_modified_time":"2026-04-07T22:28:43+00:00","og_image":[{"width":700,"height":700,"url":"http:\/\/ruuby.ee\/wp-content\/uploads\/2023\/06\/IMG_3218.jpeg","type":"image\/jpeg"}],"twitter_card":"summary_large_image","twitter_misc":{"Estimated reading time":"1 minute"},"schema":{"@context":"https:\/\/schema.org","@graph":[{"@type":["WebPage","ItemPage"],"@id":"http:\/\/ruuby.ee\/pood\/kodusisustus\/soogituba\/silberthal-klaastilaga-olipudel-urdisoelaga-500-ml\/","url":"http:\/\/ruuby.ee\/pood\/kodusisustus\/soogituba\/silberthal-klaastilaga-olipudel-urdisoelaga-500-ml\/","name":"SILBERTHAL: Klaastilaga \u00f5lipudel - \u00dcrdis\u00f5elaga - 500 ml - RUUBY","isPartOf":{"@id":"http:\/\/ruuby.ee\/en\/#website"},"primaryImageOfPage":{"@id":"http:\/\/ruuby.ee\/pood\/kodusisustus\/soogituba\/silberthal-klaastilaga-olipudel-urdisoelaga-500-ml\/#primaryimage"},"image":{"@id":"http:\/\/ruuby.ee\/pood\/kodusisustus\/soogituba\/silberthal-klaastilaga-olipudel-urdisoelaga-500-ml\/#primaryimage"},"thumbnailUrl":"http:\/\/ruuby.ee\/wp-content\/uploads\/2023\/06\/IMG_3218.jpeg","datePublished":"2023-06-14T18:02:17+00:00","dateModified":"2026-04-07T22:28:43+00:00","breadcrumb":{"@id":"http:\/\/ruuby.ee\/pood\/kodusisustus\/soogituba\/silberthal-klaastilaga-olipudel-urdisoelaga-500-ml\/#breadcrumb"},"inLanguage":"en-GB","potentialAction":[{"@type":"ReadAction","target":["http:\/\/ruuby.ee\/pood\/kodusisustus\/soogituba\/silberthal-klaastilaga-olipudel-urdisoelaga-500-ml\/"]}]},{"@type":"ImageObject","inLanguage":"en-GB","@id":"http:\/\/ruuby.ee\/pood\/kodusisustus\/soogituba\/silberthal-klaastilaga-olipudel-urdisoelaga-500-ml\/#primaryimage","url":"http:\/\/ruuby.ee\/wp-content\/uploads\/2023\/06\/IMG_3218.jpeg","contentUrl":"http:\/\/ruuby.ee\/wp-content\/uploads\/2023\/06\/IMG_3218.jpeg","width":700,"height":700},{"@type":"BreadcrumbList","@id":"http:\/\/ruuby.ee\/pood\/kodusisustus\/soogituba\/silberthal-klaastilaga-olipudel-urdisoelaga-500-ml\/#breadcrumb","itemListElement":[{"@type":"ListItem","position":1,"name":"Kdu","item":"http:\/\/ruuby.ee\/en\/"},{"@type":"ListItem","position":2,"name":"Pood","item":"http:\/\/ruuby.ee\/en\/pood\/"},{"@type":"ListItem","position":3,"name":"SILBERTHAL: Klaastilaga \u00f5lipudel &#8211; \u00dcrdis\u00f5elaga &#8211; 500 ml"}]},{"@type":"WebSite","@id":"http:\/\/ruuby.ee\/en\/#website","url":"http:\/\/ruuby.ee\/en\/","name":"RUUBY","description":"Ruubys on \u00fchendatud elustiil ja disain","publisher":{"@id":"http:\/\/ruuby.ee\/en\/#organization"},"alternateName":"Ruuby Disain","potentialAction":[{"@type":"SearchAction","target":{"@type":"EntryPoint","urlTemplate":"http:\/\/ruuby.ee\/en\/?s={search_term_string}"},"query-input":{"@type":"PropertyValueSpecification","valueRequired":true,"valueName":"search_term_string"}}],"inLanguage":"en-GB"},{"@type":"Organization","@id":"http:\/\/ruuby.ee\/en\/#organization","name":"Ruuby Disain O\u00dc","alternateName":"Ruuby","url":"http:\/\/ruuby.ee\/en\/","logo":{"@type":"ImageObject","inLanguage":"en-GB","@id":"http:\/\/ruuby.ee\/en\/#\/schema\/logo\/image\/","url":"http:\/\/ruuby.ee\/wp-content\/uploads\/2023\/06\/cropped-Black-White-Elegant-Circle-Signature-Fashion-Logo-12_large.png","contentUrl":"http:\/\/ruuby.ee\/wp-content\/uploads\/2023\/06\/cropped-Black-White-Elegant-Circle-Signature-Fashion-Logo-12_large.png","width":1280,"height":747,"caption":"Ruuby Disain O\u00dc"},"image":{"@id":"http:\/\/ruuby.ee\/en\/#\/schema\/logo\/image\/"},"sameAs":["https:\/\/www.facebook.com\/ruubyconcept","https:\/\/www.instagram.com\/ruuby_concept\/"]}]}},"jetpack_sharing_enabled":true,"_links":{"self":[{"href":"http:\/\/ruuby.ee\/en\/wp-json\/wp\/v2\/product\/1826738","targetHints":{"allow":["GET"]}}],"collection":[{"href":"http:\/\/ruuby.ee\/en\/wp-json\/wp\/v2\/product"}],"about":[{"href":"http:\/\/ruuby.ee\/en\/wp-json\/wp\/v2\/types\/product"}],"replies":[{"embeddable":true,"href":"http:\/\/ruuby.ee\/en\/wp-json\/wp\/v2\/comments?post=1826738"}],"wp:featuredmedia":[{"embeddable":true,"href":"http:\/\/ruuby.ee\/en\/wp-json\/wp\/v2\/media\/1834151"}],"wp:attachment":[{"href":"http:\/\/ruuby.ee\/en\/wp-json\/wp\/v2\/media?parent=1826738"}],"wp:term":[{"taxonomy":"product_brand","embeddable":true,"href":"http:\/\/ruuby.ee\/en\/wp-json\/wp\/v2\/product_brand?post=1826738"},{"taxonomy":"product_cat","embeddable":true,"href":"http:\/\/ruuby.ee\/en\/wp-json\/wp\/v2\/product_cat?post=1826738"},{"taxonomy":"product_tag","embeddable":true,"href":"http:\/\/ruuby.ee\/en\/wp-json\/wp\/v2\/product_tag?post=1826738"}],"curies":[{"name":"wp","href":"https:\/\/api.w.org\/{rel}","templated":true}]}}