{"id":1822246,"date":"2023-06-14T18:02:28","date_gmt":"2023-06-14T18:02:28","guid":{"rendered":"http:\/\/ruuby.ee\/?post_type=product&#038;p=1822246"},"modified":"2026-04-03T01:24:41","modified_gmt":"2026-04-02T22:24:41","slug":"freedom-moses-laste-sandaalid-bubble-gum","status":"publish","type":"product","link":"http:\/\/ruuby.ee\/en\/pood\/jalanoud\/sandaalid\/freedom-moses-laste-sandaalid-bubble-gum\/","title":{"rendered":"Freedom Moses laste sandaalid, BUBBLE GUM"},"content":{"rendered":"<p>Mis on suvi ilma Freedom Mosese sandaalideta? Need on m\u00f5nusalt pehmed sandaalid, mis on t\u00e4idetud \u00f5huga. Seega ei pane sa t\u00e4helegi, et midagi on jala otsas. Veekindel materjal, pandlad on fikseeritud ja hooldamiseks vajalik vaid vesi ja lapp!<\/p>\n<p>Meie vegan sandaalid peegeldavad seda, kuidas me maailmaga \u00fchenduses oleme \u2013 austuse, armastuse ja vabadusega. Iga meie tehtud sandaal sisaldab neid v\u00e4\u00e4rtusi. Stressivaba, vastutustundlik ja t\u00e4helepanelik. Olete kuulnud terminit \u00f6kos\u00f5dalane, eks? Eelistame \u00f6kok\u00f5ndijat. Muudame maailma paremaks iga teie sammuga!<\/p>\n<p>Suurep\u00e4rane v\u00e4rvide valik nii lastele kui t\u00e4iskasvanutele ning ka m\u00f5nusalt rahulikke toone!<br \/>\nVeekindel materjal (sustainable PCU) ja ei libise.<\/p>","protected":false},"excerpt":{"rendered":"<p>Mis on suvi ilma Freedom Mosese sandaalideta? Need on m\u00f5nusalt pehmed sandaalid, mis on t\u00e4idetud \u00f5huga. Seega ei pane sa t\u00e4helegi, et midagi on jala otsas. Veekindel materjal, pandlad on fikseeritud ja hooldamiseks vajalik vaid vesi ja lapp! Meie vegan sandaalid peegeldavad seda, kuidas me maailmaga \u00fchenduses oleme \u2013 austuse, armastuse ja vabadusega. Iga meie [&hellip;]<\/p>\n","protected":false},"featured_media":1834227,"comment_status":"open","ping_status":"closed","template":"","meta":[],"product_brand":[],"product_cat":[39,22,652],"product_tag":[],"class_list":{"0":"post-1822246","1":"product","2":"type-product","3":"status-publish","4":"has-post-thumbnail","6":"product_cat-jalanoud","7":"product_cat-lapsed","8":"product_cat-sandaalid","10":"first","11":"instock","12":"sale","13":"taxable","14":"shipping-taxable","15":"purchasable","16":"product-type-variable","17":"rtwpvs-product"},"yoast_head":"<!-- This site is optimized with the Yoast SEO plugin v27.2 - https:\/\/yoast.com\/product\/yoast-seo-wordpress\/ -->\n<title>Freedom Moses laste sandaalid, BUBBLE GUM - RUUBY<\/title>\n<meta name=\"robots\" content=\"index, follow, max-snippet:-1, max-image-preview:large, max-video-preview:-1\" \/>\n<link rel=\"canonical\" href=\"http:\/\/ruuby.ee\/en\/pood\/jalanoud\/sandaalid\/freedom-moses-laste-sandaalid-bubble-gum\/\" \/>\n<meta property=\"og:locale\" content=\"en_GB\" \/>\n<meta property=\"og:type\" content=\"article\" \/>\n<meta property=\"og:title\" content=\"Freedom Moses laste sandaalid, BUBBLE GUM - RUUBY\" \/>\n<meta property=\"og:description\" content=\"Mis on suvi ilma Freedom Mosese sandaalideta? Need on m\u00f5nusalt pehmed sandaalid, mis on t\u00e4idetud \u00f5huga. Seega ei pane sa t\u00e4helegi, et midagi on jala otsas. Veekindel materjal, pandlad on fikseeritud ja hooldamiseks vajalik vaid vesi ja lapp! Meie vegan sandaalid peegeldavad seda, kuidas me maailmaga \u00fchenduses oleme \u2013 austuse, armastuse ja vabadusega. Iga meie [&hellip;]\" \/>\n<meta property=\"og:url\" content=\"http:\/\/ruuby.ee\/en\/pood\/jalanoud\/sandaalid\/freedom-moses-laste-sandaalid-bubble-gum\/\" \/>\n<meta property=\"og:site_name\" content=\"RUUBY\" \/>\n<meta property=\"article:publisher\" content=\"https:\/\/www.facebook.com\/ruubyconcept\" \/>\n<meta property=\"article:modified_time\" content=\"2026-04-02T22:24:41+00:00\" \/>\n<meta property=\"og:image\" content=\"http:\/\/ruuby.ee\/wp-content\/uploads\/2023\/06\/Screenshot202023-05-2920at2021.46.09.png\" \/>\n\t<meta property=\"og:image:width\" content=\"330\" \/>\n\t<meta property=\"og:image:height\" content=\"322\" \/>\n\t<meta property=\"og:image:type\" content=\"image\/png\" \/>\n<meta name=\"twitter:card\" content=\"summary_large_image\" \/>\n<meta name=\"twitter:label1\" content=\"Estimated reading time\" \/>\n\t<meta name=\"twitter:data1\" content=\"1 minute\" \/>\n<script type=\"application\/ld+json\" class=\"yoast-schema-graph\">{\"@context\":\"https:\/\/schema.org\",\"@graph\":[{\"@type\":[\"WebPage\",\"ItemPage\"],\"@id\":\"http:\/\/ruuby.ee\/en\/pood\/jalanoud\/sandaalid\/freedom-moses-laste-sandaalid-bubble-gum\/\",\"url\":\"http:\/\/ruuby.ee\/en\/pood\/jalanoud\/sandaalid\/freedom-moses-laste-sandaalid-bubble-gum\/\",\"name\":\"Freedom Moses laste sandaalid, BUBBLE GUM - RUUBY\",\"isPartOf\":{\"@id\":\"https:\/\/ruuby.ee\/en\/#website\"},\"primaryImageOfPage\":{\"@id\":\"http:\/\/ruuby.ee\/en\/pood\/jalanoud\/sandaalid\/freedom-moses-laste-sandaalid-bubble-gum\/#primaryimage\"},\"image\":{\"@id\":\"http:\/\/ruuby.ee\/en\/pood\/jalanoud\/sandaalid\/freedom-moses-laste-sandaalid-bubble-gum\/#primaryimage\"},\"thumbnailUrl\":\"http:\/\/ruuby.ee\/wp-content\/uploads\/2023\/06\/Screenshot202023-05-2920at2021.46.09.png\",\"datePublished\":\"2023-06-14T18:02:28+00:00\",\"dateModified\":\"2026-04-02T22:24:41+00:00\",\"breadcrumb\":{\"@id\":\"http:\/\/ruuby.ee\/en\/pood\/jalanoud\/sandaalid\/freedom-moses-laste-sandaalid-bubble-gum\/#breadcrumb\"},\"inLanguage\":\"en-GB\",\"potentialAction\":[{\"@type\":\"ReadAction\",\"target\":[\"http:\/\/ruuby.ee\/en\/pood\/jalanoud\/sandaalid\/freedom-moses-laste-sandaalid-bubble-gum\/\"]}]},{\"@type\":\"ImageObject\",\"inLanguage\":\"en-GB\",\"@id\":\"http:\/\/ruuby.ee\/en\/pood\/jalanoud\/sandaalid\/freedom-moses-laste-sandaalid-bubble-gum\/#primaryimage\",\"url\":\"http:\/\/ruuby.ee\/wp-content\/uploads\/2023\/06\/Screenshot202023-05-2920at2021.46.09.png\",\"contentUrl\":\"http:\/\/ruuby.ee\/wp-content\/uploads\/2023\/06\/Screenshot202023-05-2920at2021.46.09.png\",\"width\":330,\"height\":322},{\"@type\":\"BreadcrumbList\",\"@id\":\"http:\/\/ruuby.ee\/en\/pood\/jalanoud\/sandaalid\/freedom-moses-laste-sandaalid-bubble-gum\/#breadcrumb\",\"itemListElement\":[{\"@type\":\"ListItem\",\"position\":1,\"name\":\"Kdu\",\"item\":\"https:\/\/ruuby.ee\/en\/\"},{\"@type\":\"ListItem\",\"position\":2,\"name\":\"Pood\",\"item\":\"https:\/\/ruuby.ee\/pood\/\"},{\"@type\":\"ListItem\",\"position\":3,\"name\":\"Freedom Moses laste sandaalid, BUBBLE GUM\"}]},{\"@type\":\"WebSite\",\"@id\":\"https:\/\/ruuby.ee\/en\/#website\",\"url\":\"https:\/\/ruuby.ee\/en\/\",\"name\":\"RUUBY\",\"description\":\"Ruubys on \u00fchendatud elustiil ja disain\",\"publisher\":{\"@id\":\"https:\/\/ruuby.ee\/en\/#organization\"},\"alternateName\":\"Ruuby Disain\",\"potentialAction\":[{\"@type\":\"SearchAction\",\"target\":{\"@type\":\"EntryPoint\",\"urlTemplate\":\"https:\/\/ruuby.ee\/en\/?s={search_term_string}\"},\"query-input\":{\"@type\":\"PropertyValueSpecification\",\"valueRequired\":true,\"valueName\":\"search_term_string\"}}],\"inLanguage\":\"en-GB\"},{\"@type\":\"Organization\",\"@id\":\"https:\/\/ruuby.ee\/en\/#organization\",\"name\":\"Ruuby Disain O\u00dc\",\"alternateName\":\"Ruuby\",\"url\":\"https:\/\/ruuby.ee\/en\/\",\"logo\":{\"@type\":\"ImageObject\",\"inLanguage\":\"en-GB\",\"@id\":\"https:\/\/ruuby.ee\/en\/#\/schema\/logo\/image\/\",\"url\":\"http:\/\/ruuby.ee\/wp-content\/uploads\/2023\/06\/cropped-Black-White-Elegant-Circle-Signature-Fashion-Logo-12_large.png\",\"contentUrl\":\"http:\/\/ruuby.ee\/wp-content\/uploads\/2023\/06\/cropped-Black-White-Elegant-Circle-Signature-Fashion-Logo-12_large.png\",\"width\":1280,\"height\":747,\"caption\":\"Ruuby Disain O\u00dc\"},\"image\":{\"@id\":\"https:\/\/ruuby.ee\/en\/#\/schema\/logo\/image\/\"},\"sameAs\":[\"https:\/\/www.facebook.com\/ruubyconcept\",\"https:\/\/www.instagram.com\/ruuby_concept\/\"]}]}<\/script>\n<!-- \/ Yoast SEO plugin. -->","yoast_head_json":{"title":"Freedom Moses laste sandaalid, BUBBLE GUM - RUUBY","robots":{"index":"index","follow":"follow","max-snippet":"max-snippet:-1","max-image-preview":"max-image-preview:large","max-video-preview":"max-video-preview:-1"},"canonical":"http:\/\/ruuby.ee\/en\/pood\/jalanoud\/sandaalid\/freedom-moses-laste-sandaalid-bubble-gum\/","og_locale":"en_GB","og_type":"article","og_title":"Freedom Moses laste sandaalid, BUBBLE GUM - RUUBY","og_description":"Mis on suvi ilma Freedom Mosese sandaalideta? Need on m\u00f5nusalt pehmed sandaalid, mis on t\u00e4idetud \u00f5huga. Seega ei pane sa t\u00e4helegi, et midagi on jala otsas. Veekindel materjal, pandlad on fikseeritud ja hooldamiseks vajalik vaid vesi ja lapp! Meie vegan sandaalid peegeldavad seda, kuidas me maailmaga \u00fchenduses oleme \u2013 austuse, armastuse ja vabadusega. Iga meie [&hellip;]","og_url":"http:\/\/ruuby.ee\/en\/pood\/jalanoud\/sandaalid\/freedom-moses-laste-sandaalid-bubble-gum\/","og_site_name":"RUUBY","article_publisher":"https:\/\/www.facebook.com\/ruubyconcept","article_modified_time":"2026-04-02T22:24:41+00:00","og_image":[{"width":330,"height":322,"url":"http:\/\/ruuby.ee\/wp-content\/uploads\/2023\/06\/Screenshot202023-05-2920at2021.46.09.png","type":"image\/png"}],"twitter_card":"summary_large_image","twitter_misc":{"Estimated reading time":"1 minute"},"schema":{"@context":"https:\/\/schema.org","@graph":[{"@type":["WebPage","ItemPage"],"@id":"http:\/\/ruuby.ee\/en\/pood\/jalanoud\/sandaalid\/freedom-moses-laste-sandaalid-bubble-gum\/","url":"http:\/\/ruuby.ee\/en\/pood\/jalanoud\/sandaalid\/freedom-moses-laste-sandaalid-bubble-gum\/","name":"Freedom Moses laste sandaalid, BUBBLE GUM - RUUBY","isPartOf":{"@id":"https:\/\/ruuby.ee\/en\/#website"},"primaryImageOfPage":{"@id":"http:\/\/ruuby.ee\/en\/pood\/jalanoud\/sandaalid\/freedom-moses-laste-sandaalid-bubble-gum\/#primaryimage"},"image":{"@id":"http:\/\/ruuby.ee\/en\/pood\/jalanoud\/sandaalid\/freedom-moses-laste-sandaalid-bubble-gum\/#primaryimage"},"thumbnailUrl":"http:\/\/ruuby.ee\/wp-content\/uploads\/2023\/06\/Screenshot202023-05-2920at2021.46.09.png","datePublished":"2023-06-14T18:02:28+00:00","dateModified":"2026-04-02T22:24:41+00:00","breadcrumb":{"@id":"http:\/\/ruuby.ee\/en\/pood\/jalanoud\/sandaalid\/freedom-moses-laste-sandaalid-bubble-gum\/#breadcrumb"},"inLanguage":"en-GB","potentialAction":[{"@type":"ReadAction","target":["http:\/\/ruuby.ee\/en\/pood\/jalanoud\/sandaalid\/freedom-moses-laste-sandaalid-bubble-gum\/"]}]},{"@type":"ImageObject","inLanguage":"en-GB","@id":"http:\/\/ruuby.ee\/en\/pood\/jalanoud\/sandaalid\/freedom-moses-laste-sandaalid-bubble-gum\/#primaryimage","url":"http:\/\/ruuby.ee\/wp-content\/uploads\/2023\/06\/Screenshot202023-05-2920at2021.46.09.png","contentUrl":"http:\/\/ruuby.ee\/wp-content\/uploads\/2023\/06\/Screenshot202023-05-2920at2021.46.09.png","width":330,"height":322},{"@type":"BreadcrumbList","@id":"http:\/\/ruuby.ee\/en\/pood\/jalanoud\/sandaalid\/freedom-moses-laste-sandaalid-bubble-gum\/#breadcrumb","itemListElement":[{"@type":"ListItem","position":1,"name":"Kdu","item":"https:\/\/ruuby.ee\/en\/"},{"@type":"ListItem","position":2,"name":"Pood","item":"https:\/\/ruuby.ee\/pood\/"},{"@type":"ListItem","position":3,"name":"Freedom Moses laste sandaalid, BUBBLE GUM"}]},{"@type":"WebSite","@id":"https:\/\/ruuby.ee\/en\/#website","url":"https:\/\/ruuby.ee\/en\/","name":"RUUBY","description":"Ruubys on \u00fchendatud elustiil ja disain","publisher":{"@id":"https:\/\/ruuby.ee\/en\/#organization"},"alternateName":"Ruuby Disain","potentialAction":[{"@type":"SearchAction","target":{"@type":"EntryPoint","urlTemplate":"https:\/\/ruuby.ee\/en\/?s={search_term_string}"},"query-input":{"@type":"PropertyValueSpecification","valueRequired":true,"valueName":"search_term_string"}}],"inLanguage":"en-GB"},{"@type":"Organization","@id":"https:\/\/ruuby.ee\/en\/#organization","name":"Ruuby Disain O\u00dc","alternateName":"Ruuby","url":"https:\/\/ruuby.ee\/en\/","logo":{"@type":"ImageObject","inLanguage":"en-GB","@id":"https:\/\/ruuby.ee\/en\/#\/schema\/logo\/image\/","url":"http:\/\/ruuby.ee\/wp-content\/uploads\/2023\/06\/cropped-Black-White-Elegant-Circle-Signature-Fashion-Logo-12_large.png","contentUrl":"http:\/\/ruuby.ee\/wp-content\/uploads\/2023\/06\/cropped-Black-White-Elegant-Circle-Signature-Fashion-Logo-12_large.png","width":1280,"height":747,"caption":"Ruuby Disain O\u00dc"},"image":{"@id":"https:\/\/ruuby.ee\/en\/#\/schema\/logo\/image\/"},"sameAs":["https:\/\/www.facebook.com\/ruubyconcept","https:\/\/www.instagram.com\/ruuby_concept\/"]}]}},"jetpack_sharing_enabled":true,"_links":{"self":[{"href":"http:\/\/ruuby.ee\/en\/wp-json\/wp\/v2\/product\/1822246","targetHints":{"allow":["GET"]}}],"collection":[{"href":"http:\/\/ruuby.ee\/en\/wp-json\/wp\/v2\/product"}],"about":[{"href":"http:\/\/ruuby.ee\/en\/wp-json\/wp\/v2\/types\/product"}],"replies":[{"embeddable":true,"href":"http:\/\/ruuby.ee\/en\/wp-json\/wp\/v2\/comments?post=1822246"}],"wp:featuredmedia":[{"embeddable":true,"href":"http:\/\/ruuby.ee\/en\/wp-json\/wp\/v2\/media\/1834227"}],"wp:attachment":[{"href":"http:\/\/ruuby.ee\/en\/wp-json\/wp\/v2\/media?parent=1822246"}],"wp:term":[{"taxonomy":"product_brand","embeddable":true,"href":"http:\/\/ruuby.ee\/en\/wp-json\/wp\/v2\/product_brand?post=1822246"},{"taxonomy":"product_cat","embeddable":true,"href":"http:\/\/ruuby.ee\/en\/wp-json\/wp\/v2\/product_cat?post=1822246"},{"taxonomy":"product_tag","embeddable":true,"href":"http:\/\/ruuby.ee\/en\/wp-json\/wp\/v2\/product_tag?post=1822246"}],"curies":[{"name":"wp","href":"https:\/\/api.w.org\/{rel}","templated":true}]}}