{"id":1814814,"date":"2023-06-14T21:02:07","date_gmt":"2023-06-14T18:02:07","guid":{"rendered":"http:\/\/ruuby.ee\/?post_type=product&#038;p=1814814"},"modified":"2026-04-03T01:24:41","modified_gmt":"2026-04-02T22:24:41","slug":"nailmatic-kuunelakk-neoonkorall","status":"publish","type":"product","link":"http:\/\/ruuby.ee\/en\/pood\/lapsed\/laste-kosmeetika\/kuunelakk\/nailmatic-kuunelakk-neoonkorall\/","title":{"rendered":"Nailmatic k\u00fc\u00fcnelakk &#8211; FLAMINGO"},"content":{"rendered":"<p>Flamingo reeglid! See neoonp\u00e4rlikorall muudab teie laste manik\u00fc\u00fcripeod vau-hetkedeks! Pestav leige seebiveega.<\/p>\n<p>Lastele m\u00f5eldud k\u00fc\u00fcnelakk: 54% vesi, 100% l\u00f5bus<\/p>\n<p>Flamingo on neoonp\u00e4rliv\u00e4rvi koralli k\u00fc\u00fcnelakk, mis on valmistatud veega.<br \/>\n\u00c4ge: lihtne peale kanda, kaob sooja seebiveega (v\u00f5i otse vanni ajal).<br \/>\nFlamingo \u2013 p\u00e4rlmutterneoonkorall<br \/>\nFlamingo ei m\u00e4\u00e4ri. Kui lakk satub riietele v\u00f5i kangale, peske see otse maha.<\/p>\n<p>Kas soovite rohkem v\u00e4rve? Hankige neile lastekomplekt.<\/p>\n<p>3-aastastele ja vanematele lastele.<\/p>","protected":false},"excerpt":{"rendered":"<p>Flamingo reeglid! See neoonp\u00e4rlikorall muudab teie laste manik\u00fc\u00fcripeod vau-hetkedeks! Pestav leige seebiveega. Lastele m\u00f5eldud k\u00fc\u00fcnelakk: 54% vesi, 100% l\u00f5bus Flamingo on neoonp\u00e4rliv\u00e4rvi koralli k\u00fc\u00fcnelakk, mis on valmistatud veega. \u00c4ge: lihtne peale kanda, kaob sooja seebiveega (v\u00f5i otse vanni ajal). Flamingo \u2013 p\u00e4rlmutterneoonkorall Flamingo ei m\u00e4\u00e4ri. Kui lakk satub riietele v\u00f5i kangale, peske see otse maha. [&hellip;]<\/p>\n","protected":false},"featured_media":1829690,"comment_status":"open","ping_status":"closed","template":"","meta":[],"product_brand":[],"product_cat":[655,22,344],"product_tag":[],"class_list":{"0":"post-1814814","1":"product","2":"type-product","3":"status-publish","4":"has-post-thumbnail","6":"product_cat-kuunelakk","7":"product_cat-lapsed","8":"product_cat-laste-kosmeetika","10":"first","11":"instock","12":"taxable","13":"shipping-taxable","14":"purchasable","15":"product-type-simple"},"yoast_head":"<!-- This site is optimized with the Yoast SEO plugin v27.2 - https:\/\/yoast.com\/product\/yoast-seo-wordpress\/ -->\n<title>Nailmatic k\u00fc\u00fcnelakk - FLAMINGO - RUUBY<\/title>\n<meta name=\"robots\" content=\"index, follow, max-snippet:-1, max-image-preview:large, max-video-preview:-1\" \/>\n<link rel=\"canonical\" href=\"http:\/\/ruuby.ee\/en\/pood\/lapsed\/laste-kosmeetika\/kuunelakk\/nailmatic-kuunelakk-neoonkorall\/\" \/>\n<meta property=\"og:locale\" content=\"en_GB\" \/>\n<meta property=\"og:type\" content=\"article\" \/>\n<meta property=\"og:title\" content=\"Nailmatic k\u00fc\u00fcnelakk - FLAMINGO - RUUBY\" \/>\n<meta property=\"og:description\" content=\"Flamingo reeglid! See neoonp\u00e4rlikorall muudab teie laste manik\u00fc\u00fcripeod vau-hetkedeks! Pestav leige seebiveega. Lastele m\u00f5eldud k\u00fc\u00fcnelakk: 54% vesi, 100% l\u00f5bus Flamingo on neoonp\u00e4rliv\u00e4rvi koralli k\u00fc\u00fcnelakk, mis on valmistatud veega. \u00c4ge: lihtne peale kanda, kaob sooja seebiveega (v\u00f5i otse vanni ajal). Flamingo \u2013 p\u00e4rlmutterneoonkorall Flamingo ei m\u00e4\u00e4ri. Kui lakk satub riietele v\u00f5i kangale, peske see otse maha. [&hellip;]\" \/>\n<meta property=\"og:url\" content=\"http:\/\/ruuby.ee\/en\/pood\/lapsed\/laste-kosmeetika\/kuunelakk\/nailmatic-kuunelakk-neoonkorall\/\" \/>\n<meta property=\"og:site_name\" content=\"RUUBY\" \/>\n<meta property=\"article:publisher\" content=\"https:\/\/www.facebook.com\/ruubyconcept\" \/>\n<meta property=\"article:modified_time\" content=\"2026-04-02T22:24:41+00:00\" \/>\n<meta property=\"og:image\" content=\"http:\/\/ruuby.ee\/wp-content\/uploads\/2023\/06\/IMG_2641.jpeg\" \/>\n\t<meta property=\"og:image:width\" content=\"1548\" \/>\n\t<meta property=\"og:image:height\" content=\"1548\" \/>\n\t<meta property=\"og:image:type\" content=\"image\/jpeg\" \/>\n<meta name=\"twitter:card\" content=\"summary_large_image\" \/>\n<meta name=\"twitter:label1\" content=\"Estimated reading time\" \/>\n\t<meta name=\"twitter:data1\" content=\"1 minute\" \/>\n<script type=\"application\/ld+json\" class=\"yoast-schema-graph\">{\"@context\":\"https:\/\/schema.org\",\"@graph\":[{\"@type\":[\"WebPage\",\"ItemPage\"],\"@id\":\"http:\/\/ruuby.ee\/en\/pood\/lapsed\/laste-kosmeetika\/kuunelakk\/nailmatic-kuunelakk-neoonkorall\/\",\"url\":\"http:\/\/ruuby.ee\/en\/pood\/lapsed\/laste-kosmeetika\/kuunelakk\/nailmatic-kuunelakk-neoonkorall\/\",\"name\":\"Nailmatic k\u00fc\u00fcnelakk - FLAMINGO - RUUBY\",\"isPartOf\":{\"@id\":\"https:\/\/ruuby.ee\/en\/#website\"},\"primaryImageOfPage\":{\"@id\":\"http:\/\/ruuby.ee\/en\/pood\/lapsed\/laste-kosmeetika\/kuunelakk\/nailmatic-kuunelakk-neoonkorall\/#primaryimage\"},\"image\":{\"@id\":\"http:\/\/ruuby.ee\/en\/pood\/lapsed\/laste-kosmeetika\/kuunelakk\/nailmatic-kuunelakk-neoonkorall\/#primaryimage\"},\"thumbnailUrl\":\"http:\/\/ruuby.ee\/wp-content\/uploads\/2023\/06\/IMG_2641.jpeg\",\"datePublished\":\"2023-06-14T18:02:07+00:00\",\"dateModified\":\"2026-04-02T22:24:41+00:00\",\"breadcrumb\":{\"@id\":\"http:\/\/ruuby.ee\/en\/pood\/lapsed\/laste-kosmeetika\/kuunelakk\/nailmatic-kuunelakk-neoonkorall\/#breadcrumb\"},\"inLanguage\":\"en-GB\",\"potentialAction\":[{\"@type\":\"ReadAction\",\"target\":[\"http:\/\/ruuby.ee\/en\/pood\/lapsed\/laste-kosmeetika\/kuunelakk\/nailmatic-kuunelakk-neoonkorall\/\"]}]},{\"@type\":\"ImageObject\",\"inLanguage\":\"en-GB\",\"@id\":\"http:\/\/ruuby.ee\/en\/pood\/lapsed\/laste-kosmeetika\/kuunelakk\/nailmatic-kuunelakk-neoonkorall\/#primaryimage\",\"url\":\"http:\/\/ruuby.ee\/wp-content\/uploads\/2023\/06\/IMG_2641.jpeg\",\"contentUrl\":\"http:\/\/ruuby.ee\/wp-content\/uploads\/2023\/06\/IMG_2641.jpeg\",\"width\":1548,\"height\":1548},{\"@type\":\"BreadcrumbList\",\"@id\":\"http:\/\/ruuby.ee\/en\/pood\/lapsed\/laste-kosmeetika\/kuunelakk\/nailmatic-kuunelakk-neoonkorall\/#breadcrumb\",\"itemListElement\":[{\"@type\":\"ListItem\",\"position\":1,\"name\":\"Kdu\",\"item\":\"https:\/\/ruuby.ee\/en\/\"},{\"@type\":\"ListItem\",\"position\":2,\"name\":\"Pood\",\"item\":\"https:\/\/ruuby.ee\/pood\/\"},{\"@type\":\"ListItem\",\"position\":3,\"name\":\"Nailmatic k\u00fc\u00fcnelakk &#8211; FLAMINGO\"}]},{\"@type\":\"WebSite\",\"@id\":\"https:\/\/ruuby.ee\/en\/#website\",\"url\":\"https:\/\/ruuby.ee\/en\/\",\"name\":\"RUUBY\",\"description\":\"Ruubys on \u00fchendatud elustiil ja disain\",\"publisher\":{\"@id\":\"https:\/\/ruuby.ee\/en\/#organization\"},\"alternateName\":\"Ruuby Disain\",\"potentialAction\":[{\"@type\":\"SearchAction\",\"target\":{\"@type\":\"EntryPoint\",\"urlTemplate\":\"https:\/\/ruuby.ee\/en\/?s={search_term_string}\"},\"query-input\":{\"@type\":\"PropertyValueSpecification\",\"valueRequired\":true,\"valueName\":\"search_term_string\"}}],\"inLanguage\":\"en-GB\"},{\"@type\":\"Organization\",\"@id\":\"https:\/\/ruuby.ee\/en\/#organization\",\"name\":\"Ruuby Disain O\u00dc\",\"alternateName\":\"Ruuby\",\"url\":\"https:\/\/ruuby.ee\/en\/\",\"logo\":{\"@type\":\"ImageObject\",\"inLanguage\":\"en-GB\",\"@id\":\"https:\/\/ruuby.ee\/en\/#\/schema\/logo\/image\/\",\"url\":\"http:\/\/ruuby.ee\/wp-content\/uploads\/2023\/06\/cropped-Black-White-Elegant-Circle-Signature-Fashion-Logo-12_large.png\",\"contentUrl\":\"http:\/\/ruuby.ee\/wp-content\/uploads\/2023\/06\/cropped-Black-White-Elegant-Circle-Signature-Fashion-Logo-12_large.png\",\"width\":1280,\"height\":747,\"caption\":\"Ruuby Disain O\u00dc\"},\"image\":{\"@id\":\"https:\/\/ruuby.ee\/en\/#\/schema\/logo\/image\/\"},\"sameAs\":[\"https:\/\/www.facebook.com\/ruubyconcept\",\"https:\/\/www.instagram.com\/ruuby_concept\/\"]}]}<\/script>\n<!-- \/ Yoast SEO plugin. -->","yoast_head_json":{"title":"Nailmatic k\u00fc\u00fcnelakk - FLAMINGO - RUUBY","robots":{"index":"index","follow":"follow","max-snippet":"max-snippet:-1","max-image-preview":"max-image-preview:large","max-video-preview":"max-video-preview:-1"},"canonical":"http:\/\/ruuby.ee\/en\/pood\/lapsed\/laste-kosmeetika\/kuunelakk\/nailmatic-kuunelakk-neoonkorall\/","og_locale":"en_GB","og_type":"article","og_title":"Nailmatic k\u00fc\u00fcnelakk - FLAMINGO - RUUBY","og_description":"Flamingo reeglid! See neoonp\u00e4rlikorall muudab teie laste manik\u00fc\u00fcripeod vau-hetkedeks! Pestav leige seebiveega. Lastele m\u00f5eldud k\u00fc\u00fcnelakk: 54% vesi, 100% l\u00f5bus Flamingo on neoonp\u00e4rliv\u00e4rvi koralli k\u00fc\u00fcnelakk, mis on valmistatud veega. \u00c4ge: lihtne peale kanda, kaob sooja seebiveega (v\u00f5i otse vanni ajal). Flamingo \u2013 p\u00e4rlmutterneoonkorall Flamingo ei m\u00e4\u00e4ri. Kui lakk satub riietele v\u00f5i kangale, peske see otse maha. [&hellip;]","og_url":"http:\/\/ruuby.ee\/en\/pood\/lapsed\/laste-kosmeetika\/kuunelakk\/nailmatic-kuunelakk-neoonkorall\/","og_site_name":"RUUBY","article_publisher":"https:\/\/www.facebook.com\/ruubyconcept","article_modified_time":"2026-04-02T22:24:41+00:00","og_image":[{"width":1548,"height":1548,"url":"http:\/\/ruuby.ee\/wp-content\/uploads\/2023\/06\/IMG_2641.jpeg","type":"image\/jpeg"}],"twitter_card":"summary_large_image","twitter_misc":{"Estimated reading time":"1 minute"},"schema":{"@context":"https:\/\/schema.org","@graph":[{"@type":["WebPage","ItemPage"],"@id":"http:\/\/ruuby.ee\/en\/pood\/lapsed\/laste-kosmeetika\/kuunelakk\/nailmatic-kuunelakk-neoonkorall\/","url":"http:\/\/ruuby.ee\/en\/pood\/lapsed\/laste-kosmeetika\/kuunelakk\/nailmatic-kuunelakk-neoonkorall\/","name":"Nailmatic k\u00fc\u00fcnelakk - FLAMINGO - RUUBY","isPartOf":{"@id":"https:\/\/ruuby.ee\/en\/#website"},"primaryImageOfPage":{"@id":"http:\/\/ruuby.ee\/en\/pood\/lapsed\/laste-kosmeetika\/kuunelakk\/nailmatic-kuunelakk-neoonkorall\/#primaryimage"},"image":{"@id":"http:\/\/ruuby.ee\/en\/pood\/lapsed\/laste-kosmeetika\/kuunelakk\/nailmatic-kuunelakk-neoonkorall\/#primaryimage"},"thumbnailUrl":"http:\/\/ruuby.ee\/wp-content\/uploads\/2023\/06\/IMG_2641.jpeg","datePublished":"2023-06-14T18:02:07+00:00","dateModified":"2026-04-02T22:24:41+00:00","breadcrumb":{"@id":"http:\/\/ruuby.ee\/en\/pood\/lapsed\/laste-kosmeetika\/kuunelakk\/nailmatic-kuunelakk-neoonkorall\/#breadcrumb"},"inLanguage":"en-GB","potentialAction":[{"@type":"ReadAction","target":["http:\/\/ruuby.ee\/en\/pood\/lapsed\/laste-kosmeetika\/kuunelakk\/nailmatic-kuunelakk-neoonkorall\/"]}]},{"@type":"ImageObject","inLanguage":"en-GB","@id":"http:\/\/ruuby.ee\/en\/pood\/lapsed\/laste-kosmeetika\/kuunelakk\/nailmatic-kuunelakk-neoonkorall\/#primaryimage","url":"http:\/\/ruuby.ee\/wp-content\/uploads\/2023\/06\/IMG_2641.jpeg","contentUrl":"http:\/\/ruuby.ee\/wp-content\/uploads\/2023\/06\/IMG_2641.jpeg","width":1548,"height":1548},{"@type":"BreadcrumbList","@id":"http:\/\/ruuby.ee\/en\/pood\/lapsed\/laste-kosmeetika\/kuunelakk\/nailmatic-kuunelakk-neoonkorall\/#breadcrumb","itemListElement":[{"@type":"ListItem","position":1,"name":"Kdu","item":"https:\/\/ruuby.ee\/en\/"},{"@type":"ListItem","position":2,"name":"Pood","item":"https:\/\/ruuby.ee\/pood\/"},{"@type":"ListItem","position":3,"name":"Nailmatic k\u00fc\u00fcnelakk &#8211; FLAMINGO"}]},{"@type":"WebSite","@id":"https:\/\/ruuby.ee\/en\/#website","url":"https:\/\/ruuby.ee\/en\/","name":"RUUBY","description":"Ruubys on \u00fchendatud elustiil ja disain","publisher":{"@id":"https:\/\/ruuby.ee\/en\/#organization"},"alternateName":"Ruuby Disain","potentialAction":[{"@type":"SearchAction","target":{"@type":"EntryPoint","urlTemplate":"https:\/\/ruuby.ee\/en\/?s={search_term_string}"},"query-input":{"@type":"PropertyValueSpecification","valueRequired":true,"valueName":"search_term_string"}}],"inLanguage":"en-GB"},{"@type":"Organization","@id":"https:\/\/ruuby.ee\/en\/#organization","name":"Ruuby Disain O\u00dc","alternateName":"Ruuby","url":"https:\/\/ruuby.ee\/en\/","logo":{"@type":"ImageObject","inLanguage":"en-GB","@id":"https:\/\/ruuby.ee\/en\/#\/schema\/logo\/image\/","url":"http:\/\/ruuby.ee\/wp-content\/uploads\/2023\/06\/cropped-Black-White-Elegant-Circle-Signature-Fashion-Logo-12_large.png","contentUrl":"http:\/\/ruuby.ee\/wp-content\/uploads\/2023\/06\/cropped-Black-White-Elegant-Circle-Signature-Fashion-Logo-12_large.png","width":1280,"height":747,"caption":"Ruuby Disain O\u00dc"},"image":{"@id":"https:\/\/ruuby.ee\/en\/#\/schema\/logo\/image\/"},"sameAs":["https:\/\/www.facebook.com\/ruubyconcept","https:\/\/www.instagram.com\/ruuby_concept\/"]}]}},"jetpack_sharing_enabled":true,"_links":{"self":[{"href":"http:\/\/ruuby.ee\/en\/wp-json\/wp\/v2\/product\/1814814","targetHints":{"allow":["GET"]}}],"collection":[{"href":"http:\/\/ruuby.ee\/en\/wp-json\/wp\/v2\/product"}],"about":[{"href":"http:\/\/ruuby.ee\/en\/wp-json\/wp\/v2\/types\/product"}],"replies":[{"embeddable":true,"href":"http:\/\/ruuby.ee\/en\/wp-json\/wp\/v2\/comments?post=1814814"}],"wp:featuredmedia":[{"embeddable":true,"href":"http:\/\/ruuby.ee\/en\/wp-json\/wp\/v2\/media\/1829690"}],"wp:attachment":[{"href":"http:\/\/ruuby.ee\/en\/wp-json\/wp\/v2\/media?parent=1814814"}],"wp:term":[{"taxonomy":"product_brand","embeddable":true,"href":"http:\/\/ruuby.ee\/en\/wp-json\/wp\/v2\/product_brand?post=1814814"},{"taxonomy":"product_cat","embeddable":true,"href":"http:\/\/ruuby.ee\/en\/wp-json\/wp\/v2\/product_cat?post=1814814"},{"taxonomy":"product_tag","embeddable":true,"href":"http:\/\/ruuby.ee\/en\/wp-json\/wp\/v2\/product_tag?post=1814814"}],"curies":[{"name":"wp","href":"https:\/\/api.w.org\/{rel}","templated":true}]}}