{"id":1791125,"date":"2023-06-14T21:02:16","date_gmt":"2023-06-14T18:02:16","guid":{"rendered":"http:\/\/ruuby.ee\/?post_type=product&#038;p=1791125"},"modified":"2026-04-08T01:28:43","modified_gmt":"2026-04-07T22:28:43","slug":"baby-d-morning-light-uus-kevad-suvi-kollektsioon","status":"publish","type":"product","link":"http:\/\/ruuby.ee\/en\/pood\/aksessuaarid\/prillid\/izipizi-sun-baby\/baby-d-morning-light-uus-kevad-suvi-kollektsioon\/","title":{"rendered":"IZIPIZI BABY #D p\u00e4ikeseprillid &#8211; Morning Light"},"content":{"rendered":"<p>UUS kevad-suvi kollektsioon!<\/p>\n<p>Nagu unen\u00e4os, viib meie 2023. aasta kevad-suvi Daydreami kollektsioon teid maailma, kus kujutlusv\u00f5ime on kuningas.<br \/>\nValgus, l\u00e4bipaistvus ja v\u00e4rvid saavad reaalsuse piiridel uue m\u00f5\u00f5tme.<br \/>\nAvage silmad: unistus algab kohe.<\/p>\n<p>IZIPIZI hoolitseb teie pisikeste eest oma BABY p\u00e4ikeseprillidega, mis on m\u00f5eldud beebidele vanuses 0-9 kuud (pea\u00fcmberm\u00f5\u00f5t 34-41 cm).<\/p>\n<p>Meie mudelid kaitsevad beebide silmi igas olukorras, linnast maal seikluste ja \u00f5uetegevusteni, nii suvel kui talvel! Meie 100% UV-kategooria 3 (UV 400) polariseeritud hallid l\u00e4\u00e4tsed pakuvad maksimaalset kaitset, austades samas looduslikke v\u00e4rve. Need v\u00e4hendavad valguse intensiivsust ja kaitsevad teie beebisid pimestamise eest. \u00dclipaindlikud bisfenool-A ja h\u00fcpoallergeensed raamid sobivad ideaalselt beebi igap\u00e4evaellu. Sirged sangad t\u00e4hendavad, et need kohanduvad ka teie lapse kasvuga. Neil on eemaldatav silikoonriba maksimaalseks hoidmiseks.<\/p>\n<p>Armsus ja kaitse on garanteeritud \u2013 meie BABY mudelid on uued must-have teie pisikese p\u00e4evade jaoks! Imikute l\u00e4\u00e4tsed on UVA-kiirgust l\u00e4bilaskvad ja muutuvad mittel\u00e4bilaskvaks alles t\u00e4iskasvanueas. Seet\u00f5ttu on vaja kaitsta imikute v\u00f5rkkesta p\u00e4ikesefiltrite abil.<\/p>\n<p>See mudel vastab rahvusvahelistele p\u00e4ikeseprillide standarditele.<\/p>","protected":false},"excerpt":{"rendered":"<p>UUS kevad-suvi kollektsioon! Nagu unen\u00e4os, viib meie 2023. aasta kevad-suvi Daydreami kollektsioon teid maailma, kus kujutlusv\u00f5ime on kuningas. Valgus, l\u00e4bipaistvus ja v\u00e4rvid saavad reaalsuse piiridel uue m\u00f5\u00f5tme. Avage silmad: unistus algab kohe. IZIPIZI hoolitseb teie pisikeste eest oma BABY p\u00e4ikeseprillidega, mis on m\u00f5eldud beebidele vanuses 0-9 kuud (pea\u00fcmberm\u00f5\u00f5t 34-41 cm). Meie mudelid kaitsevad beebide silmi [&hellip;]<\/p>\n","protected":false},"featured_media":1834130,"comment_status":"open","ping_status":"closed","template":"","meta":[],"product_brand":[],"product_cat":[1026,1025,319,61],"product_tag":[],"class_list":{"0":"post-1791125","1":"product","2":"type-product","3":"status-publish","4":"has-post-thumbnail","6":"product_cat-izipizi","7":"product_cat-izipizi-sun-baby","8":"product_cat-paikeseprillid","9":"product_cat-prillid","11":"first","12":"outofstock","13":"taxable","14":"shipping-taxable","15":"purchasable","16":"product-type-simple"},"yoast_head":"<!-- This site is optimized with the Yoast SEO plugin v27.3 - https:\/\/yoast.com\/product\/yoast-seo-wordpress\/ -->\n<title>IZIPIZI BABY #D p\u00e4ikeseprillid - Morning Light - RUUBY<\/title>\n<meta name=\"robots\" content=\"index, follow, max-snippet:-1, max-image-preview:large, max-video-preview:-1\" \/>\n<link rel=\"canonical\" href=\"http:\/\/ruuby.ee\/en\/pood\/aksessuaarid\/prillid\/izipizi-sun-baby\/baby-d-morning-light-uus-kevad-suvi-kollektsioon\/\" \/>\n<meta property=\"og:locale\" content=\"en_GB\" \/>\n<meta property=\"og:type\" content=\"article\" \/>\n<meta property=\"og:title\" content=\"IZIPIZI BABY #D p\u00e4ikeseprillid - Morning Light - RUUBY\" \/>\n<meta property=\"og:description\" content=\"UUS kevad-suvi kollektsioon! Nagu unen\u00e4os, viib meie 2023. aasta kevad-suvi Daydreami kollektsioon teid maailma, kus kujutlusv\u00f5ime on kuningas. Valgus, l\u00e4bipaistvus ja v\u00e4rvid saavad reaalsuse piiridel uue m\u00f5\u00f5tme. Avage silmad: unistus algab kohe. IZIPIZI hoolitseb teie pisikeste eest oma BABY p\u00e4ikeseprillidega, mis on m\u00f5eldud beebidele vanuses 0-9 kuud (pea\u00fcmberm\u00f5\u00f5t 34-41 cm). Meie mudelid kaitsevad beebide silmi [&hellip;]\" \/>\n<meta property=\"og:url\" content=\"http:\/\/ruuby.ee\/en\/pood\/aksessuaarid\/prillid\/izipizi-sun-baby\/baby-d-morning-light-uus-kevad-suvi-kollektsioon\/\" \/>\n<meta property=\"og:site_name\" content=\"RUUBY\" \/>\n<meta property=\"article:publisher\" content=\"https:\/\/www.facebook.com\/ruubyconcept\" \/>\n<meta property=\"article:modified_time\" content=\"2026-04-07T22:28:43+00:00\" \/>\n<meta property=\"og:image\" content=\"http:\/\/ruuby.ee\/wp-content\/uploads\/2023\/06\/EF_BABY09AC208_2-IZI_d_BABY_MORNING_LIGHT_VUE2.jpg\" \/>\n\t<meta property=\"og:image:width\" content=\"1080\" \/>\n\t<meta property=\"og:image:height\" content=\"1350\" \/>\n\t<meta property=\"og:image:type\" content=\"image\/jpeg\" \/>\n<meta name=\"twitter:card\" content=\"summary_large_image\" \/>\n<meta name=\"twitter:label1\" content=\"Estimated reading time\" \/>\n\t<meta name=\"twitter:data1\" content=\"2 minutes\" \/>\n<script type=\"application\/ld+json\" class=\"yoast-schema-graph\">{\"@context\":\"https:\\\/\\\/schema.org\",\"@graph\":[{\"@type\":[\"WebPage\",\"ItemPage\"],\"@id\":\"http:\\\/\\\/ruuby.ee\\\/en\\\/pood\\\/aksessuaarid\\\/prillid\\\/izipizi-sun-baby\\\/baby-d-morning-light-uus-kevad-suvi-kollektsioon\\\/\",\"url\":\"http:\\\/\\\/ruuby.ee\\\/en\\\/pood\\\/aksessuaarid\\\/prillid\\\/izipizi-sun-baby\\\/baby-d-morning-light-uus-kevad-suvi-kollektsioon\\\/\",\"name\":\"IZIPIZI BABY #D p\u00e4ikeseprillid - Morning Light - RUUBY\",\"isPartOf\":{\"@id\":\"https:\\\/\\\/ruuby.ee\\\/en\\\/#website\"},\"primaryImageOfPage\":{\"@id\":\"http:\\\/\\\/ruuby.ee\\\/en\\\/pood\\\/aksessuaarid\\\/prillid\\\/izipizi-sun-baby\\\/baby-d-morning-light-uus-kevad-suvi-kollektsioon\\\/#primaryimage\"},\"image\":{\"@id\":\"http:\\\/\\\/ruuby.ee\\\/en\\\/pood\\\/aksessuaarid\\\/prillid\\\/izipizi-sun-baby\\\/baby-d-morning-light-uus-kevad-suvi-kollektsioon\\\/#primaryimage\"},\"thumbnailUrl\":\"http:\\\/\\\/ruuby.ee\\\/wp-content\\\/uploads\\\/2023\\\/06\\\/EF_BABY09AC208_2-IZI_d_BABY_MORNING_LIGHT_VUE2.jpg\",\"datePublished\":\"2023-06-14T18:02:16+00:00\",\"dateModified\":\"2026-04-07T22:28:43+00:00\",\"breadcrumb\":{\"@id\":\"http:\\\/\\\/ruuby.ee\\\/en\\\/pood\\\/aksessuaarid\\\/prillid\\\/izipizi-sun-baby\\\/baby-d-morning-light-uus-kevad-suvi-kollektsioon\\\/#breadcrumb\"},\"inLanguage\":\"en-GB\",\"potentialAction\":[{\"@type\":\"ReadAction\",\"target\":[\"http:\\\/\\\/ruuby.ee\\\/en\\\/pood\\\/aksessuaarid\\\/prillid\\\/izipizi-sun-baby\\\/baby-d-morning-light-uus-kevad-suvi-kollektsioon\\\/\"]}]},{\"@type\":\"ImageObject\",\"inLanguage\":\"en-GB\",\"@id\":\"http:\\\/\\\/ruuby.ee\\\/en\\\/pood\\\/aksessuaarid\\\/prillid\\\/izipizi-sun-baby\\\/baby-d-morning-light-uus-kevad-suvi-kollektsioon\\\/#primaryimage\",\"url\":\"http:\\\/\\\/ruuby.ee\\\/wp-content\\\/uploads\\\/2023\\\/06\\\/EF_BABY09AC208_2-IZI_d_BABY_MORNING_LIGHT_VUE2.jpg\",\"contentUrl\":\"http:\\\/\\\/ruuby.ee\\\/wp-content\\\/uploads\\\/2023\\\/06\\\/EF_BABY09AC208_2-IZI_d_BABY_MORNING_LIGHT_VUE2.jpg\",\"width\":1080,\"height\":1350},{\"@type\":\"BreadcrumbList\",\"@id\":\"http:\\\/\\\/ruuby.ee\\\/en\\\/pood\\\/aksessuaarid\\\/prillid\\\/izipizi-sun-baby\\\/baby-d-morning-light-uus-kevad-suvi-kollektsioon\\\/#breadcrumb\",\"itemListElement\":[{\"@type\":\"ListItem\",\"position\":1,\"name\":\"Kdu\",\"item\":\"https:\\\/\\\/ruuby.ee\\\/en\\\/\"},{\"@type\":\"ListItem\",\"position\":2,\"name\":\"Pood\",\"item\":\"https:\\\/\\\/ruuby.ee\\\/en\\\/pood\\\/\"},{\"@type\":\"ListItem\",\"position\":3,\"name\":\"IZIPIZI BABY #D p\u00e4ikeseprillid &#8211; Morning Light\"}]},{\"@type\":\"WebSite\",\"@id\":\"https:\\\/\\\/ruuby.ee\\\/en\\\/#website\",\"url\":\"https:\\\/\\\/ruuby.ee\\\/en\\\/\",\"name\":\"RUUBY\",\"description\":\"Ruubys on \u00fchendatud elustiil ja disain\",\"publisher\":{\"@id\":\"https:\\\/\\\/ruuby.ee\\\/en\\\/#organization\"},\"alternateName\":\"Ruuby Disain\",\"potentialAction\":[{\"@type\":\"SearchAction\",\"target\":{\"@type\":\"EntryPoint\",\"urlTemplate\":\"https:\\\/\\\/ruuby.ee\\\/en\\\/?s={search_term_string}\"},\"query-input\":{\"@type\":\"PropertyValueSpecification\",\"valueRequired\":true,\"valueName\":\"search_term_string\"}}],\"inLanguage\":\"en-GB\"},{\"@type\":\"Organization\",\"@id\":\"https:\\\/\\\/ruuby.ee\\\/en\\\/#organization\",\"name\":\"Ruuby Disain O\u00dc\",\"alternateName\":\"Ruuby\",\"url\":\"https:\\\/\\\/ruuby.ee\\\/en\\\/\",\"logo\":{\"@type\":\"ImageObject\",\"inLanguage\":\"en-GB\",\"@id\":\"https:\\\/\\\/ruuby.ee\\\/en\\\/#\\\/schema\\\/logo\\\/image\\\/\",\"url\":\"http:\\\/\\\/ruuby.ee\\\/wp-content\\\/uploads\\\/2023\\\/06\\\/cropped-Black-White-Elegant-Circle-Signature-Fashion-Logo-12_large.png\",\"contentUrl\":\"http:\\\/\\\/ruuby.ee\\\/wp-content\\\/uploads\\\/2023\\\/06\\\/cropped-Black-White-Elegant-Circle-Signature-Fashion-Logo-12_large.png\",\"width\":1280,\"height\":747,\"caption\":\"Ruuby Disain O\u00dc\"},\"image\":{\"@id\":\"https:\\\/\\\/ruuby.ee\\\/en\\\/#\\\/schema\\\/logo\\\/image\\\/\"},\"sameAs\":[\"https:\\\/\\\/www.facebook.com\\\/ruubyconcept\",\"https:\\\/\\\/www.instagram.com\\\/ruuby_concept\\\/\"]}]}<\/script>\n<!-- \/ Yoast SEO plugin. -->","yoast_head_json":{"title":"IZIPIZI BABY #D p\u00e4ikeseprillid - Morning Light - RUUBY","robots":{"index":"index","follow":"follow","max-snippet":"max-snippet:-1","max-image-preview":"max-image-preview:large","max-video-preview":"max-video-preview:-1"},"canonical":"http:\/\/ruuby.ee\/en\/pood\/aksessuaarid\/prillid\/izipizi-sun-baby\/baby-d-morning-light-uus-kevad-suvi-kollektsioon\/","og_locale":"en_GB","og_type":"article","og_title":"IZIPIZI BABY #D p\u00e4ikeseprillid - Morning Light - RUUBY","og_description":"UUS kevad-suvi kollektsioon! Nagu unen\u00e4os, viib meie 2023. aasta kevad-suvi Daydreami kollektsioon teid maailma, kus kujutlusv\u00f5ime on kuningas. Valgus, l\u00e4bipaistvus ja v\u00e4rvid saavad reaalsuse piiridel uue m\u00f5\u00f5tme. Avage silmad: unistus algab kohe. IZIPIZI hoolitseb teie pisikeste eest oma BABY p\u00e4ikeseprillidega, mis on m\u00f5eldud beebidele vanuses 0-9 kuud (pea\u00fcmberm\u00f5\u00f5t 34-41 cm). Meie mudelid kaitsevad beebide silmi [&hellip;]","og_url":"http:\/\/ruuby.ee\/en\/pood\/aksessuaarid\/prillid\/izipizi-sun-baby\/baby-d-morning-light-uus-kevad-suvi-kollektsioon\/","og_site_name":"RUUBY","article_publisher":"https:\/\/www.facebook.com\/ruubyconcept","article_modified_time":"2026-04-07T22:28:43+00:00","og_image":[{"width":1080,"height":1350,"url":"http:\/\/ruuby.ee\/wp-content\/uploads\/2023\/06\/EF_BABY09AC208_2-IZI_d_BABY_MORNING_LIGHT_VUE2.jpg","type":"image\/jpeg"}],"twitter_card":"summary_large_image","twitter_misc":{"Estimated reading time":"2 minutes"},"schema":{"@context":"https:\/\/schema.org","@graph":[{"@type":["WebPage","ItemPage"],"@id":"http:\/\/ruuby.ee\/en\/pood\/aksessuaarid\/prillid\/izipizi-sun-baby\/baby-d-morning-light-uus-kevad-suvi-kollektsioon\/","url":"http:\/\/ruuby.ee\/en\/pood\/aksessuaarid\/prillid\/izipizi-sun-baby\/baby-d-morning-light-uus-kevad-suvi-kollektsioon\/","name":"IZIPIZI BABY #D p\u00e4ikeseprillid - Morning Light - RUUBY","isPartOf":{"@id":"https:\/\/ruuby.ee\/en\/#website"},"primaryImageOfPage":{"@id":"http:\/\/ruuby.ee\/en\/pood\/aksessuaarid\/prillid\/izipizi-sun-baby\/baby-d-morning-light-uus-kevad-suvi-kollektsioon\/#primaryimage"},"image":{"@id":"http:\/\/ruuby.ee\/en\/pood\/aksessuaarid\/prillid\/izipizi-sun-baby\/baby-d-morning-light-uus-kevad-suvi-kollektsioon\/#primaryimage"},"thumbnailUrl":"http:\/\/ruuby.ee\/wp-content\/uploads\/2023\/06\/EF_BABY09AC208_2-IZI_d_BABY_MORNING_LIGHT_VUE2.jpg","datePublished":"2023-06-14T18:02:16+00:00","dateModified":"2026-04-07T22:28:43+00:00","breadcrumb":{"@id":"http:\/\/ruuby.ee\/en\/pood\/aksessuaarid\/prillid\/izipizi-sun-baby\/baby-d-morning-light-uus-kevad-suvi-kollektsioon\/#breadcrumb"},"inLanguage":"en-GB","potentialAction":[{"@type":"ReadAction","target":["http:\/\/ruuby.ee\/en\/pood\/aksessuaarid\/prillid\/izipizi-sun-baby\/baby-d-morning-light-uus-kevad-suvi-kollektsioon\/"]}]},{"@type":"ImageObject","inLanguage":"en-GB","@id":"http:\/\/ruuby.ee\/en\/pood\/aksessuaarid\/prillid\/izipizi-sun-baby\/baby-d-morning-light-uus-kevad-suvi-kollektsioon\/#primaryimage","url":"http:\/\/ruuby.ee\/wp-content\/uploads\/2023\/06\/EF_BABY09AC208_2-IZI_d_BABY_MORNING_LIGHT_VUE2.jpg","contentUrl":"http:\/\/ruuby.ee\/wp-content\/uploads\/2023\/06\/EF_BABY09AC208_2-IZI_d_BABY_MORNING_LIGHT_VUE2.jpg","width":1080,"height":1350},{"@type":"BreadcrumbList","@id":"http:\/\/ruuby.ee\/en\/pood\/aksessuaarid\/prillid\/izipizi-sun-baby\/baby-d-morning-light-uus-kevad-suvi-kollektsioon\/#breadcrumb","itemListElement":[{"@type":"ListItem","position":1,"name":"Kdu","item":"https:\/\/ruuby.ee\/en\/"},{"@type":"ListItem","position":2,"name":"Pood","item":"https:\/\/ruuby.ee\/en\/pood\/"},{"@type":"ListItem","position":3,"name":"IZIPIZI BABY #D p\u00e4ikeseprillid &#8211; Morning Light"}]},{"@type":"WebSite","@id":"https:\/\/ruuby.ee\/en\/#website","url":"https:\/\/ruuby.ee\/en\/","name":"RUUBY","description":"Ruubys on \u00fchendatud elustiil ja disain","publisher":{"@id":"https:\/\/ruuby.ee\/en\/#organization"},"alternateName":"Ruuby Disain","potentialAction":[{"@type":"SearchAction","target":{"@type":"EntryPoint","urlTemplate":"https:\/\/ruuby.ee\/en\/?s={search_term_string}"},"query-input":{"@type":"PropertyValueSpecification","valueRequired":true,"valueName":"search_term_string"}}],"inLanguage":"en-GB"},{"@type":"Organization","@id":"https:\/\/ruuby.ee\/en\/#organization","name":"Ruuby Disain O\u00dc","alternateName":"Ruuby","url":"https:\/\/ruuby.ee\/en\/","logo":{"@type":"ImageObject","inLanguage":"en-GB","@id":"https:\/\/ruuby.ee\/en\/#\/schema\/logo\/image\/","url":"http:\/\/ruuby.ee\/wp-content\/uploads\/2023\/06\/cropped-Black-White-Elegant-Circle-Signature-Fashion-Logo-12_large.png","contentUrl":"http:\/\/ruuby.ee\/wp-content\/uploads\/2023\/06\/cropped-Black-White-Elegant-Circle-Signature-Fashion-Logo-12_large.png","width":1280,"height":747,"caption":"Ruuby Disain O\u00dc"},"image":{"@id":"https:\/\/ruuby.ee\/en\/#\/schema\/logo\/image\/"},"sameAs":["https:\/\/www.facebook.com\/ruubyconcept","https:\/\/www.instagram.com\/ruuby_concept\/"]}]}},"jetpack_sharing_enabled":true,"_links":{"self":[{"href":"http:\/\/ruuby.ee\/en\/wp-json\/wp\/v2\/product\/1791125","targetHints":{"allow":["GET"]}}],"collection":[{"href":"http:\/\/ruuby.ee\/en\/wp-json\/wp\/v2\/product"}],"about":[{"href":"http:\/\/ruuby.ee\/en\/wp-json\/wp\/v2\/types\/product"}],"replies":[{"embeddable":true,"href":"http:\/\/ruuby.ee\/en\/wp-json\/wp\/v2\/comments?post=1791125"}],"wp:featuredmedia":[{"embeddable":true,"href":"http:\/\/ruuby.ee\/en\/wp-json\/wp\/v2\/media\/1834130"}],"wp:attachment":[{"href":"http:\/\/ruuby.ee\/en\/wp-json\/wp\/v2\/media?parent=1791125"}],"wp:term":[{"taxonomy":"product_brand","embeddable":true,"href":"http:\/\/ruuby.ee\/en\/wp-json\/wp\/v2\/product_brand?post=1791125"},{"taxonomy":"product_cat","embeddable":true,"href":"http:\/\/ruuby.ee\/en\/wp-json\/wp\/v2\/product_cat?post=1791125"},{"taxonomy":"product_tag","embeddable":true,"href":"http:\/\/ruuby.ee\/en\/wp-json\/wp\/v2\/product_tag?post=1791125"}],"curies":[{"name":"wp","href":"https:\/\/api.w.org\/{rel}","templated":true}]}}