{"id":1690075,"date":"2023-06-14T21:02:19","date_gmt":"2023-06-14T18:02:19","guid":{"rendered":"http:\/\/ruuby.ee\/?post_type=product&#038;p=1690075"},"modified":"2026-04-08T01:28:43","modified_gmt":"2026-04-07T22:28:43","slug":"the-mallows-karamellitaidisega-vahukommid-55-g-crunchy-toffee","status":"publish","type":"product","link":"http:\/\/ruuby.ee\/en\/pood\/gurmee\/maiustused\/the-mallows-karamellitaidisega-vahukommid-55-g-crunchy-toffee\/","title":{"rendered":"The Mallows Karamellit\u00e4idisega vahukommid (55 g) Crunchy Toffee"},"content":{"rendered":"<p>Kr\u00f5mpsuv iiris on pehme karamelli keskmega vahukommid. Pehme s\u00fcdamik sulab vaniljevahukommi sisse esimesel suupistel \u2013 ja on t\u00e4iuslik kontrast peal oleva kr\u00f5mpsuva karamelliga.<\/p>\n<p>Koostis: gl\u00fckoosi-fruktoosisiirup (EU), suhkur, 13,6% kate (suhkur, taimerasv (kookos, palmituuma, palm, p\u00e4evalill, shea, rapsiseemned), v\u00e4hendatud rasvasisaldusega kakaopulber, stabilisaator: E492, emulgaator: sojaletsitiin, looduslik vanilje maitseaine, 13,6% karamellt\u00e4idis (gl\u00fckoosisiirup, taime\u00f5li (palmi), suhkur, magustatud kondenspiim (l\u00f5ss, suhkur), dekstroos, taime\u00f5li (rapsiseemned), emulgaator (E471), sool, happesuse regulaator (E331iii), looduslik l\u00f5hna- ja maitseaine), 9% karamellihelbed (mitte-EL) (gl\u00fckoosisiirup, roosuhkur, kondenspiim, soolav\u00f5i), vesi, dekstroos, \u017eelatiin, l\u00f5hna- ja maitseaine.<\/p>","protected":false},"excerpt":{"rendered":"<p>Kr\u00f5mpsuv iiris on pehme karamelli keskmega vahukommid. Pehme s\u00fcdamik sulab vaniljevahukommi sisse esimesel suupistel \u2013 ja on t\u00e4iuslik kontrast peal oleva kr\u00f5mpsuva karamelliga. Koostis: gl\u00fckoosi-fruktoosisiirup (EU), suhkur, 13,6% kate (suhkur, taimerasv (kookos, palmituuma, palm, p\u00e4evalill, shea, rapsiseemned), v\u00e4hendatud rasvasisaldusega kakaopulber, stabilisaator: E492, emulgaator: sojaletsitiin, looduslik vanilje maitseaine, 13,6% karamellt\u00e4idis (gl\u00fckoosisiirup, taime\u00f5li (palmi), suhkur, magustatud kondenspiim [&hellip;]<\/p>\n","protected":false},"featured_media":1840867,"comment_status":"closed","ping_status":"closed","template":"","meta":[],"product_brand":[],"product_cat":[26,644],"product_tag":[],"class_list":{"0":"post-1690075","1":"product","2":"type-product","3":"status-publish","4":"has-post-thumbnail","6":"product_cat-gurmee","7":"product_cat-maiustused","9":"first","10":"outofstock","11":"taxable","12":"shipping-taxable","13":"purchasable","14":"product-type-simple"},"yoast_head":"<!-- This site is optimized with the Yoast SEO plugin v27.3 - https:\/\/yoast.com\/product\/yoast-seo-wordpress\/ -->\n<title>The Mallows Karamellit\u00e4idisega vahukommid (55 g) Crunchy Toffee - RUUBY<\/title>\n<meta name=\"robots\" content=\"index, follow, max-snippet:-1, max-image-preview:large, max-video-preview:-1\" \/>\n<link rel=\"canonical\" href=\"http:\/\/ruuby.ee\/en\/pood\/gurmee\/maiustused\/the-mallows-karamellitaidisega-vahukommid-55-g-crunchy-toffee\/\" \/>\n<meta property=\"og:locale\" content=\"en_GB\" \/>\n<meta property=\"og:type\" content=\"article\" \/>\n<meta property=\"og:title\" content=\"The Mallows Karamellit\u00e4idisega vahukommid (55 g) Crunchy Toffee - RUUBY\" \/>\n<meta property=\"og:description\" content=\"Kr\u00f5mpsuv iiris on pehme karamelli keskmega vahukommid. Pehme s\u00fcdamik sulab vaniljevahukommi sisse esimesel suupistel \u2013 ja on t\u00e4iuslik kontrast peal oleva kr\u00f5mpsuva karamelliga. Koostis: gl\u00fckoosi-fruktoosisiirup (EU), suhkur, 13,6% kate (suhkur, taimerasv (kookos, palmituuma, palm, p\u00e4evalill, shea, rapsiseemned), v\u00e4hendatud rasvasisaldusega kakaopulber, stabilisaator: E492, emulgaator: sojaletsitiin, looduslik vanilje maitseaine, 13,6% karamellt\u00e4idis (gl\u00fckoosisiirup, taime\u00f5li (palmi), suhkur, magustatud kondenspiim [&hellip;]\" \/>\n<meta property=\"og:url\" content=\"http:\/\/ruuby.ee\/en\/pood\/gurmee\/maiustused\/the-mallows-karamellitaidisega-vahukommid-55-g-crunchy-toffee\/\" \/>\n<meta property=\"og:site_name\" content=\"RUUBY\" \/>\n<meta property=\"article:publisher\" content=\"https:\/\/www.facebook.com\/ruubyconcept\" \/>\n<meta property=\"article:modified_time\" content=\"2026-04-07T22:28:43+00:00\" \/>\n<meta property=\"og:image\" content=\"http:\/\/ruuby.ee\/wp-content\/uploads\/2023\/06\/Screenshot-2023-11-16-at-16.20.40.png\" \/>\n\t<meta property=\"og:image:width\" content=\"1204\" \/>\n\t<meta property=\"og:image:height\" content=\"1210\" \/>\n\t<meta property=\"og:image:type\" content=\"image\/png\" \/>\n<meta name=\"twitter:card\" content=\"summary_large_image\" \/>\n<meta name=\"twitter:label1\" content=\"Estimated reading time\" \/>\n\t<meta name=\"twitter:data1\" content=\"1 minute\" \/>\n<script type=\"application\/ld+json\" class=\"yoast-schema-graph\">{\"@context\":\"https:\\\/\\\/schema.org\",\"@graph\":[{\"@type\":[\"WebPage\",\"ItemPage\"],\"@id\":\"http:\\\/\\\/ruuby.ee\\\/pood\\\/gurmee\\\/maiustused\\\/the-mallows-karamellitaidisega-vahukommid-55-g-crunchy-toffee\\\/\",\"url\":\"http:\\\/\\\/ruuby.ee\\\/pood\\\/gurmee\\\/maiustused\\\/the-mallows-karamellitaidisega-vahukommid-55-g-crunchy-toffee\\\/\",\"name\":\"The Mallows Karamellit\u00e4idisega vahukommid (55 g) Crunchy Toffee - RUUBY\",\"isPartOf\":{\"@id\":\"http:\\\/\\\/ruuby.ee\\\/en\\\/#website\"},\"primaryImageOfPage\":{\"@id\":\"http:\\\/\\\/ruuby.ee\\\/pood\\\/gurmee\\\/maiustused\\\/the-mallows-karamellitaidisega-vahukommid-55-g-crunchy-toffee\\\/#primaryimage\"},\"image\":{\"@id\":\"http:\\\/\\\/ruuby.ee\\\/pood\\\/gurmee\\\/maiustused\\\/the-mallows-karamellitaidisega-vahukommid-55-g-crunchy-toffee\\\/#primaryimage\"},\"thumbnailUrl\":\"http:\\\/\\\/ruuby.ee\\\/wp-content\\\/uploads\\\/2023\\\/06\\\/Screenshot-2023-11-16-at-16.20.40.png\",\"datePublished\":\"2023-06-14T18:02:19+00:00\",\"dateModified\":\"2026-04-07T22:28:43+00:00\",\"breadcrumb\":{\"@id\":\"http:\\\/\\\/ruuby.ee\\\/pood\\\/gurmee\\\/maiustused\\\/the-mallows-karamellitaidisega-vahukommid-55-g-crunchy-toffee\\\/#breadcrumb\"},\"inLanguage\":\"en-GB\",\"potentialAction\":[{\"@type\":\"ReadAction\",\"target\":[\"http:\\\/\\\/ruuby.ee\\\/pood\\\/gurmee\\\/maiustused\\\/the-mallows-karamellitaidisega-vahukommid-55-g-crunchy-toffee\\\/\"]}]},{\"@type\":\"ImageObject\",\"inLanguage\":\"en-GB\",\"@id\":\"http:\\\/\\\/ruuby.ee\\\/pood\\\/gurmee\\\/maiustused\\\/the-mallows-karamellitaidisega-vahukommid-55-g-crunchy-toffee\\\/#primaryimage\",\"url\":\"http:\\\/\\\/ruuby.ee\\\/wp-content\\\/uploads\\\/2023\\\/06\\\/Screenshot-2023-11-16-at-16.20.40.png\",\"contentUrl\":\"http:\\\/\\\/ruuby.ee\\\/wp-content\\\/uploads\\\/2023\\\/06\\\/Screenshot-2023-11-16-at-16.20.40.png\",\"width\":1204,\"height\":1210},{\"@type\":\"BreadcrumbList\",\"@id\":\"http:\\\/\\\/ruuby.ee\\\/pood\\\/gurmee\\\/maiustused\\\/the-mallows-karamellitaidisega-vahukommid-55-g-crunchy-toffee\\\/#breadcrumb\",\"itemListElement\":[{\"@type\":\"ListItem\",\"position\":1,\"name\":\"Kdu\",\"item\":\"http:\\\/\\\/ruuby.ee\\\/en\\\/\"},{\"@type\":\"ListItem\",\"position\":2,\"name\":\"Pood\",\"item\":\"http:\\\/\\\/ruuby.ee\\\/en\\\/pood\\\/\"},{\"@type\":\"ListItem\",\"position\":3,\"name\":\"The Mallows Karamellit\u00e4idisega vahukommid (55 g) Crunchy Toffee\"}]},{\"@type\":\"WebSite\",\"@id\":\"http:\\\/\\\/ruuby.ee\\\/en\\\/#website\",\"url\":\"http:\\\/\\\/ruuby.ee\\\/en\\\/\",\"name\":\"RUUBY\",\"description\":\"Ruubys on \u00fchendatud elustiil ja disain\",\"publisher\":{\"@id\":\"http:\\\/\\\/ruuby.ee\\\/en\\\/#organization\"},\"alternateName\":\"Ruuby Disain\",\"potentialAction\":[{\"@type\":\"SearchAction\",\"target\":{\"@type\":\"EntryPoint\",\"urlTemplate\":\"http:\\\/\\\/ruuby.ee\\\/en\\\/?s={search_term_string}\"},\"query-input\":{\"@type\":\"PropertyValueSpecification\",\"valueRequired\":true,\"valueName\":\"search_term_string\"}}],\"inLanguage\":\"en-GB\"},{\"@type\":\"Organization\",\"@id\":\"http:\\\/\\\/ruuby.ee\\\/en\\\/#organization\",\"name\":\"Ruuby Disain O\u00dc\",\"alternateName\":\"Ruuby\",\"url\":\"http:\\\/\\\/ruuby.ee\\\/en\\\/\",\"logo\":{\"@type\":\"ImageObject\",\"inLanguage\":\"en-GB\",\"@id\":\"http:\\\/\\\/ruuby.ee\\\/en\\\/#\\\/schema\\\/logo\\\/image\\\/\",\"url\":\"http:\\\/\\\/ruuby.ee\\\/wp-content\\\/uploads\\\/2023\\\/06\\\/cropped-Black-White-Elegant-Circle-Signature-Fashion-Logo-12_large.png\",\"contentUrl\":\"http:\\\/\\\/ruuby.ee\\\/wp-content\\\/uploads\\\/2023\\\/06\\\/cropped-Black-White-Elegant-Circle-Signature-Fashion-Logo-12_large.png\",\"width\":1280,\"height\":747,\"caption\":\"Ruuby Disain O\u00dc\"},\"image\":{\"@id\":\"http:\\\/\\\/ruuby.ee\\\/en\\\/#\\\/schema\\\/logo\\\/image\\\/\"},\"sameAs\":[\"https:\\\/\\\/www.facebook.com\\\/ruubyconcept\",\"https:\\\/\\\/www.instagram.com\\\/ruuby_concept\\\/\"]}]}<\/script>\n<!-- \/ Yoast SEO plugin. -->","yoast_head_json":{"title":"The Mallows Karamellit\u00e4idisega vahukommid (55 g) Crunchy Toffee - RUUBY","robots":{"index":"index","follow":"follow","max-snippet":"max-snippet:-1","max-image-preview":"max-image-preview:large","max-video-preview":"max-video-preview:-1"},"canonical":"http:\/\/ruuby.ee\/en\/pood\/gurmee\/maiustused\/the-mallows-karamellitaidisega-vahukommid-55-g-crunchy-toffee\/","og_locale":"en_GB","og_type":"article","og_title":"The Mallows Karamellit\u00e4idisega vahukommid (55 g) Crunchy Toffee - RUUBY","og_description":"Kr\u00f5mpsuv iiris on pehme karamelli keskmega vahukommid. Pehme s\u00fcdamik sulab vaniljevahukommi sisse esimesel suupistel \u2013 ja on t\u00e4iuslik kontrast peal oleva kr\u00f5mpsuva karamelliga. Koostis: gl\u00fckoosi-fruktoosisiirup (EU), suhkur, 13,6% kate (suhkur, taimerasv (kookos, palmituuma, palm, p\u00e4evalill, shea, rapsiseemned), v\u00e4hendatud rasvasisaldusega kakaopulber, stabilisaator: E492, emulgaator: sojaletsitiin, looduslik vanilje maitseaine, 13,6% karamellt\u00e4idis (gl\u00fckoosisiirup, taime\u00f5li (palmi), suhkur, magustatud kondenspiim [&hellip;]","og_url":"http:\/\/ruuby.ee\/en\/pood\/gurmee\/maiustused\/the-mallows-karamellitaidisega-vahukommid-55-g-crunchy-toffee\/","og_site_name":"RUUBY","article_publisher":"https:\/\/www.facebook.com\/ruubyconcept","article_modified_time":"2026-04-07T22:28:43+00:00","og_image":[{"width":1204,"height":1210,"url":"http:\/\/ruuby.ee\/wp-content\/uploads\/2023\/06\/Screenshot-2023-11-16-at-16.20.40.png","type":"image\/png"}],"twitter_card":"summary_large_image","twitter_misc":{"Estimated reading time":"1 minute"},"schema":{"@context":"https:\/\/schema.org","@graph":[{"@type":["WebPage","ItemPage"],"@id":"http:\/\/ruuby.ee\/pood\/gurmee\/maiustused\/the-mallows-karamellitaidisega-vahukommid-55-g-crunchy-toffee\/","url":"http:\/\/ruuby.ee\/pood\/gurmee\/maiustused\/the-mallows-karamellitaidisega-vahukommid-55-g-crunchy-toffee\/","name":"The Mallows Karamellit\u00e4idisega vahukommid (55 g) Crunchy Toffee - RUUBY","isPartOf":{"@id":"http:\/\/ruuby.ee\/en\/#website"},"primaryImageOfPage":{"@id":"http:\/\/ruuby.ee\/pood\/gurmee\/maiustused\/the-mallows-karamellitaidisega-vahukommid-55-g-crunchy-toffee\/#primaryimage"},"image":{"@id":"http:\/\/ruuby.ee\/pood\/gurmee\/maiustused\/the-mallows-karamellitaidisega-vahukommid-55-g-crunchy-toffee\/#primaryimage"},"thumbnailUrl":"http:\/\/ruuby.ee\/wp-content\/uploads\/2023\/06\/Screenshot-2023-11-16-at-16.20.40.png","datePublished":"2023-06-14T18:02:19+00:00","dateModified":"2026-04-07T22:28:43+00:00","breadcrumb":{"@id":"http:\/\/ruuby.ee\/pood\/gurmee\/maiustused\/the-mallows-karamellitaidisega-vahukommid-55-g-crunchy-toffee\/#breadcrumb"},"inLanguage":"en-GB","potentialAction":[{"@type":"ReadAction","target":["http:\/\/ruuby.ee\/pood\/gurmee\/maiustused\/the-mallows-karamellitaidisega-vahukommid-55-g-crunchy-toffee\/"]}]},{"@type":"ImageObject","inLanguage":"en-GB","@id":"http:\/\/ruuby.ee\/pood\/gurmee\/maiustused\/the-mallows-karamellitaidisega-vahukommid-55-g-crunchy-toffee\/#primaryimage","url":"http:\/\/ruuby.ee\/wp-content\/uploads\/2023\/06\/Screenshot-2023-11-16-at-16.20.40.png","contentUrl":"http:\/\/ruuby.ee\/wp-content\/uploads\/2023\/06\/Screenshot-2023-11-16-at-16.20.40.png","width":1204,"height":1210},{"@type":"BreadcrumbList","@id":"http:\/\/ruuby.ee\/pood\/gurmee\/maiustused\/the-mallows-karamellitaidisega-vahukommid-55-g-crunchy-toffee\/#breadcrumb","itemListElement":[{"@type":"ListItem","position":1,"name":"Kdu","item":"http:\/\/ruuby.ee\/en\/"},{"@type":"ListItem","position":2,"name":"Pood","item":"http:\/\/ruuby.ee\/en\/pood\/"},{"@type":"ListItem","position":3,"name":"The Mallows Karamellit\u00e4idisega vahukommid (55 g) Crunchy Toffee"}]},{"@type":"WebSite","@id":"http:\/\/ruuby.ee\/en\/#website","url":"http:\/\/ruuby.ee\/en\/","name":"RUUBY","description":"Ruubys on \u00fchendatud elustiil ja disain","publisher":{"@id":"http:\/\/ruuby.ee\/en\/#organization"},"alternateName":"Ruuby Disain","potentialAction":[{"@type":"SearchAction","target":{"@type":"EntryPoint","urlTemplate":"http:\/\/ruuby.ee\/en\/?s={search_term_string}"},"query-input":{"@type":"PropertyValueSpecification","valueRequired":true,"valueName":"search_term_string"}}],"inLanguage":"en-GB"},{"@type":"Organization","@id":"http:\/\/ruuby.ee\/en\/#organization","name":"Ruuby Disain O\u00dc","alternateName":"Ruuby","url":"http:\/\/ruuby.ee\/en\/","logo":{"@type":"ImageObject","inLanguage":"en-GB","@id":"http:\/\/ruuby.ee\/en\/#\/schema\/logo\/image\/","url":"http:\/\/ruuby.ee\/wp-content\/uploads\/2023\/06\/cropped-Black-White-Elegant-Circle-Signature-Fashion-Logo-12_large.png","contentUrl":"http:\/\/ruuby.ee\/wp-content\/uploads\/2023\/06\/cropped-Black-White-Elegant-Circle-Signature-Fashion-Logo-12_large.png","width":1280,"height":747,"caption":"Ruuby Disain O\u00dc"},"image":{"@id":"http:\/\/ruuby.ee\/en\/#\/schema\/logo\/image\/"},"sameAs":["https:\/\/www.facebook.com\/ruubyconcept","https:\/\/www.instagram.com\/ruuby_concept\/"]}]}},"jetpack_sharing_enabled":true,"_links":{"self":[{"href":"http:\/\/ruuby.ee\/en\/wp-json\/wp\/v2\/product\/1690075","targetHints":{"allow":["GET"]}}],"collection":[{"href":"http:\/\/ruuby.ee\/en\/wp-json\/wp\/v2\/product"}],"about":[{"href":"http:\/\/ruuby.ee\/en\/wp-json\/wp\/v2\/types\/product"}],"replies":[{"embeddable":true,"href":"http:\/\/ruuby.ee\/en\/wp-json\/wp\/v2\/comments?post=1690075"}],"wp:featuredmedia":[{"embeddable":true,"href":"http:\/\/ruuby.ee\/en\/wp-json\/wp\/v2\/media\/1840867"}],"wp:attachment":[{"href":"http:\/\/ruuby.ee\/en\/wp-json\/wp\/v2\/media?parent=1690075"}],"wp:term":[{"taxonomy":"product_brand","embeddable":true,"href":"http:\/\/ruuby.ee\/en\/wp-json\/wp\/v2\/product_brand?post=1690075"},{"taxonomy":"product_cat","embeddable":true,"href":"http:\/\/ruuby.ee\/en\/wp-json\/wp\/v2\/product_cat?post=1690075"},{"taxonomy":"product_tag","embeddable":true,"href":"http:\/\/ruuby.ee\/en\/wp-json\/wp\/v2\/product_tag?post=1690075"}],"curies":[{"name":"wp","href":"https:\/\/api.w.org\/{rel}","templated":true}]}}