{"id":1638197,"date":"2023-06-14T18:02:11","date_gmt":"2023-06-14T18:02:11","guid":{"rendered":"http:\/\/ruuby.ee\/?post_type=product&#038;p=1638197"},"modified":"2026-04-03T01:24:42","modified_gmt":"2026-04-02T22:24:42","slug":"muubs-soogilaud-space-natural-o150","status":"publish","type":"product","link":"http:\/\/ruuby.ee\/en\/pood\/kodusisustus\/moobel\/lauad\/muubs-soogilaud-space-natural-o150\/","title":{"rendered":"MUUBS &#8211; S\u00f6\u00f6gilaud Space \u00d8120"},"content":{"rendered":"<p>\u00dcmmargune s\u00f6\u00f6gilaud firmalt MUUBS \u00f5litatud tammest.<\/p>\n<p>Tammepuidust laud on disainitud koost\u00f6\u00f6s Taani disainimeeskonnaga Says Who, kes on kujundanud ka \u00fclej\u00e4\u00e4nud Space lauad.<\/p>\n<p>\u00dcmarlaual on palju eeliseid, kuna see v\u00f5tab v\u00e4hem ruumi ja selle \u00fcmber mahub rohkem inimesi istuma.<\/p>\n<p>See tammepuidust laud kutsub teid hubasele \u00f5htule, sest k\u00f5ik saavad silmsidet hoida ja omavahel r\u00e4\u00e4kida.<\/p>\n<p>S\u00f6\u00f6gilaua juurde kuulub hooldusjuhend ning juhendi leiab ka kodulehe allservast Tootejuhendite alt.<\/p>\n<p>M\u00f5\u00f5dud: \u00d8120XH75 CM.<br \/>\nToode saadaval tellimisega.<\/p>","protected":false},"excerpt":{"rendered":"<p>\u00dcmmargune s\u00f6\u00f6gilaud firmalt MUUBS \u00f5litatud tammest. Tammepuidust laud on disainitud koost\u00f6\u00f6s Taani disainimeeskonnaga Says Who, kes on kujundanud ka \u00fclej\u00e4\u00e4nud Space lauad. \u00dcmarlaual on palju eeliseid, kuna see v\u00f5tab v\u00e4hem ruumi ja selle \u00fcmber mahub rohkem inimesi istuma. See tammepuidust laud kutsub teid hubasele \u00f5htule, sest k\u00f5ik saavad silmsidet hoida ja omavahel r\u00e4\u00e4kida. S\u00f6\u00f6gilaua juurde [&hellip;]<\/p>\n","protected":false},"featured_media":1837846,"comment_status":"open","ping_status":"closed","template":"","meta":[],"product_brand":[],"product_cat":[42,556],"product_tag":[117,235,352],"class_list":{"0":"post-1638197","1":"product","2":"type-product","3":"status-publish","4":"has-post-thumbnail","6":"product_cat-kodusisustus","7":"product_cat-lauad","8":"product_tag-muubs","9":"product_tag-sisustus","10":"product_tag-soogilaud","12":"first","13":"onbackorder","14":"taxable","15":"shipping-taxable","16":"purchasable","17":"product-type-variable","18":"rtwpvs-product"},"yoast_head":"<!-- This site is optimized with the Yoast SEO plugin v27.2 - https:\/\/yoast.com\/product\/yoast-seo-wordpress\/ -->\n<title>MUUBS - S\u00f6\u00f6gilaud Space \u00d8120 - RUUBY<\/title>\n<meta name=\"robots\" content=\"index, follow, max-snippet:-1, max-image-preview:large, max-video-preview:-1\" \/>\n<link rel=\"canonical\" href=\"http:\/\/ruuby.ee\/en\/pood\/kodusisustus\/moobel\/lauad\/muubs-soogilaud-space-natural-o150\/\" \/>\n<meta property=\"og:locale\" content=\"en_GB\" \/>\n<meta property=\"og:type\" content=\"article\" \/>\n<meta property=\"og:title\" content=\"MUUBS - S\u00f6\u00f6gilaud Space \u00d8120 - RUUBY\" \/>\n<meta property=\"og:description\" content=\"\u00dcmmargune s\u00f6\u00f6gilaud firmalt MUUBS \u00f5litatud tammest. Tammepuidust laud on disainitud koost\u00f6\u00f6s Taani disainimeeskonnaga Says Who, kes on kujundanud ka \u00fclej\u00e4\u00e4nud Space lauad. \u00dcmarlaual on palju eeliseid, kuna see v\u00f5tab v\u00e4hem ruumi ja selle \u00fcmber mahub rohkem inimesi istuma. See tammepuidust laud kutsub teid hubasele \u00f5htule, sest k\u00f5ik saavad silmsidet hoida ja omavahel r\u00e4\u00e4kida. S\u00f6\u00f6gilaua juurde [&hellip;]\" \/>\n<meta property=\"og:url\" content=\"http:\/\/ruuby.ee\/en\/pood\/kodusisustus\/moobel\/lauad\/muubs-soogilaud-space-natural-o150\/\" \/>\n<meta property=\"og:site_name\" content=\"RUUBY\" \/>\n<meta property=\"article:publisher\" content=\"https:\/\/www.facebook.com\/ruubyconcept\" \/>\n<meta property=\"article:modified_time\" content=\"2026-04-02T22:24:42+00:00\" \/>\n<meta property=\"og:image\" content=\"http:\/\/ruuby.ee\/wp-content\/uploads\/2023\/06\/Screenshot-2023-07-27-at-15.30.55-879x1024.png\" \/>\n\t<meta property=\"og:image:width\" content=\"879\" \/>\n\t<meta property=\"og:image:height\" content=\"1024\" \/>\n\t<meta property=\"og:image:type\" content=\"image\/png\" \/>\n<meta name=\"twitter:card\" content=\"summary_large_image\" \/>\n<meta name=\"twitter:label1\" content=\"Estimated reading time\" \/>\n\t<meta name=\"twitter:data1\" content=\"1 minute\" \/>\n<script type=\"application\/ld+json\" class=\"yoast-schema-graph\">{\"@context\":\"https:\/\/schema.org\",\"@graph\":[{\"@type\":[\"WebPage\",\"ItemPage\"],\"@id\":\"http:\/\/ruuby.ee\/en\/pood\/kodusisustus\/moobel\/lauad\/muubs-soogilaud-space-natural-o150\/\",\"url\":\"http:\/\/ruuby.ee\/en\/pood\/kodusisustus\/moobel\/lauad\/muubs-soogilaud-space-natural-o150\/\",\"name\":\"MUUBS - S\u00f6\u00f6gilaud Space \u00d8120 - RUUBY\",\"isPartOf\":{\"@id\":\"https:\/\/ruuby.ee\/en\/#website\"},\"primaryImageOfPage\":{\"@id\":\"http:\/\/ruuby.ee\/en\/pood\/kodusisustus\/moobel\/lauad\/muubs-soogilaud-space-natural-o150\/#primaryimage\"},\"image\":{\"@id\":\"http:\/\/ruuby.ee\/en\/pood\/kodusisustus\/moobel\/lauad\/muubs-soogilaud-space-natural-o150\/#primaryimage\"},\"thumbnailUrl\":\"http:\/\/ruuby.ee\/wp-content\/uploads\/2023\/06\/Screenshot-2023-07-27-at-15.30.55.png\",\"datePublished\":\"2023-06-14T18:02:11+00:00\",\"dateModified\":\"2026-04-02T22:24:42+00:00\",\"breadcrumb\":{\"@id\":\"http:\/\/ruuby.ee\/en\/pood\/kodusisustus\/moobel\/lauad\/muubs-soogilaud-space-natural-o150\/#breadcrumb\"},\"inLanguage\":\"en-GB\",\"potentialAction\":[{\"@type\":\"ReadAction\",\"target\":[\"http:\/\/ruuby.ee\/en\/pood\/kodusisustus\/moobel\/lauad\/muubs-soogilaud-space-natural-o150\/\"]}]},{\"@type\":\"ImageObject\",\"inLanguage\":\"en-GB\",\"@id\":\"http:\/\/ruuby.ee\/en\/pood\/kodusisustus\/moobel\/lauad\/muubs-soogilaud-space-natural-o150\/#primaryimage\",\"url\":\"http:\/\/ruuby.ee\/wp-content\/uploads\/2023\/06\/Screenshot-2023-07-27-at-15.30.55.png\",\"contentUrl\":\"http:\/\/ruuby.ee\/wp-content\/uploads\/2023\/06\/Screenshot-2023-07-27-at-15.30.55.png\",\"width\":1052,\"height\":1226},{\"@type\":\"BreadcrumbList\",\"@id\":\"http:\/\/ruuby.ee\/en\/pood\/kodusisustus\/moobel\/lauad\/muubs-soogilaud-space-natural-o150\/#breadcrumb\",\"itemListElement\":[{\"@type\":\"ListItem\",\"position\":1,\"name\":\"Kdu\",\"item\":\"https:\/\/ruuby.ee\/en\/\"},{\"@type\":\"ListItem\",\"position\":2,\"name\":\"Pood\",\"item\":\"https:\/\/ruuby.ee\/pood\/\"},{\"@type\":\"ListItem\",\"position\":3,\"name\":\"MUUBS &#8211; S\u00f6\u00f6gilaud Space \u00d8120\"}]},{\"@type\":\"WebSite\",\"@id\":\"https:\/\/ruuby.ee\/en\/#website\",\"url\":\"https:\/\/ruuby.ee\/en\/\",\"name\":\"RUUBY\",\"description\":\"Ruubys on \u00fchendatud elustiil ja disain\",\"publisher\":{\"@id\":\"https:\/\/ruuby.ee\/en\/#organization\"},\"alternateName\":\"Ruuby Disain\",\"potentialAction\":[{\"@type\":\"SearchAction\",\"target\":{\"@type\":\"EntryPoint\",\"urlTemplate\":\"https:\/\/ruuby.ee\/en\/?s={search_term_string}\"},\"query-input\":{\"@type\":\"PropertyValueSpecification\",\"valueRequired\":true,\"valueName\":\"search_term_string\"}}],\"inLanguage\":\"en-GB\"},{\"@type\":\"Organization\",\"@id\":\"https:\/\/ruuby.ee\/en\/#organization\",\"name\":\"Ruuby Disain O\u00dc\",\"alternateName\":\"Ruuby\",\"url\":\"https:\/\/ruuby.ee\/en\/\",\"logo\":{\"@type\":\"ImageObject\",\"inLanguage\":\"en-GB\",\"@id\":\"https:\/\/ruuby.ee\/en\/#\/schema\/logo\/image\/\",\"url\":\"http:\/\/ruuby.ee\/wp-content\/uploads\/2023\/06\/cropped-Black-White-Elegant-Circle-Signature-Fashion-Logo-12_large.png\",\"contentUrl\":\"http:\/\/ruuby.ee\/wp-content\/uploads\/2023\/06\/cropped-Black-White-Elegant-Circle-Signature-Fashion-Logo-12_large.png\",\"width\":1280,\"height\":747,\"caption\":\"Ruuby Disain O\u00dc\"},\"image\":{\"@id\":\"https:\/\/ruuby.ee\/en\/#\/schema\/logo\/image\/\"},\"sameAs\":[\"https:\/\/www.facebook.com\/ruubyconcept\",\"https:\/\/www.instagram.com\/ruuby_concept\/\"]}]}<\/script>\n<!-- \/ Yoast SEO plugin. -->","yoast_head_json":{"title":"MUUBS - S\u00f6\u00f6gilaud Space \u00d8120 - RUUBY","robots":{"index":"index","follow":"follow","max-snippet":"max-snippet:-1","max-image-preview":"max-image-preview:large","max-video-preview":"max-video-preview:-1"},"canonical":"http:\/\/ruuby.ee\/en\/pood\/kodusisustus\/moobel\/lauad\/muubs-soogilaud-space-natural-o150\/","og_locale":"en_GB","og_type":"article","og_title":"MUUBS - S\u00f6\u00f6gilaud Space \u00d8120 - RUUBY","og_description":"\u00dcmmargune s\u00f6\u00f6gilaud firmalt MUUBS \u00f5litatud tammest. Tammepuidust laud on disainitud koost\u00f6\u00f6s Taani disainimeeskonnaga Says Who, kes on kujundanud ka \u00fclej\u00e4\u00e4nud Space lauad. \u00dcmarlaual on palju eeliseid, kuna see v\u00f5tab v\u00e4hem ruumi ja selle \u00fcmber mahub rohkem inimesi istuma. See tammepuidust laud kutsub teid hubasele \u00f5htule, sest k\u00f5ik saavad silmsidet hoida ja omavahel r\u00e4\u00e4kida. S\u00f6\u00f6gilaua juurde [&hellip;]","og_url":"http:\/\/ruuby.ee\/en\/pood\/kodusisustus\/moobel\/lauad\/muubs-soogilaud-space-natural-o150\/","og_site_name":"RUUBY","article_publisher":"https:\/\/www.facebook.com\/ruubyconcept","article_modified_time":"2026-04-02T22:24:42+00:00","og_image":[{"width":879,"height":1024,"url":"http:\/\/ruuby.ee\/wp-content\/uploads\/2023\/06\/Screenshot-2023-07-27-at-15.30.55-879x1024.png","type":"image\/png"}],"twitter_card":"summary_large_image","twitter_misc":{"Estimated reading time":"1 minute"},"schema":{"@context":"https:\/\/schema.org","@graph":[{"@type":["WebPage","ItemPage"],"@id":"http:\/\/ruuby.ee\/en\/pood\/kodusisustus\/moobel\/lauad\/muubs-soogilaud-space-natural-o150\/","url":"http:\/\/ruuby.ee\/en\/pood\/kodusisustus\/moobel\/lauad\/muubs-soogilaud-space-natural-o150\/","name":"MUUBS - S\u00f6\u00f6gilaud Space \u00d8120 - RUUBY","isPartOf":{"@id":"https:\/\/ruuby.ee\/en\/#website"},"primaryImageOfPage":{"@id":"http:\/\/ruuby.ee\/en\/pood\/kodusisustus\/moobel\/lauad\/muubs-soogilaud-space-natural-o150\/#primaryimage"},"image":{"@id":"http:\/\/ruuby.ee\/en\/pood\/kodusisustus\/moobel\/lauad\/muubs-soogilaud-space-natural-o150\/#primaryimage"},"thumbnailUrl":"http:\/\/ruuby.ee\/wp-content\/uploads\/2023\/06\/Screenshot-2023-07-27-at-15.30.55.png","datePublished":"2023-06-14T18:02:11+00:00","dateModified":"2026-04-02T22:24:42+00:00","breadcrumb":{"@id":"http:\/\/ruuby.ee\/en\/pood\/kodusisustus\/moobel\/lauad\/muubs-soogilaud-space-natural-o150\/#breadcrumb"},"inLanguage":"en-GB","potentialAction":[{"@type":"ReadAction","target":["http:\/\/ruuby.ee\/en\/pood\/kodusisustus\/moobel\/lauad\/muubs-soogilaud-space-natural-o150\/"]}]},{"@type":"ImageObject","inLanguage":"en-GB","@id":"http:\/\/ruuby.ee\/en\/pood\/kodusisustus\/moobel\/lauad\/muubs-soogilaud-space-natural-o150\/#primaryimage","url":"http:\/\/ruuby.ee\/wp-content\/uploads\/2023\/06\/Screenshot-2023-07-27-at-15.30.55.png","contentUrl":"http:\/\/ruuby.ee\/wp-content\/uploads\/2023\/06\/Screenshot-2023-07-27-at-15.30.55.png","width":1052,"height":1226},{"@type":"BreadcrumbList","@id":"http:\/\/ruuby.ee\/en\/pood\/kodusisustus\/moobel\/lauad\/muubs-soogilaud-space-natural-o150\/#breadcrumb","itemListElement":[{"@type":"ListItem","position":1,"name":"Kdu","item":"https:\/\/ruuby.ee\/en\/"},{"@type":"ListItem","position":2,"name":"Pood","item":"https:\/\/ruuby.ee\/pood\/"},{"@type":"ListItem","position":3,"name":"MUUBS &#8211; S\u00f6\u00f6gilaud Space \u00d8120"}]},{"@type":"WebSite","@id":"https:\/\/ruuby.ee\/en\/#website","url":"https:\/\/ruuby.ee\/en\/","name":"RUUBY","description":"Ruubys on \u00fchendatud elustiil ja disain","publisher":{"@id":"https:\/\/ruuby.ee\/en\/#organization"},"alternateName":"Ruuby Disain","potentialAction":[{"@type":"SearchAction","target":{"@type":"EntryPoint","urlTemplate":"https:\/\/ruuby.ee\/en\/?s={search_term_string}"},"query-input":{"@type":"PropertyValueSpecification","valueRequired":true,"valueName":"search_term_string"}}],"inLanguage":"en-GB"},{"@type":"Organization","@id":"https:\/\/ruuby.ee\/en\/#organization","name":"Ruuby Disain O\u00dc","alternateName":"Ruuby","url":"https:\/\/ruuby.ee\/en\/","logo":{"@type":"ImageObject","inLanguage":"en-GB","@id":"https:\/\/ruuby.ee\/en\/#\/schema\/logo\/image\/","url":"http:\/\/ruuby.ee\/wp-content\/uploads\/2023\/06\/cropped-Black-White-Elegant-Circle-Signature-Fashion-Logo-12_large.png","contentUrl":"http:\/\/ruuby.ee\/wp-content\/uploads\/2023\/06\/cropped-Black-White-Elegant-Circle-Signature-Fashion-Logo-12_large.png","width":1280,"height":747,"caption":"Ruuby Disain O\u00dc"},"image":{"@id":"https:\/\/ruuby.ee\/en\/#\/schema\/logo\/image\/"},"sameAs":["https:\/\/www.facebook.com\/ruubyconcept","https:\/\/www.instagram.com\/ruuby_concept\/"]}]}},"jetpack_sharing_enabled":true,"_links":{"self":[{"href":"http:\/\/ruuby.ee\/en\/wp-json\/wp\/v2\/product\/1638197","targetHints":{"allow":["GET"]}}],"collection":[{"href":"http:\/\/ruuby.ee\/en\/wp-json\/wp\/v2\/product"}],"about":[{"href":"http:\/\/ruuby.ee\/en\/wp-json\/wp\/v2\/types\/product"}],"replies":[{"embeddable":true,"href":"http:\/\/ruuby.ee\/en\/wp-json\/wp\/v2\/comments?post=1638197"}],"wp:featuredmedia":[{"embeddable":true,"href":"http:\/\/ruuby.ee\/en\/wp-json\/wp\/v2\/media\/1837846"}],"wp:attachment":[{"href":"http:\/\/ruuby.ee\/en\/wp-json\/wp\/v2\/media?parent=1638197"}],"wp:term":[{"taxonomy":"product_brand","embeddable":true,"href":"http:\/\/ruuby.ee\/en\/wp-json\/wp\/v2\/product_brand?post=1638197"},{"taxonomy":"product_cat","embeddable":true,"href":"http:\/\/ruuby.ee\/en\/wp-json\/wp\/v2\/product_cat?post=1638197"},{"taxonomy":"product_tag","embeddable":true,"href":"http:\/\/ruuby.ee\/en\/wp-json\/wp\/v2\/product_tag?post=1638197"}],"curies":[{"name":"wp","href":"https:\/\/api.w.org\/{rel}","templated":true}]}}