{"id":1638186,"date":"2023-06-14T21:02:09","date_gmt":"2023-06-14T18:02:09","guid":{"rendered":"http:\/\/ruuby.ee\/?post_type=product&#038;p=1638186"},"modified":"2026-04-04T01:25:04","modified_gmt":"2026-04-03T22:25:04","slug":"muubs-soogitool-chamfer","status":"publish","type":"product","link":"http:\/\/ruuby.ee\/en\/pood\/kodusisustus\/moobel\/toolid\/muubs-soogitool-chamfer\/","title":{"rendered":"MUUBS S\u00f6\u00f6gitool Chamfer"},"content":{"rendered":"<p>S\u00f6\u00f6gilauatool Chamfer on murrangulise disaini kehastus.<\/p>\n<p>Teravad nurgad, mis on disainis oluliseks koostisosaks, on samuti mugavuse oluline komponent.<\/p>\n<p>Koost\u00f6\u00f6s SaysWhoga disainitud Chamfer on saanud geomeetriliselt inspireeritud nime ainulaadse v\u00e4limuse t\u00f5ttu, mis teeb s\u00f6\u00f6gilauatoolist interj\u00f6\u00f6ri ehteks olenemata sellest, kummalt poolt tooli vaadata.<\/p>\n<p>Pulberv\u00e4rvitud raam, mis on polsterdatud vastupidava kiviga pestud l\u00f5uendiga, annab Chamferile interj\u00f6\u00f6ri toore ja ajatu ilme.<\/p>\n<p>Chamferi s\u00f6\u00f6gitoolid on heaks kiidetud kasutamiseks ka lepingulisel turul.<\/p>\n<p>M\u00f5\u00f5dud: H82xW53xD46cm<\/p>\n<p>Toode saadaval tellimusega (miinimumtellimus 2 tooli).<\/p>","protected":false},"excerpt":{"rendered":"<p>S\u00f6\u00f6gilauatool Chamfer on murrangulise disaini kehastus. Teravad nurgad, mis on disainis oluliseks koostisosaks, on samuti mugavuse oluline komponent. Koost\u00f6\u00f6s SaysWhoga disainitud Chamfer on saanud geomeetriliselt inspireeritud nime ainulaadse v\u00e4limuse t\u00f5ttu, mis teeb s\u00f6\u00f6gilauatoolist interj\u00f6\u00f6ri ehteks olenemata sellest, kummalt poolt tooli vaadata. Pulberv\u00e4rvitud raam, mis on polsterdatud vastupidava kiviga pestud l\u00f5uendiga, annab Chamferile interj\u00f6\u00f6ri toore ja [&hellip;]<\/p>\n","protected":false},"featured_media":1829709,"comment_status":"open","ping_status":"closed","template":"","meta":[],"product_brand":[],"product_cat":[42,555],"product_tag":[],"class_list":{"0":"post-1638186","1":"product","2":"type-product","3":"status-publish","4":"has-post-thumbnail","6":"product_cat-kodusisustus","7":"product_cat-toolid","9":"first","10":"onbackorder","11":"taxable","12":"shipping-taxable","13":"purchasable","14":"product-type-simple"},"yoast_head":"<!-- This site is optimized with the Yoast SEO plugin v27.2 - https:\/\/yoast.com\/product\/yoast-seo-wordpress\/ -->\n<title>MUUBS S\u00f6\u00f6gitool Chamfer - RUUBY<\/title>\n<meta name=\"robots\" content=\"index, follow, max-snippet:-1, max-image-preview:large, max-video-preview:-1\" \/>\n<link rel=\"canonical\" href=\"https:\/\/ruuby.ee\/en\/pood\/kodusisustus\/moobel\/toolid\/muubs-soogitool-chamfer\/\" \/>\n<meta property=\"og:locale\" content=\"en_GB\" \/>\n<meta property=\"og:type\" content=\"article\" \/>\n<meta property=\"og:title\" content=\"MUUBS S\u00f6\u00f6gitool Chamfer - RUUBY\" \/>\n<meta property=\"og:description\" content=\"S\u00f6\u00f6gilauatool Chamfer on murrangulise disaini kehastus. Teravad nurgad, mis on disainis oluliseks koostisosaks, on samuti mugavuse oluline komponent. Koost\u00f6\u00f6s SaysWhoga disainitud Chamfer on saanud geomeetriliselt inspireeritud nime ainulaadse v\u00e4limuse t\u00f5ttu, mis teeb s\u00f6\u00f6gilauatoolist interj\u00f6\u00f6ri ehteks olenemata sellest, kummalt poolt tooli vaadata. Pulberv\u00e4rvitud raam, mis on polsterdatud vastupidava kiviga pestud l\u00f5uendiga, annab Chamferile interj\u00f6\u00f6ri toore ja [&hellip;]\" \/>\n<meta property=\"og:url\" content=\"https:\/\/ruuby.ee\/en\/pood\/kodusisustus\/moobel\/toolid\/muubs-soogitool-chamfer\/\" \/>\n<meta property=\"og:site_name\" content=\"RUUBY\" \/>\n<meta property=\"article:publisher\" content=\"https:\/\/www.facebook.com\/ruubyconcept\" \/>\n<meta property=\"article:modified_time\" content=\"2026-04-03T22:25:04+00:00\" \/>\n<meta property=\"og:image\" content=\"https:\/\/ruuby.ee\/wp-content\/uploads\/2023\/06\/Screenshot202023-01-1820at2017.49.52.png\" \/>\n\t<meta property=\"og:image:width\" content=\"1114\" \/>\n\t<meta property=\"og:image:height\" content=\"1072\" \/>\n\t<meta property=\"og:image:type\" content=\"image\/png\" \/>\n<meta name=\"twitter:card\" content=\"summary_large_image\" \/>\n<meta name=\"twitter:label1\" content=\"Estimated reading time\" \/>\n\t<meta name=\"twitter:data1\" content=\"1 minute\" \/>\n<script type=\"application\/ld+json\" class=\"yoast-schema-graph\">{\"@context\":\"https:\/\/schema.org\",\"@graph\":[{\"@type\":[\"WebPage\",\"ItemPage\"],\"@id\":\"https:\/\/ruuby.ee\/pood\/kodusisustus\/moobel\/toolid\/muubs-soogitool-chamfer\/\",\"url\":\"https:\/\/ruuby.ee\/pood\/kodusisustus\/moobel\/toolid\/muubs-soogitool-chamfer\/\",\"name\":\"MUUBS S\u00f6\u00f6gitool Chamfer - RUUBY\",\"isPartOf\":{\"@id\":\"https:\/\/ruuby.ee\/en\/#website\"},\"primaryImageOfPage\":{\"@id\":\"https:\/\/ruuby.ee\/pood\/kodusisustus\/moobel\/toolid\/muubs-soogitool-chamfer\/#primaryimage\"},\"image\":{\"@id\":\"https:\/\/ruuby.ee\/pood\/kodusisustus\/moobel\/toolid\/muubs-soogitool-chamfer\/#primaryimage\"},\"thumbnailUrl\":\"http:\/\/ruuby.ee\/wp-content\/uploads\/2023\/06\/Screenshot202023-01-1820at2017.49.52.png\",\"datePublished\":\"2023-06-14T18:02:09+00:00\",\"dateModified\":\"2026-04-03T22:25:04+00:00\",\"breadcrumb\":{\"@id\":\"https:\/\/ruuby.ee\/pood\/kodusisustus\/moobel\/toolid\/muubs-soogitool-chamfer\/#breadcrumb\"},\"inLanguage\":\"en-GB\",\"potentialAction\":[{\"@type\":\"ReadAction\",\"target\":[\"https:\/\/ruuby.ee\/pood\/kodusisustus\/moobel\/toolid\/muubs-soogitool-chamfer\/\"]}]},{\"@type\":\"ImageObject\",\"inLanguage\":\"en-GB\",\"@id\":\"https:\/\/ruuby.ee\/pood\/kodusisustus\/moobel\/toolid\/muubs-soogitool-chamfer\/#primaryimage\",\"url\":\"http:\/\/ruuby.ee\/wp-content\/uploads\/2023\/06\/Screenshot202023-01-1820at2017.49.52.png\",\"contentUrl\":\"http:\/\/ruuby.ee\/wp-content\/uploads\/2023\/06\/Screenshot202023-01-1820at2017.49.52.png\",\"width\":1114,\"height\":1072},{\"@type\":\"BreadcrumbList\",\"@id\":\"https:\/\/ruuby.ee\/pood\/kodusisustus\/moobel\/toolid\/muubs-soogitool-chamfer\/#breadcrumb\",\"itemListElement\":[{\"@type\":\"ListItem\",\"position\":1,\"name\":\"Kdu\",\"item\":\"https:\/\/ruuby.ee\/en\/\"},{\"@type\":\"ListItem\",\"position\":2,\"name\":\"Pood\",\"item\":\"https:\/\/ruuby.ee\/pood\/\"},{\"@type\":\"ListItem\",\"position\":3,\"name\":\"MUUBS S\u00f6\u00f6gitool Chamfer\"}]},{\"@type\":\"WebSite\",\"@id\":\"https:\/\/ruuby.ee\/en\/#website\",\"url\":\"https:\/\/ruuby.ee\/en\/\",\"name\":\"RUUBY\",\"description\":\"Ruubys on \u00fchendatud elustiil ja disain\",\"publisher\":{\"@id\":\"https:\/\/ruuby.ee\/en\/#organization\"},\"alternateName\":\"Ruuby Disain\",\"potentialAction\":[{\"@type\":\"SearchAction\",\"target\":{\"@type\":\"EntryPoint\",\"urlTemplate\":\"https:\/\/ruuby.ee\/en\/?s={search_term_string}\"},\"query-input\":{\"@type\":\"PropertyValueSpecification\",\"valueRequired\":true,\"valueName\":\"search_term_string\"}}],\"inLanguage\":\"en-GB\"},{\"@type\":\"Organization\",\"@id\":\"https:\/\/ruuby.ee\/en\/#organization\",\"name\":\"Ruuby Disain O\u00dc\",\"alternateName\":\"Ruuby\",\"url\":\"https:\/\/ruuby.ee\/en\/\",\"logo\":{\"@type\":\"ImageObject\",\"inLanguage\":\"en-GB\",\"@id\":\"https:\/\/ruuby.ee\/en\/#\/schema\/logo\/image\/\",\"url\":\"http:\/\/ruuby.ee\/wp-content\/uploads\/2023\/06\/cropped-Black-White-Elegant-Circle-Signature-Fashion-Logo-12_large.png\",\"contentUrl\":\"http:\/\/ruuby.ee\/wp-content\/uploads\/2023\/06\/cropped-Black-White-Elegant-Circle-Signature-Fashion-Logo-12_large.png\",\"width\":1280,\"height\":747,\"caption\":\"Ruuby Disain O\u00dc\"},\"image\":{\"@id\":\"https:\/\/ruuby.ee\/en\/#\/schema\/logo\/image\/\"},\"sameAs\":[\"https:\/\/www.facebook.com\/ruubyconcept\",\"https:\/\/www.instagram.com\/ruuby_concept\/\"]}]}<\/script>\n<!-- \/ Yoast SEO plugin. -->","yoast_head_json":{"title":"MUUBS S\u00f6\u00f6gitool Chamfer - RUUBY","robots":{"index":"index","follow":"follow","max-snippet":"max-snippet:-1","max-image-preview":"max-image-preview:large","max-video-preview":"max-video-preview:-1"},"canonical":"https:\/\/ruuby.ee\/en\/pood\/kodusisustus\/moobel\/toolid\/muubs-soogitool-chamfer\/","og_locale":"en_GB","og_type":"article","og_title":"MUUBS S\u00f6\u00f6gitool Chamfer - RUUBY","og_description":"S\u00f6\u00f6gilauatool Chamfer on murrangulise disaini kehastus. Teravad nurgad, mis on disainis oluliseks koostisosaks, on samuti mugavuse oluline komponent. Koost\u00f6\u00f6s SaysWhoga disainitud Chamfer on saanud geomeetriliselt inspireeritud nime ainulaadse v\u00e4limuse t\u00f5ttu, mis teeb s\u00f6\u00f6gilauatoolist interj\u00f6\u00f6ri ehteks olenemata sellest, kummalt poolt tooli vaadata. Pulberv\u00e4rvitud raam, mis on polsterdatud vastupidava kiviga pestud l\u00f5uendiga, annab Chamferile interj\u00f6\u00f6ri toore ja [&hellip;]","og_url":"https:\/\/ruuby.ee\/en\/pood\/kodusisustus\/moobel\/toolid\/muubs-soogitool-chamfer\/","og_site_name":"RUUBY","article_publisher":"https:\/\/www.facebook.com\/ruubyconcept","article_modified_time":"2026-04-03T22:25:04+00:00","og_image":[{"width":1114,"height":1072,"url":"https:\/\/ruuby.ee\/wp-content\/uploads\/2023\/06\/Screenshot202023-01-1820at2017.49.52.png","type":"image\/png"}],"twitter_card":"summary_large_image","twitter_misc":{"Estimated reading time":"1 minute"},"schema":{"@context":"https:\/\/schema.org","@graph":[{"@type":["WebPage","ItemPage"],"@id":"https:\/\/ruuby.ee\/pood\/kodusisustus\/moobel\/toolid\/muubs-soogitool-chamfer\/","url":"https:\/\/ruuby.ee\/pood\/kodusisustus\/moobel\/toolid\/muubs-soogitool-chamfer\/","name":"MUUBS S\u00f6\u00f6gitool Chamfer - RUUBY","isPartOf":{"@id":"https:\/\/ruuby.ee\/en\/#website"},"primaryImageOfPage":{"@id":"https:\/\/ruuby.ee\/pood\/kodusisustus\/moobel\/toolid\/muubs-soogitool-chamfer\/#primaryimage"},"image":{"@id":"https:\/\/ruuby.ee\/pood\/kodusisustus\/moobel\/toolid\/muubs-soogitool-chamfer\/#primaryimage"},"thumbnailUrl":"http:\/\/ruuby.ee\/wp-content\/uploads\/2023\/06\/Screenshot202023-01-1820at2017.49.52.png","datePublished":"2023-06-14T18:02:09+00:00","dateModified":"2026-04-03T22:25:04+00:00","breadcrumb":{"@id":"https:\/\/ruuby.ee\/pood\/kodusisustus\/moobel\/toolid\/muubs-soogitool-chamfer\/#breadcrumb"},"inLanguage":"en-GB","potentialAction":[{"@type":"ReadAction","target":["https:\/\/ruuby.ee\/pood\/kodusisustus\/moobel\/toolid\/muubs-soogitool-chamfer\/"]}]},{"@type":"ImageObject","inLanguage":"en-GB","@id":"https:\/\/ruuby.ee\/pood\/kodusisustus\/moobel\/toolid\/muubs-soogitool-chamfer\/#primaryimage","url":"http:\/\/ruuby.ee\/wp-content\/uploads\/2023\/06\/Screenshot202023-01-1820at2017.49.52.png","contentUrl":"http:\/\/ruuby.ee\/wp-content\/uploads\/2023\/06\/Screenshot202023-01-1820at2017.49.52.png","width":1114,"height":1072},{"@type":"BreadcrumbList","@id":"https:\/\/ruuby.ee\/pood\/kodusisustus\/moobel\/toolid\/muubs-soogitool-chamfer\/#breadcrumb","itemListElement":[{"@type":"ListItem","position":1,"name":"Kdu","item":"https:\/\/ruuby.ee\/en\/"},{"@type":"ListItem","position":2,"name":"Pood","item":"https:\/\/ruuby.ee\/pood\/"},{"@type":"ListItem","position":3,"name":"MUUBS S\u00f6\u00f6gitool Chamfer"}]},{"@type":"WebSite","@id":"https:\/\/ruuby.ee\/en\/#website","url":"https:\/\/ruuby.ee\/en\/","name":"RUUBY","description":"Ruubys on \u00fchendatud elustiil ja disain","publisher":{"@id":"https:\/\/ruuby.ee\/en\/#organization"},"alternateName":"Ruuby Disain","potentialAction":[{"@type":"SearchAction","target":{"@type":"EntryPoint","urlTemplate":"https:\/\/ruuby.ee\/en\/?s={search_term_string}"},"query-input":{"@type":"PropertyValueSpecification","valueRequired":true,"valueName":"search_term_string"}}],"inLanguage":"en-GB"},{"@type":"Organization","@id":"https:\/\/ruuby.ee\/en\/#organization","name":"Ruuby Disain O\u00dc","alternateName":"Ruuby","url":"https:\/\/ruuby.ee\/en\/","logo":{"@type":"ImageObject","inLanguage":"en-GB","@id":"https:\/\/ruuby.ee\/en\/#\/schema\/logo\/image\/","url":"http:\/\/ruuby.ee\/wp-content\/uploads\/2023\/06\/cropped-Black-White-Elegant-Circle-Signature-Fashion-Logo-12_large.png","contentUrl":"http:\/\/ruuby.ee\/wp-content\/uploads\/2023\/06\/cropped-Black-White-Elegant-Circle-Signature-Fashion-Logo-12_large.png","width":1280,"height":747,"caption":"Ruuby Disain O\u00dc"},"image":{"@id":"https:\/\/ruuby.ee\/en\/#\/schema\/logo\/image\/"},"sameAs":["https:\/\/www.facebook.com\/ruubyconcept","https:\/\/www.instagram.com\/ruuby_concept\/"]}]}},"jetpack_sharing_enabled":true,"_links":{"self":[{"href":"http:\/\/ruuby.ee\/en\/wp-json\/wp\/v2\/product\/1638186","targetHints":{"allow":["GET"]}}],"collection":[{"href":"http:\/\/ruuby.ee\/en\/wp-json\/wp\/v2\/product"}],"about":[{"href":"http:\/\/ruuby.ee\/en\/wp-json\/wp\/v2\/types\/product"}],"replies":[{"embeddable":true,"href":"http:\/\/ruuby.ee\/en\/wp-json\/wp\/v2\/comments?post=1638186"}],"wp:featuredmedia":[{"embeddable":true,"href":"http:\/\/ruuby.ee\/en\/wp-json\/wp\/v2\/media\/1829709"}],"wp:attachment":[{"href":"http:\/\/ruuby.ee\/en\/wp-json\/wp\/v2\/media?parent=1638186"}],"wp:term":[{"taxonomy":"product_brand","embeddable":true,"href":"http:\/\/ruuby.ee\/en\/wp-json\/wp\/v2\/product_brand?post=1638186"},{"taxonomy":"product_cat","embeddable":true,"href":"http:\/\/ruuby.ee\/en\/wp-json\/wp\/v2\/product_cat?post=1638186"},{"taxonomy":"product_tag","embeddable":true,"href":"http:\/\/ruuby.ee\/en\/wp-json\/wp\/v2\/product_tag?post=1638186"}],"curies":[{"name":"wp","href":"https:\/\/api.w.org\/{rel}","templated":true}]}}