{"id":1634397,"date":"2023-06-14T21:02:12","date_gmt":"2023-06-14T18:02:12","guid":{"rendered":"http:\/\/ruuby.ee\/?post_type=product&#038;p=1634397"},"modified":"2026-04-08T01:28:44","modified_gmt":"2026-04-07T22:28:44","slug":"elenseni-revolve-konsoollaud","status":"publish","type":"product","link":"http:\/\/ruuby.ee\/en\/pood\/kodusisustus\/moobel\/kapid\/elenseni-revolve-konsoollaud\/","title":{"rendered":"Elenseni REVOLVE konsoollaud"},"content":{"rendered":"<p>Elenseni REVOLVE &#8211; sarja konsoollaud p\u00fc\u00fcab kohe kindlasti pilke. Selle laua juures on iga detail l\u00e4bi m\u00f5eldud.<\/p>\n<p>Nurgeline disain on kindlasti pilkup\u00fc\u00fcdev aktsent. Konsool on valmistatud tammespoonist MDF lauaplaadist ja tammespoonist MDF jalad. Iga detail on l\u00e4bi m\u00f5eldud ja katsetatud, laua valmistamiseks on valitud sobivaimad toorained. 1,1 m pikkune ja 0,3 m laiune konsool sobib ideaalselt interj\u00f6\u00f6ri detailiks. \u00d5rn, kuid kaasaegne disain sobib suurep\u00e4raselt modernsesse, industriaalsesse v\u00f5i klassikalises stiilis interj\u00f6\u00f6ri. See on suurep\u00e4rane detail teie kodus, millest \u00f5hkub kvaliteeti ja vastupidavust.<\/p>\n<p>M\u00f5\u00f5dud: laius 110cm, s\u00fcgavus 30cm, k\u00f5rgus 80 cm.<\/p>\n<p>Toode saadaval tellimisega.<\/p>","protected":false},"excerpt":{"rendered":"<p>Elenseni REVOLVE &#8211; sarja konsoollaud p\u00fc\u00fcab kohe kindlasti pilke. Selle laua juures on iga detail l\u00e4bi m\u00f5eldud. Nurgeline disain on kindlasti pilkup\u00fc\u00fcdev aktsent. Konsool on valmistatud tammespoonist MDF lauaplaadist ja tammespoonist MDF jalad. Iga detail on l\u00e4bi m\u00f5eldud ja katsetatud, laua valmistamiseks on valitud sobivaimad toorained. 1,1 m pikkune ja 0,3 m laiune konsool sobib [&hellip;]<\/p>\n","protected":false},"featured_media":1834080,"comment_status":"open","ping_status":"closed","template":"","meta":[],"product_brand":[],"product_cat":[56],"product_tag":[327,328],"class_list":{"0":"post-1634397","1":"product","2":"type-product","3":"status-publish","4":"has-post-thumbnail","6":"product_cat-kapid","7":"product_tag-elensen","8":"product_tag-konsoollaud","10":"first","11":"instock","12":"taxable","13":"shipping-taxable","14":"purchasable","15":"product-type-simple"},"yoast_head":"<!-- This site is optimized with the Yoast SEO plugin v27.3 - https:\/\/yoast.com\/product\/yoast-seo-wordpress\/ -->\n<title>Elenseni REVOLVE konsoollaud - RUUBY<\/title>\n<meta name=\"robots\" content=\"index, follow, max-snippet:-1, max-image-preview:large, max-video-preview:-1\" \/>\n<link rel=\"canonical\" href=\"http:\/\/ruuby.ee\/en\/pood\/kodusisustus\/moobel\/kapid\/elenseni-revolve-konsoollaud\/\" \/>\n<meta property=\"og:locale\" content=\"en_GB\" \/>\n<meta property=\"og:type\" content=\"article\" \/>\n<meta property=\"og:title\" content=\"Elenseni REVOLVE konsoollaud - RUUBY\" \/>\n<meta property=\"og:description\" content=\"Elenseni REVOLVE &#8211; sarja konsoollaud p\u00fc\u00fcab kohe kindlasti pilke. Selle laua juures on iga detail l\u00e4bi m\u00f5eldud. Nurgeline disain on kindlasti pilkup\u00fc\u00fcdev aktsent. Konsool on valmistatud tammespoonist MDF lauaplaadist ja tammespoonist MDF jalad. Iga detail on l\u00e4bi m\u00f5eldud ja katsetatud, laua valmistamiseks on valitud sobivaimad toorained. 1,1 m pikkune ja 0,3 m laiune konsool sobib [&hellip;]\" \/>\n<meta property=\"og:url\" content=\"http:\/\/ruuby.ee\/en\/pood\/kodusisustus\/moobel\/kapid\/elenseni-revolve-konsoollaud\/\" \/>\n<meta property=\"og:site_name\" content=\"RUUBY\" \/>\n<meta property=\"article:publisher\" content=\"https:\/\/www.facebook.com\/ruubyconcept\" \/>\n<meta property=\"article:modified_time\" content=\"2026-04-07T22:28:44+00:00\" \/>\n<meta property=\"og:image\" content=\"http:\/\/ruuby.ee\/wp-content\/uploads\/2023\/06\/Screenshot202023-01-1620at2017.51.51.png\" \/>\n\t<meta property=\"og:image:width\" content=\"1686\" \/>\n\t<meta property=\"og:image:height\" content=\"1230\" \/>\n\t<meta property=\"og:image:type\" content=\"image\/png\" \/>\n<meta name=\"twitter:card\" content=\"summary_large_image\" \/>\n<meta name=\"twitter:label1\" content=\"Estimated reading time\" \/>\n\t<meta name=\"twitter:data1\" content=\"1 minute\" \/>\n<script type=\"application\/ld+json\" class=\"yoast-schema-graph\">{\"@context\":\"https:\\\/\\\/schema.org\",\"@graph\":[{\"@type\":[\"WebPage\",\"ItemPage\"],\"@id\":\"http:\\\/\\\/ruuby.ee\\\/pood\\\/kodusisustus\\\/moobel\\\/kapid\\\/elenseni-revolve-konsoollaud\\\/\",\"url\":\"http:\\\/\\\/ruuby.ee\\\/pood\\\/kodusisustus\\\/moobel\\\/kapid\\\/elenseni-revolve-konsoollaud\\\/\",\"name\":\"Elenseni REVOLVE konsoollaud - RUUBY\",\"isPartOf\":{\"@id\":\"http:\\\/\\\/ruuby.ee\\\/#website\"},\"primaryImageOfPage\":{\"@id\":\"http:\\\/\\\/ruuby.ee\\\/pood\\\/kodusisustus\\\/moobel\\\/kapid\\\/elenseni-revolve-konsoollaud\\\/#primaryimage\"},\"image\":{\"@id\":\"http:\\\/\\\/ruuby.ee\\\/pood\\\/kodusisustus\\\/moobel\\\/kapid\\\/elenseni-revolve-konsoollaud\\\/#primaryimage\"},\"thumbnailUrl\":\"http:\\\/\\\/ruuby.ee\\\/wp-content\\\/uploads\\\/2023\\\/06\\\/Screenshot202023-01-1620at2017.51.51.png\",\"datePublished\":\"2023-06-14T18:02:12+00:00\",\"dateModified\":\"2026-04-07T22:28:44+00:00\",\"breadcrumb\":{\"@id\":\"http:\\\/\\\/ruuby.ee\\\/pood\\\/kodusisustus\\\/moobel\\\/kapid\\\/elenseni-revolve-konsoollaud\\\/#breadcrumb\"},\"inLanguage\":\"en-GB\",\"potentialAction\":[{\"@type\":\"ReadAction\",\"target\":[\"http:\\\/\\\/ruuby.ee\\\/pood\\\/kodusisustus\\\/moobel\\\/kapid\\\/elenseni-revolve-konsoollaud\\\/\"]}]},{\"@type\":\"ImageObject\",\"inLanguage\":\"en-GB\",\"@id\":\"http:\\\/\\\/ruuby.ee\\\/pood\\\/kodusisustus\\\/moobel\\\/kapid\\\/elenseni-revolve-konsoollaud\\\/#primaryimage\",\"url\":\"http:\\\/\\\/ruuby.ee\\\/wp-content\\\/uploads\\\/2023\\\/06\\\/Screenshot202023-01-1620at2017.51.51.png\",\"contentUrl\":\"http:\\\/\\\/ruuby.ee\\\/wp-content\\\/uploads\\\/2023\\\/06\\\/Screenshot202023-01-1620at2017.51.51.png\",\"width\":1686,\"height\":1230},{\"@type\":\"BreadcrumbList\",\"@id\":\"http:\\\/\\\/ruuby.ee\\\/pood\\\/kodusisustus\\\/moobel\\\/kapid\\\/elenseni-revolve-konsoollaud\\\/#breadcrumb\",\"itemListElement\":[{\"@type\":\"ListItem\",\"position\":1,\"name\":\"Kdu\",\"item\":\"http:\\\/\\\/ruuby.ee\\\/\"},{\"@type\":\"ListItem\",\"position\":2,\"name\":\"Pood\",\"item\":\"http:\\\/\\\/ruuby.ee\\\/pood\\\/\"},{\"@type\":\"ListItem\",\"position\":3,\"name\":\"Elenseni REVOLVE konsoollaud\"}]},{\"@type\":\"WebSite\",\"@id\":\"http:\\\/\\\/ruuby.ee\\\/#website\",\"url\":\"http:\\\/\\\/ruuby.ee\\\/\",\"name\":\"RUUBY\",\"description\":\"Ruubys on \u00fchendatud elustiil ja disain\",\"publisher\":{\"@id\":\"http:\\\/\\\/ruuby.ee\\\/#organization\"},\"alternateName\":\"Ruuby Disain\",\"potentialAction\":[{\"@type\":\"SearchAction\",\"target\":{\"@type\":\"EntryPoint\",\"urlTemplate\":\"http:\\\/\\\/ruuby.ee\\\/?s={search_term_string}\"},\"query-input\":{\"@type\":\"PropertyValueSpecification\",\"valueRequired\":true,\"valueName\":\"search_term_string\"}}],\"inLanguage\":\"en-GB\"},{\"@type\":\"Organization\",\"@id\":\"http:\\\/\\\/ruuby.ee\\\/#organization\",\"name\":\"Ruuby Disain O\u00dc\",\"alternateName\":\"Ruuby\",\"url\":\"http:\\\/\\\/ruuby.ee\\\/\",\"logo\":{\"@type\":\"ImageObject\",\"inLanguage\":\"en-GB\",\"@id\":\"http:\\\/\\\/ruuby.ee\\\/#\\\/schema\\\/logo\\\/image\\\/\",\"url\":\"http:\\\/\\\/ruuby.ee\\\/wp-content\\\/uploads\\\/2023\\\/06\\\/cropped-Black-White-Elegant-Circle-Signature-Fashion-Logo-12_large.png\",\"contentUrl\":\"http:\\\/\\\/ruuby.ee\\\/wp-content\\\/uploads\\\/2023\\\/06\\\/cropped-Black-White-Elegant-Circle-Signature-Fashion-Logo-12_large.png\",\"width\":1280,\"height\":747,\"caption\":\"Ruuby Disain O\u00dc\"},\"image\":{\"@id\":\"http:\\\/\\\/ruuby.ee\\\/#\\\/schema\\\/logo\\\/image\\\/\"},\"sameAs\":[\"https:\\\/\\\/www.facebook.com\\\/ruubyconcept\",\"https:\\\/\\\/www.instagram.com\\\/ruuby_concept\\\/\"]}]}<\/script>\n<!-- \/ Yoast SEO plugin. -->","yoast_head_json":{"title":"Elenseni REVOLVE konsoollaud - RUUBY","robots":{"index":"index","follow":"follow","max-snippet":"max-snippet:-1","max-image-preview":"max-image-preview:large","max-video-preview":"max-video-preview:-1"},"canonical":"http:\/\/ruuby.ee\/en\/pood\/kodusisustus\/moobel\/kapid\/elenseni-revolve-konsoollaud\/","og_locale":"en_GB","og_type":"article","og_title":"Elenseni REVOLVE konsoollaud - RUUBY","og_description":"Elenseni REVOLVE &#8211; sarja konsoollaud p\u00fc\u00fcab kohe kindlasti pilke. Selle laua juures on iga detail l\u00e4bi m\u00f5eldud. Nurgeline disain on kindlasti pilkup\u00fc\u00fcdev aktsent. Konsool on valmistatud tammespoonist MDF lauaplaadist ja tammespoonist MDF jalad. Iga detail on l\u00e4bi m\u00f5eldud ja katsetatud, laua valmistamiseks on valitud sobivaimad toorained. 1,1 m pikkune ja 0,3 m laiune konsool sobib [&hellip;]","og_url":"http:\/\/ruuby.ee\/en\/pood\/kodusisustus\/moobel\/kapid\/elenseni-revolve-konsoollaud\/","og_site_name":"RUUBY","article_publisher":"https:\/\/www.facebook.com\/ruubyconcept","article_modified_time":"2026-04-07T22:28:44+00:00","og_image":[{"width":1686,"height":1230,"url":"http:\/\/ruuby.ee\/wp-content\/uploads\/2023\/06\/Screenshot202023-01-1620at2017.51.51.png","type":"image\/png"}],"twitter_card":"summary_large_image","twitter_misc":{"Estimated reading time":"1 minute"},"schema":{"@context":"https:\/\/schema.org","@graph":[{"@type":["WebPage","ItemPage"],"@id":"http:\/\/ruuby.ee\/pood\/kodusisustus\/moobel\/kapid\/elenseni-revolve-konsoollaud\/","url":"http:\/\/ruuby.ee\/pood\/kodusisustus\/moobel\/kapid\/elenseni-revolve-konsoollaud\/","name":"Elenseni REVOLVE konsoollaud - RUUBY","isPartOf":{"@id":"http:\/\/ruuby.ee\/#website"},"primaryImageOfPage":{"@id":"http:\/\/ruuby.ee\/pood\/kodusisustus\/moobel\/kapid\/elenseni-revolve-konsoollaud\/#primaryimage"},"image":{"@id":"http:\/\/ruuby.ee\/pood\/kodusisustus\/moobel\/kapid\/elenseni-revolve-konsoollaud\/#primaryimage"},"thumbnailUrl":"http:\/\/ruuby.ee\/wp-content\/uploads\/2023\/06\/Screenshot202023-01-1620at2017.51.51.png","datePublished":"2023-06-14T18:02:12+00:00","dateModified":"2026-04-07T22:28:44+00:00","breadcrumb":{"@id":"http:\/\/ruuby.ee\/pood\/kodusisustus\/moobel\/kapid\/elenseni-revolve-konsoollaud\/#breadcrumb"},"inLanguage":"en-GB","potentialAction":[{"@type":"ReadAction","target":["http:\/\/ruuby.ee\/pood\/kodusisustus\/moobel\/kapid\/elenseni-revolve-konsoollaud\/"]}]},{"@type":"ImageObject","inLanguage":"en-GB","@id":"http:\/\/ruuby.ee\/pood\/kodusisustus\/moobel\/kapid\/elenseni-revolve-konsoollaud\/#primaryimage","url":"http:\/\/ruuby.ee\/wp-content\/uploads\/2023\/06\/Screenshot202023-01-1620at2017.51.51.png","contentUrl":"http:\/\/ruuby.ee\/wp-content\/uploads\/2023\/06\/Screenshot202023-01-1620at2017.51.51.png","width":1686,"height":1230},{"@type":"BreadcrumbList","@id":"http:\/\/ruuby.ee\/pood\/kodusisustus\/moobel\/kapid\/elenseni-revolve-konsoollaud\/#breadcrumb","itemListElement":[{"@type":"ListItem","position":1,"name":"Kdu","item":"http:\/\/ruuby.ee\/"},{"@type":"ListItem","position":2,"name":"Pood","item":"http:\/\/ruuby.ee\/pood\/"},{"@type":"ListItem","position":3,"name":"Elenseni REVOLVE konsoollaud"}]},{"@type":"WebSite","@id":"http:\/\/ruuby.ee\/#website","url":"http:\/\/ruuby.ee\/","name":"RUUBY","description":"Ruubys on \u00fchendatud elustiil ja disain","publisher":{"@id":"http:\/\/ruuby.ee\/#organization"},"alternateName":"Ruuby Disain","potentialAction":[{"@type":"SearchAction","target":{"@type":"EntryPoint","urlTemplate":"http:\/\/ruuby.ee\/?s={search_term_string}"},"query-input":{"@type":"PropertyValueSpecification","valueRequired":true,"valueName":"search_term_string"}}],"inLanguage":"en-GB"},{"@type":"Organization","@id":"http:\/\/ruuby.ee\/#organization","name":"Ruuby Disain O\u00dc","alternateName":"Ruuby","url":"http:\/\/ruuby.ee\/","logo":{"@type":"ImageObject","inLanguage":"en-GB","@id":"http:\/\/ruuby.ee\/#\/schema\/logo\/image\/","url":"http:\/\/ruuby.ee\/wp-content\/uploads\/2023\/06\/cropped-Black-White-Elegant-Circle-Signature-Fashion-Logo-12_large.png","contentUrl":"http:\/\/ruuby.ee\/wp-content\/uploads\/2023\/06\/cropped-Black-White-Elegant-Circle-Signature-Fashion-Logo-12_large.png","width":1280,"height":747,"caption":"Ruuby Disain O\u00dc"},"image":{"@id":"http:\/\/ruuby.ee\/#\/schema\/logo\/image\/"},"sameAs":["https:\/\/www.facebook.com\/ruubyconcept","https:\/\/www.instagram.com\/ruuby_concept\/"]}]}},"jetpack_sharing_enabled":true,"_links":{"self":[{"href":"http:\/\/ruuby.ee\/en\/wp-json\/wp\/v2\/product\/1634397","targetHints":{"allow":["GET"]}}],"collection":[{"href":"http:\/\/ruuby.ee\/en\/wp-json\/wp\/v2\/product"}],"about":[{"href":"http:\/\/ruuby.ee\/en\/wp-json\/wp\/v2\/types\/product"}],"replies":[{"embeddable":true,"href":"http:\/\/ruuby.ee\/en\/wp-json\/wp\/v2\/comments?post=1634397"}],"wp:featuredmedia":[{"embeddable":true,"href":"http:\/\/ruuby.ee\/en\/wp-json\/wp\/v2\/media\/1834080"}],"wp:attachment":[{"href":"http:\/\/ruuby.ee\/en\/wp-json\/wp\/v2\/media?parent=1634397"}],"wp:term":[{"taxonomy":"product_brand","embeddable":true,"href":"http:\/\/ruuby.ee\/en\/wp-json\/wp\/v2\/product_brand?post=1634397"},{"taxonomy":"product_cat","embeddable":true,"href":"http:\/\/ruuby.ee\/en\/wp-json\/wp\/v2\/product_cat?post=1634397"},{"taxonomy":"product_tag","embeddable":true,"href":"http:\/\/ruuby.ee\/en\/wp-json\/wp\/v2\/product_tag?post=1634397"}],"curies":[{"name":"wp","href":"https:\/\/api.w.org\/{rel}","templated":true}]}}