{"id":1616817,"date":"2023-06-14T18:02:17","date_gmt":"2023-06-14T18:02:17","guid":{"rendered":"http:\/\/ruuby.ee\/?post_type=product&#038;p=1616817"},"modified":"2026-04-03T01:24:42","modified_gmt":"2026-04-02T22:24:42","slug":"elenseni-hygge-diivanilaud","status":"publish","type":"product","link":"http:\/\/ruuby.ee\/en\/pood\/kodusisustus\/moobel\/lauad\/elenseni-hygge-diivanilaud\/","title":{"rendered":"Elenseni HYGGE diivanilaud"},"content":{"rendered":"<p>Hygge on \u00fchtaegu kutsuv ja kaasaegne, \u00fchendades kaunid materjalid \u00fcmara kandiku ja \u0161iki alusega. Kandik on valmistatud tippkvaliteetsest tahkest tuhast, teie valitud v\u00e4rvitoonis \u2013 kas lakitud naturaalsetes toonides v\u00f5i \u0161ikk must.<\/p>\n<p>See elegantne kohvilaud istub klassikalise musta pulberv\u00e4rvitud terasest kolmejalgsel alusel, mis on kujundatud erilise kujuga, mis lisab teie kodule elegantsi ja ainulaadset h\u00f5ngu.<\/p>\n<p>Asetage Hygge kohvilaud oma elutuppa kas eraldi v\u00f5i koos Hygge k\u00fclglauaga (saadaval kahes k\u00f5rguses), et saaksite jooke v\u00f5i kaunistusi asetada.<\/p>\n<p>Samas sarjas saadaval erinevates m\u00f5\u00f5tudes ja k\u00f5rguses tooteid:<br \/>\n60cm, k\u00f5rgus 43 cm<br \/>\n40cm, k\u00f5rgus 43 cm<br \/>\n40cm, k\u00f5rgus 59 cm<\/p>\n<p>Toode saadaval tellimisega. Tarneaeg 1-3 n\u00e4dalat.<\/p>","protected":false},"excerpt":{"rendered":"<p>Hygge on \u00fchtaegu kutsuv ja kaasaegne, \u00fchendades kaunid materjalid \u00fcmara kandiku ja \u0161iki alusega. Kandik on valmistatud tippkvaliteetsest tahkest tuhast, teie valitud v\u00e4rvitoonis \u2013 kas lakitud naturaalsetes toonides v\u00f5i \u0161ikk must. See elegantne kohvilaud istub klassikalise musta pulberv\u00e4rvitud terasest kolmejalgsel alusel, mis on kujundatud erilise kujuga, mis lisab teie kodule elegantsi ja ainulaadset h\u00f5ngu. Asetage [&hellip;]<\/p>\n","protected":false},"featured_media":1834149,"comment_status":"open","ping_status":"closed","template":"","meta":[],"product_brand":[],"product_cat":[42,556],"product_tag":[327,357,235],"class_list":{"0":"post-1616817","1":"product","2":"type-product","3":"status-publish","4":"has-post-thumbnail","6":"product_cat-kodusisustus","7":"product_cat-lauad","8":"product_tag-elensen","9":"product_tag-kohvilaud","10":"product_tag-sisustus","12":"first","13":"onbackorder","14":"taxable","15":"shipping-taxable","16":"purchasable","17":"product-type-variable","18":"rtwpvs-product"},"yoast_head":"<!-- This site is optimized with the Yoast SEO plugin v27.2 - https:\/\/yoast.com\/product\/yoast-seo-wordpress\/ -->\n<title>Elenseni HYGGE diivanilaud - RUUBY<\/title>\n<meta name=\"robots\" content=\"index, follow, max-snippet:-1, max-image-preview:large, max-video-preview:-1\" \/>\n<link rel=\"canonical\" href=\"http:\/\/ruuby.ee\/en\/pood\/kodusisustus\/moobel\/lauad\/elenseni-hygge-diivanilaud\/\" \/>\n<meta property=\"og:locale\" content=\"en_GB\" \/>\n<meta property=\"og:type\" content=\"article\" \/>\n<meta property=\"og:title\" content=\"Elenseni HYGGE diivanilaud - RUUBY\" \/>\n<meta property=\"og:description\" content=\"Hygge on \u00fchtaegu kutsuv ja kaasaegne, \u00fchendades kaunid materjalid \u00fcmara kandiku ja \u0161iki alusega. Kandik on valmistatud tippkvaliteetsest tahkest tuhast, teie valitud v\u00e4rvitoonis \u2013 kas lakitud naturaalsetes toonides v\u00f5i \u0161ikk must. See elegantne kohvilaud istub klassikalise musta pulberv\u00e4rvitud terasest kolmejalgsel alusel, mis on kujundatud erilise kujuga, mis lisab teie kodule elegantsi ja ainulaadset h\u00f5ngu. Asetage [&hellip;]\" \/>\n<meta property=\"og:url\" content=\"http:\/\/ruuby.ee\/en\/pood\/kodusisustus\/moobel\/lauad\/elenseni-hygge-diivanilaud\/\" \/>\n<meta property=\"og:site_name\" content=\"RUUBY\" \/>\n<meta property=\"article:publisher\" content=\"https:\/\/www.facebook.com\/ruubyconcept\" \/>\n<meta property=\"article:modified_time\" content=\"2026-04-02T22:24:42+00:00\" \/>\n<meta property=\"og:image\" content=\"http:\/\/ruuby.ee\/wp-content\/uploads\/2023\/06\/Screenshot202023-01-0520at2018.51.07.png\" \/>\n\t<meta property=\"og:image:width\" content=\"1700\" \/>\n\t<meta property=\"og:image:height\" content=\"1186\" \/>\n\t<meta property=\"og:image:type\" content=\"image\/png\" \/>\n<meta name=\"twitter:card\" content=\"summary_large_image\" \/>\n<meta name=\"twitter:label1\" content=\"Estimated reading time\" \/>\n\t<meta name=\"twitter:data1\" content=\"1 minute\" \/>\n<script type=\"application\/ld+json\" class=\"yoast-schema-graph\">{\"@context\":\"https:\/\/schema.org\",\"@graph\":[{\"@type\":[\"WebPage\",\"ItemPage\"],\"@id\":\"http:\/\/ruuby.ee\/en\/pood\/kodusisustus\/moobel\/lauad\/elenseni-hygge-diivanilaud\/\",\"url\":\"http:\/\/ruuby.ee\/en\/pood\/kodusisustus\/moobel\/lauad\/elenseni-hygge-diivanilaud\/\",\"name\":\"Elenseni HYGGE diivanilaud - RUUBY\",\"isPartOf\":{\"@id\":\"https:\/\/ruuby.ee\/en\/#website\"},\"primaryImageOfPage\":{\"@id\":\"http:\/\/ruuby.ee\/en\/pood\/kodusisustus\/moobel\/lauad\/elenseni-hygge-diivanilaud\/#primaryimage\"},\"image\":{\"@id\":\"http:\/\/ruuby.ee\/en\/pood\/kodusisustus\/moobel\/lauad\/elenseni-hygge-diivanilaud\/#primaryimage\"},\"thumbnailUrl\":\"http:\/\/ruuby.ee\/wp-content\/uploads\/2023\/06\/Screenshot202023-01-0520at2018.51.07.png\",\"datePublished\":\"2023-06-14T18:02:17+00:00\",\"dateModified\":\"2026-04-02T22:24:42+00:00\",\"breadcrumb\":{\"@id\":\"http:\/\/ruuby.ee\/en\/pood\/kodusisustus\/moobel\/lauad\/elenseni-hygge-diivanilaud\/#breadcrumb\"},\"inLanguage\":\"en-GB\",\"potentialAction\":[{\"@type\":\"ReadAction\",\"target\":[\"http:\/\/ruuby.ee\/en\/pood\/kodusisustus\/moobel\/lauad\/elenseni-hygge-diivanilaud\/\"]}]},{\"@type\":\"ImageObject\",\"inLanguage\":\"en-GB\",\"@id\":\"http:\/\/ruuby.ee\/en\/pood\/kodusisustus\/moobel\/lauad\/elenseni-hygge-diivanilaud\/#primaryimage\",\"url\":\"http:\/\/ruuby.ee\/wp-content\/uploads\/2023\/06\/Screenshot202023-01-0520at2018.51.07.png\",\"contentUrl\":\"http:\/\/ruuby.ee\/wp-content\/uploads\/2023\/06\/Screenshot202023-01-0520at2018.51.07.png\",\"width\":1700,\"height\":1186},{\"@type\":\"BreadcrumbList\",\"@id\":\"http:\/\/ruuby.ee\/en\/pood\/kodusisustus\/moobel\/lauad\/elenseni-hygge-diivanilaud\/#breadcrumb\",\"itemListElement\":[{\"@type\":\"ListItem\",\"position\":1,\"name\":\"Kdu\",\"item\":\"https:\/\/ruuby.ee\/en\/\"},{\"@type\":\"ListItem\",\"position\":2,\"name\":\"Pood\",\"item\":\"https:\/\/ruuby.ee\/pood\/\"},{\"@type\":\"ListItem\",\"position\":3,\"name\":\"Elenseni HYGGE diivanilaud\"}]},{\"@type\":\"WebSite\",\"@id\":\"https:\/\/ruuby.ee\/en\/#website\",\"url\":\"https:\/\/ruuby.ee\/en\/\",\"name\":\"RUUBY\",\"description\":\"Ruubys on \u00fchendatud elustiil ja disain\",\"publisher\":{\"@id\":\"https:\/\/ruuby.ee\/en\/#organization\"},\"alternateName\":\"Ruuby Disain\",\"potentialAction\":[{\"@type\":\"SearchAction\",\"target\":{\"@type\":\"EntryPoint\",\"urlTemplate\":\"https:\/\/ruuby.ee\/en\/?s={search_term_string}\"},\"query-input\":{\"@type\":\"PropertyValueSpecification\",\"valueRequired\":true,\"valueName\":\"search_term_string\"}}],\"inLanguage\":\"en-GB\"},{\"@type\":\"Organization\",\"@id\":\"https:\/\/ruuby.ee\/en\/#organization\",\"name\":\"Ruuby Disain O\u00dc\",\"alternateName\":\"Ruuby\",\"url\":\"https:\/\/ruuby.ee\/en\/\",\"logo\":{\"@type\":\"ImageObject\",\"inLanguage\":\"en-GB\",\"@id\":\"https:\/\/ruuby.ee\/en\/#\/schema\/logo\/image\/\",\"url\":\"http:\/\/ruuby.ee\/wp-content\/uploads\/2023\/06\/cropped-Black-White-Elegant-Circle-Signature-Fashion-Logo-12_large.png\",\"contentUrl\":\"http:\/\/ruuby.ee\/wp-content\/uploads\/2023\/06\/cropped-Black-White-Elegant-Circle-Signature-Fashion-Logo-12_large.png\",\"width\":1280,\"height\":747,\"caption\":\"Ruuby Disain O\u00dc\"},\"image\":{\"@id\":\"https:\/\/ruuby.ee\/en\/#\/schema\/logo\/image\/\"},\"sameAs\":[\"https:\/\/www.facebook.com\/ruubyconcept\",\"https:\/\/www.instagram.com\/ruuby_concept\/\"]}]}<\/script>\n<!-- \/ Yoast SEO plugin. -->","yoast_head_json":{"title":"Elenseni HYGGE diivanilaud - RUUBY","robots":{"index":"index","follow":"follow","max-snippet":"max-snippet:-1","max-image-preview":"max-image-preview:large","max-video-preview":"max-video-preview:-1"},"canonical":"http:\/\/ruuby.ee\/en\/pood\/kodusisustus\/moobel\/lauad\/elenseni-hygge-diivanilaud\/","og_locale":"en_GB","og_type":"article","og_title":"Elenseni HYGGE diivanilaud - RUUBY","og_description":"Hygge on \u00fchtaegu kutsuv ja kaasaegne, \u00fchendades kaunid materjalid \u00fcmara kandiku ja \u0161iki alusega. Kandik on valmistatud tippkvaliteetsest tahkest tuhast, teie valitud v\u00e4rvitoonis \u2013 kas lakitud naturaalsetes toonides v\u00f5i \u0161ikk must. See elegantne kohvilaud istub klassikalise musta pulberv\u00e4rvitud terasest kolmejalgsel alusel, mis on kujundatud erilise kujuga, mis lisab teie kodule elegantsi ja ainulaadset h\u00f5ngu. Asetage [&hellip;]","og_url":"http:\/\/ruuby.ee\/en\/pood\/kodusisustus\/moobel\/lauad\/elenseni-hygge-diivanilaud\/","og_site_name":"RUUBY","article_publisher":"https:\/\/www.facebook.com\/ruubyconcept","article_modified_time":"2026-04-02T22:24:42+00:00","og_image":[{"width":1700,"height":1186,"url":"http:\/\/ruuby.ee\/wp-content\/uploads\/2023\/06\/Screenshot202023-01-0520at2018.51.07.png","type":"image\/png"}],"twitter_card":"summary_large_image","twitter_misc":{"Estimated reading time":"1 minute"},"schema":{"@context":"https:\/\/schema.org","@graph":[{"@type":["WebPage","ItemPage"],"@id":"http:\/\/ruuby.ee\/en\/pood\/kodusisustus\/moobel\/lauad\/elenseni-hygge-diivanilaud\/","url":"http:\/\/ruuby.ee\/en\/pood\/kodusisustus\/moobel\/lauad\/elenseni-hygge-diivanilaud\/","name":"Elenseni HYGGE diivanilaud - RUUBY","isPartOf":{"@id":"https:\/\/ruuby.ee\/en\/#website"},"primaryImageOfPage":{"@id":"http:\/\/ruuby.ee\/en\/pood\/kodusisustus\/moobel\/lauad\/elenseni-hygge-diivanilaud\/#primaryimage"},"image":{"@id":"http:\/\/ruuby.ee\/en\/pood\/kodusisustus\/moobel\/lauad\/elenseni-hygge-diivanilaud\/#primaryimage"},"thumbnailUrl":"http:\/\/ruuby.ee\/wp-content\/uploads\/2023\/06\/Screenshot202023-01-0520at2018.51.07.png","datePublished":"2023-06-14T18:02:17+00:00","dateModified":"2026-04-02T22:24:42+00:00","breadcrumb":{"@id":"http:\/\/ruuby.ee\/en\/pood\/kodusisustus\/moobel\/lauad\/elenseni-hygge-diivanilaud\/#breadcrumb"},"inLanguage":"en-GB","potentialAction":[{"@type":"ReadAction","target":["http:\/\/ruuby.ee\/en\/pood\/kodusisustus\/moobel\/lauad\/elenseni-hygge-diivanilaud\/"]}]},{"@type":"ImageObject","inLanguage":"en-GB","@id":"http:\/\/ruuby.ee\/en\/pood\/kodusisustus\/moobel\/lauad\/elenseni-hygge-diivanilaud\/#primaryimage","url":"http:\/\/ruuby.ee\/wp-content\/uploads\/2023\/06\/Screenshot202023-01-0520at2018.51.07.png","contentUrl":"http:\/\/ruuby.ee\/wp-content\/uploads\/2023\/06\/Screenshot202023-01-0520at2018.51.07.png","width":1700,"height":1186},{"@type":"BreadcrumbList","@id":"http:\/\/ruuby.ee\/en\/pood\/kodusisustus\/moobel\/lauad\/elenseni-hygge-diivanilaud\/#breadcrumb","itemListElement":[{"@type":"ListItem","position":1,"name":"Kdu","item":"https:\/\/ruuby.ee\/en\/"},{"@type":"ListItem","position":2,"name":"Pood","item":"https:\/\/ruuby.ee\/pood\/"},{"@type":"ListItem","position":3,"name":"Elenseni HYGGE diivanilaud"}]},{"@type":"WebSite","@id":"https:\/\/ruuby.ee\/en\/#website","url":"https:\/\/ruuby.ee\/en\/","name":"RUUBY","description":"Ruubys on \u00fchendatud elustiil ja disain","publisher":{"@id":"https:\/\/ruuby.ee\/en\/#organization"},"alternateName":"Ruuby Disain","potentialAction":[{"@type":"SearchAction","target":{"@type":"EntryPoint","urlTemplate":"https:\/\/ruuby.ee\/en\/?s={search_term_string}"},"query-input":{"@type":"PropertyValueSpecification","valueRequired":true,"valueName":"search_term_string"}}],"inLanguage":"en-GB"},{"@type":"Organization","@id":"https:\/\/ruuby.ee\/en\/#organization","name":"Ruuby Disain O\u00dc","alternateName":"Ruuby","url":"https:\/\/ruuby.ee\/en\/","logo":{"@type":"ImageObject","inLanguage":"en-GB","@id":"https:\/\/ruuby.ee\/en\/#\/schema\/logo\/image\/","url":"http:\/\/ruuby.ee\/wp-content\/uploads\/2023\/06\/cropped-Black-White-Elegant-Circle-Signature-Fashion-Logo-12_large.png","contentUrl":"http:\/\/ruuby.ee\/wp-content\/uploads\/2023\/06\/cropped-Black-White-Elegant-Circle-Signature-Fashion-Logo-12_large.png","width":1280,"height":747,"caption":"Ruuby Disain O\u00dc"},"image":{"@id":"https:\/\/ruuby.ee\/en\/#\/schema\/logo\/image\/"},"sameAs":["https:\/\/www.facebook.com\/ruubyconcept","https:\/\/www.instagram.com\/ruuby_concept\/"]}]}},"jetpack_sharing_enabled":true,"_links":{"self":[{"href":"http:\/\/ruuby.ee\/en\/wp-json\/wp\/v2\/product\/1616817","targetHints":{"allow":["GET"]}}],"collection":[{"href":"http:\/\/ruuby.ee\/en\/wp-json\/wp\/v2\/product"}],"about":[{"href":"http:\/\/ruuby.ee\/en\/wp-json\/wp\/v2\/types\/product"}],"replies":[{"embeddable":true,"href":"http:\/\/ruuby.ee\/en\/wp-json\/wp\/v2\/comments?post=1616817"}],"wp:featuredmedia":[{"embeddable":true,"href":"http:\/\/ruuby.ee\/en\/wp-json\/wp\/v2\/media\/1834149"}],"wp:attachment":[{"href":"http:\/\/ruuby.ee\/en\/wp-json\/wp\/v2\/media?parent=1616817"}],"wp:term":[{"taxonomy":"product_brand","embeddable":true,"href":"http:\/\/ruuby.ee\/en\/wp-json\/wp\/v2\/product_brand?post=1616817"},{"taxonomy":"product_cat","embeddable":true,"href":"http:\/\/ruuby.ee\/en\/wp-json\/wp\/v2\/product_cat?post=1616817"},{"taxonomy":"product_tag","embeddable":true,"href":"http:\/\/ruuby.ee\/en\/wp-json\/wp\/v2\/product_tag?post=1616817"}],"curies":[{"name":"wp","href":"https:\/\/api.w.org\/{rel}","templated":true}]}}