{"id":1616801,"date":"2023-06-14T21:02:22","date_gmt":"2023-06-14T18:02:22","guid":{"rendered":"http:\/\/ruuby.ee\/?post_type=product&#038;p=1616801"},"modified":"2026-04-04T01:25:04","modified_gmt":"2026-04-03T22:25:04","slug":"high-five-tool","status":"publish","type":"product","link":"http:\/\/ruuby.ee\/en\/pood\/kodusisustus\/moobel\/toolid\/high-five-tool\/","title":{"rendered":"Pole to Pole &#8211; High Five s\u00f6\u00f6gitool"},"content":{"rendered":"<p>High Five s\u00f6\u00f6gitool on nime saanud seljaosa viiest &#8220;s\u00f5rmest&#8221;. V\u00e4ga stiilne disain, mis on ka v\u00e4ga mugav.<\/p>\n<p>Kas otsid midagi, mis sobituks suurep\u00e4raselt igasse interj\u00f6\u00f6ri? Tool on kaetud velvet kangaga, mis tagab suurep\u00e4rase vastupidavuse ning hooldamise. Kasuta vaid m\u00e4rga lappi ning sinu kangas on j\u00e4lle nagu uus.<\/p>\n<p>Istme k\u00f5rgus on 48cm, sobides k\u00f5ikide s\u00f6\u00f6gilaudadega.<\/p>\n<p>Laius: 60 cm, s\u00fcgavus 53cm, k\u00e4etoe k\u00f5rgus 75cm.<\/p>\n<p>Jalad: must pulberv\u00e4rvitud alumiinium<\/p>\n<p>&nbsp;<\/p>\n<ul>\n<li>Soovi korral lisa juurde meie toolijala sussid 14-19mm, mis kaitsevad sinu tooli jalgu, kui ka p\u00f5randat kriimustuste eest <a href=\"https:\/\/koopia.ruuby.ee\/tootekategooria\/kodusisustus\/toolijala-sussid\/\">https:\/\/koopia.ruuby.ee\/tootekategooria\/kodusisustus\/toolijala-sussid\/<\/a><\/li>\n<\/ul>","protected":false},"excerpt":{"rendered":"<p>High Five s\u00f6\u00f6gitool on nime saanud seljaosa viiest &#8220;s\u00f5rmest&#8221;. V\u00e4ga stiilne disain, mis on ka v\u00e4ga mugav. Kas otsid midagi, mis sobituks suurep\u00e4raselt igasse interj\u00f6\u00f6ri? Tool on kaetud velvet kangaga, mis tagab suurep\u00e4rase vastupidavuse ning hooldamise. Kasuta vaid m\u00e4rga lappi ning sinu kangas on j\u00e4lle nagu uus. Istme k\u00f5rgus on 48cm, sobides k\u00f5ikide s\u00f6\u00f6gilaudadega. Laius: [&hellip;]<\/p>\n","protected":false},"featured_media":1858954,"comment_status":"open","ping_status":"closed","template":"","meta":[],"product_brand":[],"product_cat":[42,1016,555],"product_tag":[154,156,153,155,228],"class_list":{"0":"post-1616801","1":"product","2":"type-product","3":"status-publish","4":"has-post-thumbnail","6":"product_cat-kodusisustus","7":"product_cat-soogitoolid","8":"product_cat-toolid","9":"product_tag-high-five","10":"product_tag-moobel","11":"product_tag-soogitool","12":"product_tag-tool","13":"product_tag-toolijala-sussid","15":"first","16":"onbackorder","17":"taxable","18":"shipping-taxable","19":"purchasable","20":"product-type-variable","21":"rtwpvs-product"},"yoast_head":"<!-- This site is optimized with the Yoast SEO plugin v27.2 - https:\/\/yoast.com\/product\/yoast-seo-wordpress\/ -->\n<title>Pole to Pole - High Five s\u00f6\u00f6gitool - RUUBY<\/title>\n<meta name=\"robots\" content=\"index, follow, max-snippet:-1, max-image-preview:large, max-video-preview:-1\" \/>\n<link rel=\"canonical\" href=\"https:\/\/ruuby.ee\/en\/pood\/kodusisustus\/moobel\/toolid\/high-five-tool\/\" \/>\n<meta property=\"og:locale\" content=\"en_GB\" \/>\n<meta property=\"og:type\" content=\"article\" \/>\n<meta property=\"og:title\" content=\"Pole to Pole - High Five s\u00f6\u00f6gitool - RUUBY\" \/>\n<meta property=\"og:description\" content=\"High Five s\u00f6\u00f6gitool on nime saanud seljaosa viiest &#8220;s\u00f5rmest&#8221;. V\u00e4ga stiilne disain, mis on ka v\u00e4ga mugav. Kas otsid midagi, mis sobituks suurep\u00e4raselt igasse interj\u00f6\u00f6ri? Tool on kaetud velvet kangaga, mis tagab suurep\u00e4rase vastupidavuse ning hooldamise. Kasuta vaid m\u00e4rga lappi ning sinu kangas on j\u00e4lle nagu uus. Istme k\u00f5rgus on 48cm, sobides k\u00f5ikide s\u00f6\u00f6gilaudadega. Laius: [&hellip;]\" \/>\n<meta property=\"og:url\" content=\"https:\/\/ruuby.ee\/en\/pood\/kodusisustus\/moobel\/toolid\/high-five-tool\/\" \/>\n<meta property=\"og:site_name\" content=\"RUUBY\" \/>\n<meta property=\"article:publisher\" content=\"https:\/\/www.facebook.com\/ruubyconcept\" \/>\n<meta property=\"article:modified_time\" content=\"2026-04-03T22:25:04+00:00\" \/>\n<meta property=\"og:image\" content=\"https:\/\/ruuby.ee\/wp-content\/uploads\/2023\/06\/Screenshot-2026-02-23-at-21.44.24.png\" \/>\n\t<meta property=\"og:image:width\" content=\"1200\" \/>\n\t<meta property=\"og:image:height\" content=\"888\" \/>\n\t<meta property=\"og:image:type\" content=\"image\/png\" \/>\n<meta name=\"twitter:card\" content=\"summary_large_image\" \/>\n<meta name=\"twitter:label1\" content=\"Estimated reading time\" \/>\n\t<meta name=\"twitter:data1\" content=\"1 minute\" \/>\n<script type=\"application\/ld+json\" class=\"yoast-schema-graph\">{\"@context\":\"https:\/\/schema.org\",\"@graph\":[{\"@type\":[\"WebPage\",\"ItemPage\"],\"@id\":\"https:\/\/ruuby.ee\/en\/pood\/kodusisustus\/moobel\/toolid\/high-five-tool\/\",\"url\":\"https:\/\/ruuby.ee\/en\/pood\/kodusisustus\/moobel\/toolid\/high-five-tool\/\",\"name\":\"Pole to Pole - High Five s\u00f6\u00f6gitool - RUUBY\",\"isPartOf\":{\"@id\":\"https:\/\/ruuby.ee\/en\/#website\"},\"primaryImageOfPage\":{\"@id\":\"https:\/\/ruuby.ee\/en\/pood\/kodusisustus\/moobel\/toolid\/high-five-tool\/#primaryimage\"},\"image\":{\"@id\":\"https:\/\/ruuby.ee\/en\/pood\/kodusisustus\/moobel\/toolid\/high-five-tool\/#primaryimage\"},\"thumbnailUrl\":\"http:\/\/ruuby.ee\/wp-content\/uploads\/2023\/06\/Screenshot-2026-02-23-at-21.44.24.png\",\"datePublished\":\"2023-06-14T18:02:22+00:00\",\"dateModified\":\"2026-04-03T22:25:04+00:00\",\"breadcrumb\":{\"@id\":\"https:\/\/ruuby.ee\/en\/pood\/kodusisustus\/moobel\/toolid\/high-five-tool\/#breadcrumb\"},\"inLanguage\":\"en-GB\",\"potentialAction\":[{\"@type\":\"ReadAction\",\"target\":[\"https:\/\/ruuby.ee\/en\/pood\/kodusisustus\/moobel\/toolid\/high-five-tool\/\"]}]},{\"@type\":\"ImageObject\",\"inLanguage\":\"en-GB\",\"@id\":\"https:\/\/ruuby.ee\/en\/pood\/kodusisustus\/moobel\/toolid\/high-five-tool\/#primaryimage\",\"url\":\"http:\/\/ruuby.ee\/wp-content\/uploads\/2023\/06\/Screenshot-2026-02-23-at-21.44.24.png\",\"contentUrl\":\"http:\/\/ruuby.ee\/wp-content\/uploads\/2023\/06\/Screenshot-2026-02-23-at-21.44.24.png\",\"width\":1200,\"height\":888},{\"@type\":\"BreadcrumbList\",\"@id\":\"https:\/\/ruuby.ee\/en\/pood\/kodusisustus\/moobel\/toolid\/high-five-tool\/#breadcrumb\",\"itemListElement\":[{\"@type\":\"ListItem\",\"position\":1,\"name\":\"Kdu\",\"item\":\"https:\/\/ruuby.ee\/en\/\"},{\"@type\":\"ListItem\",\"position\":2,\"name\":\"Pood\",\"item\":\"https:\/\/ruuby.ee\/pood\/\"},{\"@type\":\"ListItem\",\"position\":3,\"name\":\"Pole to Pole &#8211; High Five s\u00f6\u00f6gitool\"}]},{\"@type\":\"WebSite\",\"@id\":\"https:\/\/ruuby.ee\/en\/#website\",\"url\":\"https:\/\/ruuby.ee\/en\/\",\"name\":\"RUUBY\",\"description\":\"Ruubys on \u00fchendatud elustiil ja disain\",\"publisher\":{\"@id\":\"https:\/\/ruuby.ee\/en\/#organization\"},\"alternateName\":\"Ruuby Disain\",\"potentialAction\":[{\"@type\":\"SearchAction\",\"target\":{\"@type\":\"EntryPoint\",\"urlTemplate\":\"https:\/\/ruuby.ee\/en\/?s={search_term_string}\"},\"query-input\":{\"@type\":\"PropertyValueSpecification\",\"valueRequired\":true,\"valueName\":\"search_term_string\"}}],\"inLanguage\":\"en-GB\"},{\"@type\":\"Organization\",\"@id\":\"https:\/\/ruuby.ee\/en\/#organization\",\"name\":\"Ruuby Disain O\u00dc\",\"alternateName\":\"Ruuby\",\"url\":\"https:\/\/ruuby.ee\/en\/\",\"logo\":{\"@type\":\"ImageObject\",\"inLanguage\":\"en-GB\",\"@id\":\"https:\/\/ruuby.ee\/en\/#\/schema\/logo\/image\/\",\"url\":\"http:\/\/ruuby.ee\/wp-content\/uploads\/2023\/06\/cropped-Black-White-Elegant-Circle-Signature-Fashion-Logo-12_large.png\",\"contentUrl\":\"http:\/\/ruuby.ee\/wp-content\/uploads\/2023\/06\/cropped-Black-White-Elegant-Circle-Signature-Fashion-Logo-12_large.png\",\"width\":1280,\"height\":747,\"caption\":\"Ruuby Disain O\u00dc\"},\"image\":{\"@id\":\"https:\/\/ruuby.ee\/en\/#\/schema\/logo\/image\/\"},\"sameAs\":[\"https:\/\/www.facebook.com\/ruubyconcept\",\"https:\/\/www.instagram.com\/ruuby_concept\/\"]}]}<\/script>\n<!-- \/ Yoast SEO plugin. -->","yoast_head_json":{"title":"Pole to Pole - High Five s\u00f6\u00f6gitool - RUUBY","robots":{"index":"index","follow":"follow","max-snippet":"max-snippet:-1","max-image-preview":"max-image-preview:large","max-video-preview":"max-video-preview:-1"},"canonical":"https:\/\/ruuby.ee\/en\/pood\/kodusisustus\/moobel\/toolid\/high-five-tool\/","og_locale":"en_GB","og_type":"article","og_title":"Pole to Pole - High Five s\u00f6\u00f6gitool - RUUBY","og_description":"High Five s\u00f6\u00f6gitool on nime saanud seljaosa viiest &#8220;s\u00f5rmest&#8221;. V\u00e4ga stiilne disain, mis on ka v\u00e4ga mugav. Kas otsid midagi, mis sobituks suurep\u00e4raselt igasse interj\u00f6\u00f6ri? Tool on kaetud velvet kangaga, mis tagab suurep\u00e4rase vastupidavuse ning hooldamise. Kasuta vaid m\u00e4rga lappi ning sinu kangas on j\u00e4lle nagu uus. Istme k\u00f5rgus on 48cm, sobides k\u00f5ikide s\u00f6\u00f6gilaudadega. Laius: [&hellip;]","og_url":"https:\/\/ruuby.ee\/en\/pood\/kodusisustus\/moobel\/toolid\/high-five-tool\/","og_site_name":"RUUBY","article_publisher":"https:\/\/www.facebook.com\/ruubyconcept","article_modified_time":"2026-04-03T22:25:04+00:00","og_image":[{"width":1200,"height":888,"url":"https:\/\/ruuby.ee\/wp-content\/uploads\/2023\/06\/Screenshot-2026-02-23-at-21.44.24.png","type":"image\/png"}],"twitter_card":"summary_large_image","twitter_misc":{"Estimated reading time":"1 minute"},"schema":{"@context":"https:\/\/schema.org","@graph":[{"@type":["WebPage","ItemPage"],"@id":"https:\/\/ruuby.ee\/en\/pood\/kodusisustus\/moobel\/toolid\/high-five-tool\/","url":"https:\/\/ruuby.ee\/en\/pood\/kodusisustus\/moobel\/toolid\/high-five-tool\/","name":"Pole to Pole - High Five s\u00f6\u00f6gitool - RUUBY","isPartOf":{"@id":"https:\/\/ruuby.ee\/en\/#website"},"primaryImageOfPage":{"@id":"https:\/\/ruuby.ee\/en\/pood\/kodusisustus\/moobel\/toolid\/high-five-tool\/#primaryimage"},"image":{"@id":"https:\/\/ruuby.ee\/en\/pood\/kodusisustus\/moobel\/toolid\/high-five-tool\/#primaryimage"},"thumbnailUrl":"http:\/\/ruuby.ee\/wp-content\/uploads\/2023\/06\/Screenshot-2026-02-23-at-21.44.24.png","datePublished":"2023-06-14T18:02:22+00:00","dateModified":"2026-04-03T22:25:04+00:00","breadcrumb":{"@id":"https:\/\/ruuby.ee\/en\/pood\/kodusisustus\/moobel\/toolid\/high-five-tool\/#breadcrumb"},"inLanguage":"en-GB","potentialAction":[{"@type":"ReadAction","target":["https:\/\/ruuby.ee\/en\/pood\/kodusisustus\/moobel\/toolid\/high-five-tool\/"]}]},{"@type":"ImageObject","inLanguage":"en-GB","@id":"https:\/\/ruuby.ee\/en\/pood\/kodusisustus\/moobel\/toolid\/high-five-tool\/#primaryimage","url":"http:\/\/ruuby.ee\/wp-content\/uploads\/2023\/06\/Screenshot-2026-02-23-at-21.44.24.png","contentUrl":"http:\/\/ruuby.ee\/wp-content\/uploads\/2023\/06\/Screenshot-2026-02-23-at-21.44.24.png","width":1200,"height":888},{"@type":"BreadcrumbList","@id":"https:\/\/ruuby.ee\/en\/pood\/kodusisustus\/moobel\/toolid\/high-five-tool\/#breadcrumb","itemListElement":[{"@type":"ListItem","position":1,"name":"Kdu","item":"https:\/\/ruuby.ee\/en\/"},{"@type":"ListItem","position":2,"name":"Pood","item":"https:\/\/ruuby.ee\/pood\/"},{"@type":"ListItem","position":3,"name":"Pole to Pole &#8211; High Five s\u00f6\u00f6gitool"}]},{"@type":"WebSite","@id":"https:\/\/ruuby.ee\/en\/#website","url":"https:\/\/ruuby.ee\/en\/","name":"RUUBY","description":"Ruubys on \u00fchendatud elustiil ja disain","publisher":{"@id":"https:\/\/ruuby.ee\/en\/#organization"},"alternateName":"Ruuby Disain","potentialAction":[{"@type":"SearchAction","target":{"@type":"EntryPoint","urlTemplate":"https:\/\/ruuby.ee\/en\/?s={search_term_string}"},"query-input":{"@type":"PropertyValueSpecification","valueRequired":true,"valueName":"search_term_string"}}],"inLanguage":"en-GB"},{"@type":"Organization","@id":"https:\/\/ruuby.ee\/en\/#organization","name":"Ruuby Disain O\u00dc","alternateName":"Ruuby","url":"https:\/\/ruuby.ee\/en\/","logo":{"@type":"ImageObject","inLanguage":"en-GB","@id":"https:\/\/ruuby.ee\/en\/#\/schema\/logo\/image\/","url":"http:\/\/ruuby.ee\/wp-content\/uploads\/2023\/06\/cropped-Black-White-Elegant-Circle-Signature-Fashion-Logo-12_large.png","contentUrl":"http:\/\/ruuby.ee\/wp-content\/uploads\/2023\/06\/cropped-Black-White-Elegant-Circle-Signature-Fashion-Logo-12_large.png","width":1280,"height":747,"caption":"Ruuby Disain O\u00dc"},"image":{"@id":"https:\/\/ruuby.ee\/en\/#\/schema\/logo\/image\/"},"sameAs":["https:\/\/www.facebook.com\/ruubyconcept","https:\/\/www.instagram.com\/ruuby_concept\/"]}]}},"jetpack_sharing_enabled":true,"_links":{"self":[{"href":"http:\/\/ruuby.ee\/en\/wp-json\/wp\/v2\/product\/1616801","targetHints":{"allow":["GET"]}}],"collection":[{"href":"http:\/\/ruuby.ee\/en\/wp-json\/wp\/v2\/product"}],"about":[{"href":"http:\/\/ruuby.ee\/en\/wp-json\/wp\/v2\/types\/product"}],"replies":[{"embeddable":true,"href":"http:\/\/ruuby.ee\/en\/wp-json\/wp\/v2\/comments?post=1616801"}],"wp:featuredmedia":[{"embeddable":true,"href":"http:\/\/ruuby.ee\/en\/wp-json\/wp\/v2\/media\/1858954"}],"wp:attachment":[{"href":"http:\/\/ruuby.ee\/en\/wp-json\/wp\/v2\/media?parent=1616801"}],"wp:term":[{"taxonomy":"product_brand","embeddable":true,"href":"http:\/\/ruuby.ee\/en\/wp-json\/wp\/v2\/product_brand?post=1616801"},{"taxonomy":"product_cat","embeddable":true,"href":"http:\/\/ruuby.ee\/en\/wp-json\/wp\/v2\/product_cat?post=1616801"},{"taxonomy":"product_tag","embeddable":true,"href":"http:\/\/ruuby.ee\/en\/wp-json\/wp\/v2\/product_tag?post=1616801"}],"curies":[{"name":"wp","href":"https:\/\/api.w.org\/{rel}","templated":true}]}}