{"id":1616797,"date":"2023-06-14T21:02:17","date_gmt":"2023-06-14T18:02:17","guid":{"rendered":"http:\/\/ruuby.ee\/?post_type=product&#038;p=1616797"},"modified":"2026-04-04T01:25:04","modified_gmt":"2026-04-03T22:25:04","slug":"elenseni-diivanilaud-manu","status":"publish","type":"product","link":"http:\/\/ruuby.ee\/en\/pood\/kodusisustus\/moobel\/lauad\/elenseni-diivanilaud-manu\/","title":{"rendered":"Elensen coffee table, MANU"},"content":{"rendered":"<p>MANU kohvilaud, mis on valminud armastatud klientide soovil. MANU laua disain sobib meie ideoloogiaga \u2013 lihtsad vormid, kaasaegsed materjalid ja kauakestev v\u00e4limus.<\/p>\n<p>Tammespoonist lauaplaat ja pulberv\u00e4rvitud terasraam on ideaalne kombinatsioon kaasaegse ja kvaliteetse toote jaoks.Elenseni MANU sarja diivani\/abilaud on lihtsate joontega, kuid v\u00e4ga modernne ja ilus, olles pilkup\u00fc\u00fcdvaks ning mugavaks aksessuaariks Sinu elutuppa.<\/p>\n<p>M\u00f5\u00f5dud: diameeter 80cm, k\u00f5rgus 37cm<br \/>\nV\u00e4rvus: must tamm, MDF<\/p>\n<p>Toode saadaval tellimisega. Tarneaeg 1-3 n\u00e4dalat.<\/p>","protected":false},"excerpt":{"rendered":"<p>MANU kohvilaud, mis on valminud armastatud klientide soovil. MANU laua disain sobib meie ideoloogiaga \u2013 lihtsad vormid, kaasaegsed materjalid ja kauakestev v\u00e4limus. Tammespoonist lauaplaat ja pulberv\u00e4rvitud terasraam on ideaalne kombinatsioon kaasaegse ja kvaliteetse toote jaoks.Elenseni MANU sarja diivani\/abilaud on lihtsate joontega, kuid v\u00e4ga modernne ja ilus, olles pilkup\u00fc\u00fcdvaks ning mugavaks aksessuaariks Sinu elutuppa. M\u00f5\u00f5dud: diameeter [&hellip;]<\/p>\n","protected":false},"featured_media":1834136,"comment_status":"open","ping_status":"closed","template":"","meta":[],"product_brand":[],"product_cat":[42,556],"product_tag":[],"class_list":{"0":"post-1616797","1":"product","2":"type-product","3":"status-publish","4":"has-post-thumbnail","6":"product_cat-kodusisustus","7":"product_cat-lauad","9":"first","10":"onbackorder","11":"taxable","12":"shipping-taxable","13":"purchasable","14":"product-type-simple"},"yoast_head":"<!-- This site is optimized with the Yoast SEO plugin v27.2 - https:\/\/yoast.com\/product\/yoast-seo-wordpress\/ -->\n<title>Elenseni diivanilaud MANU - RUUBY<\/title>\n<meta name=\"robots\" content=\"index, follow, max-snippet:-1, max-image-preview:large, max-video-preview:-1\" \/>\n<link rel=\"canonical\" href=\"https:\/\/ruuby.ee\/en\/pood\/kodusisustus\/moobel\/lauad\/elenseni-diivanilaud-manu\/\" \/>\n<meta property=\"og:locale\" content=\"en_GB\" \/>\n<meta property=\"og:type\" content=\"article\" \/>\n<meta property=\"og:title\" content=\"Elenseni diivanilaud MANU - RUUBY\" \/>\n<meta property=\"og:description\" content=\"MANU kohvilaud, mis on valminud armastatud klientide soovil. MANU laua disain sobib meie ideoloogiaga \u2013 lihtsad vormid, kaasaegsed materjalid ja kauakestev v\u00e4limus. Tammespoonist lauaplaat ja pulberv\u00e4rvitud terasraam on ideaalne kombinatsioon kaasaegse ja kvaliteetse toote jaoks.Elenseni MANU sarja diivani\/abilaud on lihtsate joontega, kuid v\u00e4ga modernne ja ilus, olles pilkup\u00fc\u00fcdvaks ning mugavaks aksessuaariks Sinu elutuppa. M\u00f5\u00f5dud: diameeter [&hellip;]\" \/>\n<meta property=\"og:url\" content=\"https:\/\/ruuby.ee\/en\/pood\/kodusisustus\/moobel\/lauad\/elenseni-diivanilaud-manu\/\" \/>\n<meta property=\"og:site_name\" content=\"RUUBY\" \/>\n<meta property=\"article:publisher\" content=\"https:\/\/www.facebook.com\/ruubyconcept\" \/>\n<meta property=\"article:modified_time\" content=\"2026-04-03T22:25:04+00:00\" \/>\n<meta property=\"og:image\" content=\"https:\/\/ruuby.ee\/wp-content\/uploads\/2023\/06\/Screenshot202023-01-0520at2012.47.06.png\" \/>\n\t<meta property=\"og:image:width\" content=\"1766\" \/>\n\t<meta property=\"og:image:height\" content=\"1178\" \/>\n\t<meta property=\"og:image:type\" content=\"image\/png\" \/>\n<meta name=\"twitter:card\" content=\"summary_large_image\" \/>\n<meta name=\"twitter:label1\" content=\"Estimated reading time\" \/>\n\t<meta name=\"twitter:data1\" content=\"1 minute\" \/>\n<script type=\"application\/ld+json\" class=\"yoast-schema-graph\">{\"@context\":\"https:\/\/schema.org\",\"@graph\":[{\"@type\":[\"WebPage\",\"ItemPage\"],\"@id\":\"https:\/\/ruuby.ee\/en\/pood\/kodusisustus\/moobel\/lauad\/elenseni-diivanilaud-manu\/\",\"url\":\"https:\/\/ruuby.ee\/en\/pood\/kodusisustus\/moobel\/lauad\/elenseni-diivanilaud-manu\/\",\"name\":\"Elenseni diivanilaud MANU - RUUBY\",\"isPartOf\":{\"@id\":\"https:\/\/ruuby.ee\/en\/#website\"},\"primaryImageOfPage\":{\"@id\":\"https:\/\/ruuby.ee\/en\/pood\/kodusisustus\/moobel\/lauad\/elenseni-diivanilaud-manu\/#primaryimage\"},\"image\":{\"@id\":\"https:\/\/ruuby.ee\/en\/pood\/kodusisustus\/moobel\/lauad\/elenseni-diivanilaud-manu\/#primaryimage\"},\"thumbnailUrl\":\"http:\/\/ruuby.ee\/wp-content\/uploads\/2023\/06\/Screenshot202023-01-0520at2012.47.06.png\",\"datePublished\":\"2023-06-14T18:02:17+00:00\",\"dateModified\":\"2026-04-03T22:25:04+00:00\",\"breadcrumb\":{\"@id\":\"https:\/\/ruuby.ee\/en\/pood\/kodusisustus\/moobel\/lauad\/elenseni-diivanilaud-manu\/#breadcrumb\"},\"inLanguage\":\"en-GB\",\"potentialAction\":[{\"@type\":\"ReadAction\",\"target\":[\"https:\/\/ruuby.ee\/en\/pood\/kodusisustus\/moobel\/lauad\/elenseni-diivanilaud-manu\/\"]}]},{\"@type\":\"ImageObject\",\"inLanguage\":\"en-GB\",\"@id\":\"https:\/\/ruuby.ee\/en\/pood\/kodusisustus\/moobel\/lauad\/elenseni-diivanilaud-manu\/#primaryimage\",\"url\":\"http:\/\/ruuby.ee\/wp-content\/uploads\/2023\/06\/Screenshot202023-01-0520at2012.47.06.png\",\"contentUrl\":\"http:\/\/ruuby.ee\/wp-content\/uploads\/2023\/06\/Screenshot202023-01-0520at2012.47.06.png\",\"width\":1766,\"height\":1178},{\"@type\":\"BreadcrumbList\",\"@id\":\"https:\/\/ruuby.ee\/en\/pood\/kodusisustus\/moobel\/lauad\/elenseni-diivanilaud-manu\/#breadcrumb\",\"itemListElement\":[{\"@type\":\"ListItem\",\"position\":1,\"name\":\"Kdu\",\"item\":\"https:\/\/ruuby.ee\/en\/\"},{\"@type\":\"ListItem\",\"position\":2,\"name\":\"Pood\",\"item\":\"https:\/\/ruuby.ee\/pood\/\"},{\"@type\":\"ListItem\",\"position\":3,\"name\":\"Elenseni diivanilaud MANU\"}]},{\"@type\":\"WebSite\",\"@id\":\"https:\/\/ruuby.ee\/en\/#website\",\"url\":\"https:\/\/ruuby.ee\/en\/\",\"name\":\"RUUBY\",\"description\":\"Ruubys on \u00fchendatud elustiil ja disain\",\"publisher\":{\"@id\":\"https:\/\/ruuby.ee\/en\/#organization\"},\"alternateName\":\"Ruuby Disain\",\"potentialAction\":[{\"@type\":\"SearchAction\",\"target\":{\"@type\":\"EntryPoint\",\"urlTemplate\":\"https:\/\/ruuby.ee\/en\/?s={search_term_string}\"},\"query-input\":{\"@type\":\"PropertyValueSpecification\",\"valueRequired\":true,\"valueName\":\"search_term_string\"}}],\"inLanguage\":\"en-GB\"},{\"@type\":\"Organization\",\"@id\":\"https:\/\/ruuby.ee\/en\/#organization\",\"name\":\"Ruuby Disain O\u00dc\",\"alternateName\":\"Ruuby\",\"url\":\"https:\/\/ruuby.ee\/en\/\",\"logo\":{\"@type\":\"ImageObject\",\"inLanguage\":\"en-GB\",\"@id\":\"https:\/\/ruuby.ee\/en\/#\/schema\/logo\/image\/\",\"url\":\"http:\/\/ruuby.ee\/wp-content\/uploads\/2023\/06\/cropped-Black-White-Elegant-Circle-Signature-Fashion-Logo-12_large.png\",\"contentUrl\":\"http:\/\/ruuby.ee\/wp-content\/uploads\/2023\/06\/cropped-Black-White-Elegant-Circle-Signature-Fashion-Logo-12_large.png\",\"width\":1280,\"height\":747,\"caption\":\"Ruuby Disain O\u00dc\"},\"image\":{\"@id\":\"https:\/\/ruuby.ee\/en\/#\/schema\/logo\/image\/\"},\"sameAs\":[\"https:\/\/www.facebook.com\/ruubyconcept\",\"https:\/\/www.instagram.com\/ruuby_concept\/\"]}]}<\/script>\n<!-- \/ Yoast SEO plugin. -->","yoast_head_json":{"title":"Elenseni diivanilaud MANU - RUUBY","robots":{"index":"index","follow":"follow","max-snippet":"max-snippet:-1","max-image-preview":"max-image-preview:large","max-video-preview":"max-video-preview:-1"},"canonical":"https:\/\/ruuby.ee\/en\/pood\/kodusisustus\/moobel\/lauad\/elenseni-diivanilaud-manu\/","og_locale":"en_GB","og_type":"article","og_title":"Elenseni diivanilaud MANU - RUUBY","og_description":"MANU kohvilaud, mis on valminud armastatud klientide soovil. MANU laua disain sobib meie ideoloogiaga \u2013 lihtsad vormid, kaasaegsed materjalid ja kauakestev v\u00e4limus. Tammespoonist lauaplaat ja pulberv\u00e4rvitud terasraam on ideaalne kombinatsioon kaasaegse ja kvaliteetse toote jaoks.Elenseni MANU sarja diivani\/abilaud on lihtsate joontega, kuid v\u00e4ga modernne ja ilus, olles pilkup\u00fc\u00fcdvaks ning mugavaks aksessuaariks Sinu elutuppa. M\u00f5\u00f5dud: diameeter [&hellip;]","og_url":"https:\/\/ruuby.ee\/en\/pood\/kodusisustus\/moobel\/lauad\/elenseni-diivanilaud-manu\/","og_site_name":"RUUBY","article_publisher":"https:\/\/www.facebook.com\/ruubyconcept","article_modified_time":"2026-04-03T22:25:04+00:00","og_image":[{"width":1766,"height":1178,"url":"https:\/\/ruuby.ee\/wp-content\/uploads\/2023\/06\/Screenshot202023-01-0520at2012.47.06.png","type":"image\/png"}],"twitter_card":"summary_large_image","twitter_misc":{"Estimated reading time":"1 minute"},"schema":{"@context":"https:\/\/schema.org","@graph":[{"@type":["WebPage","ItemPage"],"@id":"https:\/\/ruuby.ee\/en\/pood\/kodusisustus\/moobel\/lauad\/elenseni-diivanilaud-manu\/","url":"https:\/\/ruuby.ee\/en\/pood\/kodusisustus\/moobel\/lauad\/elenseni-diivanilaud-manu\/","name":"Elenseni diivanilaud MANU - RUUBY","isPartOf":{"@id":"https:\/\/ruuby.ee\/en\/#website"},"primaryImageOfPage":{"@id":"https:\/\/ruuby.ee\/en\/pood\/kodusisustus\/moobel\/lauad\/elenseni-diivanilaud-manu\/#primaryimage"},"image":{"@id":"https:\/\/ruuby.ee\/en\/pood\/kodusisustus\/moobel\/lauad\/elenseni-diivanilaud-manu\/#primaryimage"},"thumbnailUrl":"http:\/\/ruuby.ee\/wp-content\/uploads\/2023\/06\/Screenshot202023-01-0520at2012.47.06.png","datePublished":"2023-06-14T18:02:17+00:00","dateModified":"2026-04-03T22:25:04+00:00","breadcrumb":{"@id":"https:\/\/ruuby.ee\/en\/pood\/kodusisustus\/moobel\/lauad\/elenseni-diivanilaud-manu\/#breadcrumb"},"inLanguage":"en-GB","potentialAction":[{"@type":"ReadAction","target":["https:\/\/ruuby.ee\/en\/pood\/kodusisustus\/moobel\/lauad\/elenseni-diivanilaud-manu\/"]}]},{"@type":"ImageObject","inLanguage":"en-GB","@id":"https:\/\/ruuby.ee\/en\/pood\/kodusisustus\/moobel\/lauad\/elenseni-diivanilaud-manu\/#primaryimage","url":"http:\/\/ruuby.ee\/wp-content\/uploads\/2023\/06\/Screenshot202023-01-0520at2012.47.06.png","contentUrl":"http:\/\/ruuby.ee\/wp-content\/uploads\/2023\/06\/Screenshot202023-01-0520at2012.47.06.png","width":1766,"height":1178},{"@type":"BreadcrumbList","@id":"https:\/\/ruuby.ee\/en\/pood\/kodusisustus\/moobel\/lauad\/elenseni-diivanilaud-manu\/#breadcrumb","itemListElement":[{"@type":"ListItem","position":1,"name":"Kdu","item":"https:\/\/ruuby.ee\/en\/"},{"@type":"ListItem","position":2,"name":"Pood","item":"https:\/\/ruuby.ee\/pood\/"},{"@type":"ListItem","position":3,"name":"Elenseni diivanilaud MANU"}]},{"@type":"WebSite","@id":"https:\/\/ruuby.ee\/en\/#website","url":"https:\/\/ruuby.ee\/en\/","name":"RUUBY","description":"Ruubys on \u00fchendatud elustiil ja disain","publisher":{"@id":"https:\/\/ruuby.ee\/en\/#organization"},"alternateName":"Ruuby Disain","potentialAction":[{"@type":"SearchAction","target":{"@type":"EntryPoint","urlTemplate":"https:\/\/ruuby.ee\/en\/?s={search_term_string}"},"query-input":{"@type":"PropertyValueSpecification","valueRequired":true,"valueName":"search_term_string"}}],"inLanguage":"en-GB"},{"@type":"Organization","@id":"https:\/\/ruuby.ee\/en\/#organization","name":"Ruuby Disain O\u00dc","alternateName":"Ruuby","url":"https:\/\/ruuby.ee\/en\/","logo":{"@type":"ImageObject","inLanguage":"en-GB","@id":"https:\/\/ruuby.ee\/en\/#\/schema\/logo\/image\/","url":"http:\/\/ruuby.ee\/wp-content\/uploads\/2023\/06\/cropped-Black-White-Elegant-Circle-Signature-Fashion-Logo-12_large.png","contentUrl":"http:\/\/ruuby.ee\/wp-content\/uploads\/2023\/06\/cropped-Black-White-Elegant-Circle-Signature-Fashion-Logo-12_large.png","width":1280,"height":747,"caption":"Ruuby Disain O\u00dc"},"image":{"@id":"https:\/\/ruuby.ee\/en\/#\/schema\/logo\/image\/"},"sameAs":["https:\/\/www.facebook.com\/ruubyconcept","https:\/\/www.instagram.com\/ruuby_concept\/"]}]}},"jetpack_sharing_enabled":true,"_links":{"self":[{"href":"http:\/\/ruuby.ee\/en\/wp-json\/wp\/v2\/product\/1616797","targetHints":{"allow":["GET"]}}],"collection":[{"href":"http:\/\/ruuby.ee\/en\/wp-json\/wp\/v2\/product"}],"about":[{"href":"http:\/\/ruuby.ee\/en\/wp-json\/wp\/v2\/types\/product"}],"replies":[{"embeddable":true,"href":"http:\/\/ruuby.ee\/en\/wp-json\/wp\/v2\/comments?post=1616797"}],"wp:featuredmedia":[{"embeddable":true,"href":"http:\/\/ruuby.ee\/en\/wp-json\/wp\/v2\/media\/1834136"}],"wp:attachment":[{"href":"http:\/\/ruuby.ee\/en\/wp-json\/wp\/v2\/media?parent=1616797"}],"wp:term":[{"taxonomy":"product_brand","embeddable":true,"href":"http:\/\/ruuby.ee\/en\/wp-json\/wp\/v2\/product_brand?post=1616797"},{"taxonomy":"product_cat","embeddable":true,"href":"http:\/\/ruuby.ee\/en\/wp-json\/wp\/v2\/product_cat?post=1616797"},{"taxonomy":"product_tag","embeddable":true,"href":"http:\/\/ruuby.ee\/en\/wp-json\/wp\/v2\/product_tag?post=1616797"}],"curies":[{"name":"wp","href":"https:\/\/api.w.org\/{rel}","templated":true}]}}