{"id":1616075,"date":"2023-06-14T18:02:21","date_gmt":"2023-06-14T18:02:21","guid":{"rendered":"http:\/\/ruuby.ee\/?post_type=product&#038;p=1616075"},"modified":"2026-04-04T01:25:05","modified_gmt":"2026-04-03T22:25:05","slug":"elensen-revolve-soogilaud","status":"publish","type":"product","link":"http:\/\/ruuby.ee\/en\/pood\/kodusisustus\/moobel\/lauad\/elensen-revolve-soogilaud\/","title":{"rendered":"ELENSEN &#8211; Revolve, \u00fcmmargune s\u00f6\u00f6gilaud"},"content":{"rendered":"<p>ELENSEN REVOLVE S\u00f6\u00f6gilaud 120 cm, k\u00f5rgus 74cm.<\/p>\n<p>ELENSEN pakub laia s\u00f6\u00f6gilaudade valikut! Uus REVOLVE mudeli s\u00f6\u00f6gilaud t\u00f5mbab kindlasti k\u00f5ikide k\u00fclaliste t\u00e4helepanu &#8211; massiivne keskjalg on \u00f5rn, kuid pilkup\u00fc\u00fcdev aktsent. Laud on valmistatud tammespoonist.<\/p>\n<p>Iga detail on l\u00e4bi m\u00f5eldud ja testitud, laua valmistamiseks on valitud parimad materjalid. 1,2 m l\u00e4bim\u00f5\u00f5duga lauaplaat sobib suurep\u00e4raselt 4-6 inimese koosviibimiseks. Laua stabiilsuse tagab keskjalg, mis koosneb 14 identsest lauast.<\/p>\n<p>\u00d5rn, kuid kaasaegne disain sobib suurep\u00e4raselt modernsesse, industriaalsesse v\u00f5i klassikalises stiilis interj\u00f6\u00f6ri. See on suurep\u00e4rane detail teie kodus, millest \u00f5hkub kvaliteeti ja vastupidavust.<\/p>\n<p>Saadaval kahes erinevas toonis: naturaalne tamm ja must tamm.<\/p>\n<p>Toode on saadaval tellimisajaga 1-4 n\u00e4dalat.<\/p>","protected":false},"excerpt":{"rendered":"<p>Tarne 3-4 n\u00e4dalat.<\/p>\n<p>&nbsp;<\/p>","protected":false},"featured_media":1834199,"comment_status":"open","ping_status":"closed","template":"","meta":[],"product_brand":[],"product_cat":[42,556],"product_tag":[327,352],"class_list":{"0":"post-1616075","1":"product","2":"type-product","3":"status-publish","4":"has-post-thumbnail","6":"product_cat-kodusisustus","7":"product_cat-lauad","8":"product_tag-elensen","9":"product_tag-soogilaud","11":"first","12":"onbackorder","13":"taxable","14":"shipping-taxable","15":"purchasable","16":"product-type-variable","17":"rtwpvs-product"},"yoast_head":"<!-- This site is optimized with the Yoast SEO plugin v27.2 - https:\/\/yoast.com\/product\/yoast-seo-wordpress\/ -->\n<title>ELENSEN - Revolve, \u00fcmmargune s\u00f6\u00f6gilaud - RUUBY<\/title>\n<meta name=\"robots\" content=\"index, follow, max-snippet:-1, max-image-preview:large, max-video-preview:-1\" \/>\n<link rel=\"canonical\" href=\"http:\/\/ruuby.ee\/en\/pood\/kodusisustus\/moobel\/lauad\/elensen-revolve-soogilaud\/\" \/>\n<meta property=\"og:locale\" content=\"en_GB\" \/>\n<meta property=\"og:type\" content=\"article\" \/>\n<meta property=\"og:title\" content=\"ELENSEN - Revolve, \u00fcmmargune s\u00f6\u00f6gilaud - RUUBY\" \/>\n<meta property=\"og:description\" content=\"Tarne 3-4 n\u00e4dalat.  &nbsp;\" \/>\n<meta property=\"og:url\" content=\"http:\/\/ruuby.ee\/en\/pood\/kodusisustus\/moobel\/lauad\/elensen-revolve-soogilaud\/\" \/>\n<meta property=\"og:site_name\" content=\"RUUBY\" \/>\n<meta property=\"article:publisher\" content=\"https:\/\/www.facebook.com\/ruubyconcept\" \/>\n<meta property=\"article:modified_time\" content=\"2026-04-03T22:25:05+00:00\" \/>\n<meta property=\"og:image\" content=\"http:\/\/ruuby.ee\/wp-content\/uploads\/2023\/06\/Screenshot202022-12-0820at2019.23.01.png\" \/>\n\t<meta property=\"og:image:width\" content=\"1734\" \/>\n\t<meta property=\"og:image:height\" content=\"1206\" \/>\n\t<meta property=\"og:image:type\" content=\"image\/png\" \/>\n<meta name=\"twitter:card\" content=\"summary_large_image\" \/>\n<meta name=\"twitter:label1\" content=\"Estimated reading time\" \/>\n\t<meta name=\"twitter:data1\" content=\"1 minute\" \/>\n<script type=\"application\/ld+json\" class=\"yoast-schema-graph\">{\"@context\":\"https:\/\/schema.org\",\"@graph\":[{\"@type\":[\"WebPage\",\"ItemPage\"],\"@id\":\"http:\/\/ruuby.ee\/en\/pood\/kodusisustus\/moobel\/lauad\/elensen-revolve-soogilaud\/\",\"url\":\"http:\/\/ruuby.ee\/en\/pood\/kodusisustus\/moobel\/lauad\/elensen-revolve-soogilaud\/\",\"name\":\"ELENSEN - Revolve, \u00fcmmargune s\u00f6\u00f6gilaud - RUUBY\",\"isPartOf\":{\"@id\":\"https:\/\/ruuby.ee\/en\/#website\"},\"primaryImageOfPage\":{\"@id\":\"http:\/\/ruuby.ee\/en\/pood\/kodusisustus\/moobel\/lauad\/elensen-revolve-soogilaud\/#primaryimage\"},\"image\":{\"@id\":\"http:\/\/ruuby.ee\/en\/pood\/kodusisustus\/moobel\/lauad\/elensen-revolve-soogilaud\/#primaryimage\"},\"thumbnailUrl\":\"http:\/\/ruuby.ee\/wp-content\/uploads\/2023\/06\/Screenshot202022-12-0820at2019.23.01.png\",\"datePublished\":\"2023-06-14T18:02:21+00:00\",\"dateModified\":\"2026-04-03T22:25:05+00:00\",\"breadcrumb\":{\"@id\":\"http:\/\/ruuby.ee\/en\/pood\/kodusisustus\/moobel\/lauad\/elensen-revolve-soogilaud\/#breadcrumb\"},\"inLanguage\":\"en-GB\",\"potentialAction\":[{\"@type\":\"ReadAction\",\"target\":[\"http:\/\/ruuby.ee\/en\/pood\/kodusisustus\/moobel\/lauad\/elensen-revolve-soogilaud\/\"]}]},{\"@type\":\"ImageObject\",\"inLanguage\":\"en-GB\",\"@id\":\"http:\/\/ruuby.ee\/en\/pood\/kodusisustus\/moobel\/lauad\/elensen-revolve-soogilaud\/#primaryimage\",\"url\":\"http:\/\/ruuby.ee\/wp-content\/uploads\/2023\/06\/Screenshot202022-12-0820at2019.23.01.png\",\"contentUrl\":\"http:\/\/ruuby.ee\/wp-content\/uploads\/2023\/06\/Screenshot202022-12-0820at2019.23.01.png\",\"width\":1734,\"height\":1206},{\"@type\":\"BreadcrumbList\",\"@id\":\"http:\/\/ruuby.ee\/en\/pood\/kodusisustus\/moobel\/lauad\/elensen-revolve-soogilaud\/#breadcrumb\",\"itemListElement\":[{\"@type\":\"ListItem\",\"position\":1,\"name\":\"Kdu\",\"item\":\"https:\/\/ruuby.ee\/en\/\"},{\"@type\":\"ListItem\",\"position\":2,\"name\":\"Pood\",\"item\":\"https:\/\/ruuby.ee\/pood\/\"},{\"@type\":\"ListItem\",\"position\":3,\"name\":\"ELENSEN &#8211; Revolve, \u00fcmmargune s\u00f6\u00f6gilaud\"}]},{\"@type\":\"WebSite\",\"@id\":\"https:\/\/ruuby.ee\/en\/#website\",\"url\":\"https:\/\/ruuby.ee\/en\/\",\"name\":\"RUUBY\",\"description\":\"Ruubys on \u00fchendatud elustiil ja disain\",\"publisher\":{\"@id\":\"https:\/\/ruuby.ee\/en\/#organization\"},\"alternateName\":\"Ruuby Disain\",\"potentialAction\":[{\"@type\":\"SearchAction\",\"target\":{\"@type\":\"EntryPoint\",\"urlTemplate\":\"https:\/\/ruuby.ee\/en\/?s={search_term_string}\"},\"query-input\":{\"@type\":\"PropertyValueSpecification\",\"valueRequired\":true,\"valueName\":\"search_term_string\"}}],\"inLanguage\":\"en-GB\"},{\"@type\":\"Organization\",\"@id\":\"https:\/\/ruuby.ee\/en\/#organization\",\"name\":\"Ruuby Disain O\u00dc\",\"alternateName\":\"Ruuby\",\"url\":\"https:\/\/ruuby.ee\/en\/\",\"logo\":{\"@type\":\"ImageObject\",\"inLanguage\":\"en-GB\",\"@id\":\"https:\/\/ruuby.ee\/en\/#\/schema\/logo\/image\/\",\"url\":\"http:\/\/ruuby.ee\/wp-content\/uploads\/2023\/06\/cropped-Black-White-Elegant-Circle-Signature-Fashion-Logo-12_large.png\",\"contentUrl\":\"http:\/\/ruuby.ee\/wp-content\/uploads\/2023\/06\/cropped-Black-White-Elegant-Circle-Signature-Fashion-Logo-12_large.png\",\"width\":1280,\"height\":747,\"caption\":\"Ruuby Disain O\u00dc\"},\"image\":{\"@id\":\"https:\/\/ruuby.ee\/en\/#\/schema\/logo\/image\/\"},\"sameAs\":[\"https:\/\/www.facebook.com\/ruubyconcept\",\"https:\/\/www.instagram.com\/ruuby_concept\/\"]}]}<\/script>\n<!-- \/ Yoast SEO plugin. -->","yoast_head_json":{"title":"ELENSEN - Revolve, \u00fcmmargune s\u00f6\u00f6gilaud - RUUBY","robots":{"index":"index","follow":"follow","max-snippet":"max-snippet:-1","max-image-preview":"max-image-preview:large","max-video-preview":"max-video-preview:-1"},"canonical":"http:\/\/ruuby.ee\/en\/pood\/kodusisustus\/moobel\/lauad\/elensen-revolve-soogilaud\/","og_locale":"en_GB","og_type":"article","og_title":"ELENSEN - Revolve, \u00fcmmargune s\u00f6\u00f6gilaud - RUUBY","og_description":"Tarne 3-4 n\u00e4dalat.  &nbsp;","og_url":"http:\/\/ruuby.ee\/en\/pood\/kodusisustus\/moobel\/lauad\/elensen-revolve-soogilaud\/","og_site_name":"RUUBY","article_publisher":"https:\/\/www.facebook.com\/ruubyconcept","article_modified_time":"2026-04-03T22:25:05+00:00","og_image":[{"width":1734,"height":1206,"url":"http:\/\/ruuby.ee\/wp-content\/uploads\/2023\/06\/Screenshot202022-12-0820at2019.23.01.png","type":"image\/png"}],"twitter_card":"summary_large_image","twitter_misc":{"Estimated reading time":"1 minute"},"schema":{"@context":"https:\/\/schema.org","@graph":[{"@type":["WebPage","ItemPage"],"@id":"http:\/\/ruuby.ee\/en\/pood\/kodusisustus\/moobel\/lauad\/elensen-revolve-soogilaud\/","url":"http:\/\/ruuby.ee\/en\/pood\/kodusisustus\/moobel\/lauad\/elensen-revolve-soogilaud\/","name":"ELENSEN - Revolve, \u00fcmmargune s\u00f6\u00f6gilaud - RUUBY","isPartOf":{"@id":"https:\/\/ruuby.ee\/en\/#website"},"primaryImageOfPage":{"@id":"http:\/\/ruuby.ee\/en\/pood\/kodusisustus\/moobel\/lauad\/elensen-revolve-soogilaud\/#primaryimage"},"image":{"@id":"http:\/\/ruuby.ee\/en\/pood\/kodusisustus\/moobel\/lauad\/elensen-revolve-soogilaud\/#primaryimage"},"thumbnailUrl":"http:\/\/ruuby.ee\/wp-content\/uploads\/2023\/06\/Screenshot202022-12-0820at2019.23.01.png","datePublished":"2023-06-14T18:02:21+00:00","dateModified":"2026-04-03T22:25:05+00:00","breadcrumb":{"@id":"http:\/\/ruuby.ee\/en\/pood\/kodusisustus\/moobel\/lauad\/elensen-revolve-soogilaud\/#breadcrumb"},"inLanguage":"en-GB","potentialAction":[{"@type":"ReadAction","target":["http:\/\/ruuby.ee\/en\/pood\/kodusisustus\/moobel\/lauad\/elensen-revolve-soogilaud\/"]}]},{"@type":"ImageObject","inLanguage":"en-GB","@id":"http:\/\/ruuby.ee\/en\/pood\/kodusisustus\/moobel\/lauad\/elensen-revolve-soogilaud\/#primaryimage","url":"http:\/\/ruuby.ee\/wp-content\/uploads\/2023\/06\/Screenshot202022-12-0820at2019.23.01.png","contentUrl":"http:\/\/ruuby.ee\/wp-content\/uploads\/2023\/06\/Screenshot202022-12-0820at2019.23.01.png","width":1734,"height":1206},{"@type":"BreadcrumbList","@id":"http:\/\/ruuby.ee\/en\/pood\/kodusisustus\/moobel\/lauad\/elensen-revolve-soogilaud\/#breadcrumb","itemListElement":[{"@type":"ListItem","position":1,"name":"Kdu","item":"https:\/\/ruuby.ee\/en\/"},{"@type":"ListItem","position":2,"name":"Pood","item":"https:\/\/ruuby.ee\/pood\/"},{"@type":"ListItem","position":3,"name":"ELENSEN &#8211; Revolve, \u00fcmmargune s\u00f6\u00f6gilaud"}]},{"@type":"WebSite","@id":"https:\/\/ruuby.ee\/en\/#website","url":"https:\/\/ruuby.ee\/en\/","name":"RUUBY","description":"Ruubys on \u00fchendatud elustiil ja disain","publisher":{"@id":"https:\/\/ruuby.ee\/en\/#organization"},"alternateName":"Ruuby Disain","potentialAction":[{"@type":"SearchAction","target":{"@type":"EntryPoint","urlTemplate":"https:\/\/ruuby.ee\/en\/?s={search_term_string}"},"query-input":{"@type":"PropertyValueSpecification","valueRequired":true,"valueName":"search_term_string"}}],"inLanguage":"en-GB"},{"@type":"Organization","@id":"https:\/\/ruuby.ee\/en\/#organization","name":"Ruuby Disain O\u00dc","alternateName":"Ruuby","url":"https:\/\/ruuby.ee\/en\/","logo":{"@type":"ImageObject","inLanguage":"en-GB","@id":"https:\/\/ruuby.ee\/en\/#\/schema\/logo\/image\/","url":"http:\/\/ruuby.ee\/wp-content\/uploads\/2023\/06\/cropped-Black-White-Elegant-Circle-Signature-Fashion-Logo-12_large.png","contentUrl":"http:\/\/ruuby.ee\/wp-content\/uploads\/2023\/06\/cropped-Black-White-Elegant-Circle-Signature-Fashion-Logo-12_large.png","width":1280,"height":747,"caption":"Ruuby Disain O\u00dc"},"image":{"@id":"https:\/\/ruuby.ee\/en\/#\/schema\/logo\/image\/"},"sameAs":["https:\/\/www.facebook.com\/ruubyconcept","https:\/\/www.instagram.com\/ruuby_concept\/"]}]}},"jetpack_sharing_enabled":true,"_links":{"self":[{"href":"http:\/\/ruuby.ee\/en\/wp-json\/wp\/v2\/product\/1616075","targetHints":{"allow":["GET"]}}],"collection":[{"href":"http:\/\/ruuby.ee\/en\/wp-json\/wp\/v2\/product"}],"about":[{"href":"http:\/\/ruuby.ee\/en\/wp-json\/wp\/v2\/types\/product"}],"replies":[{"embeddable":true,"href":"http:\/\/ruuby.ee\/en\/wp-json\/wp\/v2\/comments?post=1616075"}],"wp:featuredmedia":[{"embeddable":true,"href":"http:\/\/ruuby.ee\/en\/wp-json\/wp\/v2\/media\/1834199"}],"wp:attachment":[{"href":"http:\/\/ruuby.ee\/en\/wp-json\/wp\/v2\/media?parent=1616075"}],"wp:term":[{"taxonomy":"product_brand","embeddable":true,"href":"http:\/\/ruuby.ee\/en\/wp-json\/wp\/v2\/product_brand?post=1616075"},{"taxonomy":"product_cat","embeddable":true,"href":"http:\/\/ruuby.ee\/en\/wp-json\/wp\/v2\/product_cat?post=1616075"},{"taxonomy":"product_tag","embeddable":true,"href":"http:\/\/ruuby.ee\/en\/wp-json\/wp\/v2\/product_tag?post=1616075"}],"curies":[{"name":"wp","href":"https:\/\/api.w.org\/{rel}","templated":true}]}}