{"id":1595377,"date":"2023-06-14T21:02:20","date_gmt":"2023-06-14T18:02:20","guid":{"rendered":"http:\/\/ruuby.ee\/?post_type=product&#038;p=1595377"},"modified":"2026-04-08T01:28:43","modified_gmt":"2026-04-07T22:28:43","slug":"nore-kodulohnastaja-iiris-viigimari-kirss","status":"publish","type":"product","link":"http:\/\/ruuby.ee\/en\/pood\/kodusisustus\/ruumilohnastajad\/nore-kodulohnastaja-iiris-viigimari-kirss\/","title":{"rendered":"NORE kodul\u00f5hnastaja iiris, viigimari, kirss"},"content":{"rendered":"<p>K\u00fclluslik l\u00f5hnakombinatsioon, milles p\u00f5imuvad magus viigimari, mahlane kirss ning mahe iiris. L\u00f5hnanoote t\u00e4iustavad mustad s\u00f5strad, vaarikad ja sandlipuu.<\/p>\n<p>Nore kodul\u00f5hnastajad valmivad k\u00e4sit\u00f6\u00f6na looduss\u00f5bralikest baas\u00f5lidest ning k\u00f5rgekvaliteedilistest aroomi\u00f5lidest.<\/p>\n<p>Eemaldage pudelilt kaitsekork ja asetage pulgad pudelisse. V\u00e4ikses ruumis kasutage v\u00e4hem pulki, suures rohkem. L\u00f5hn hakkab eralduma 24 tunni jooksul, kui vedelik on pulkadesse imbunud. Intensiivsema l\u00f5hna saamiseks soovitame \u00fcks kord n\u00e4dalas pulgad \u00fcmber keerata (kasutage selleks kaitsekindaid). Asetage anum alati stabiilsele alusele, vedelik v\u00f5ib kahjustada tekstiilist, klaasist, puidust v\u00f5i plastist pindasid. Hoida lastele ja loomadele k\u00e4ttesaamatus kohas.<\/p>","protected":false},"excerpt":{"rendered":"<p>K\u00fclluslik l\u00f5hnakombinatsioon, milles p\u00f5imuvad magus viigimari, mahlane kirss ning mahe iiris. L\u00f5hnanoote t\u00e4iustavad mustad s\u00f5strad, vaarikad ja sandlipuu. Nore kodul\u00f5hnastajad valmivad k\u00e4sit\u00f6\u00f6na looduss\u00f5bralikest baas\u00f5lidest ning k\u00f5rgekvaliteedilistest aroomi\u00f5lidest. Eemaldage pudelilt kaitsekork ja asetage pulgad pudelisse. V\u00e4ikses ruumis kasutage v\u00e4hem pulki, suures rohkem. L\u00f5hn hakkab eralduma 24 tunni jooksul, kui vedelik on pulkadesse imbunud. Intensiivsema l\u00f5hna saamiseks [&hellip;]<\/p>\n","protected":false},"featured_media":1834186,"comment_status":"open","ping_status":"closed","template":"","meta":[],"product_brand":[],"product_cat":[44],"product_tag":[],"class_list":{"0":"post-1595377","1":"product","2":"type-product","3":"status-publish","4":"has-post-thumbnail","6":"product_cat-ruumilohnastajad","8":"first","9":"outofstock","10":"taxable","11":"shipping-taxable","12":"purchasable","13":"product-type-simple"},"yoast_head":"<!-- This site is optimized with the Yoast SEO plugin v27.3 - https:\/\/yoast.com\/product\/yoast-seo-wordpress\/ -->\n<title>NORE kodul\u00f5hnastaja iiris, viigimari, kirss - RUUBY<\/title>\n<meta name=\"robots\" content=\"index, follow, max-snippet:-1, max-image-preview:large, max-video-preview:-1\" \/>\n<link rel=\"canonical\" href=\"http:\/\/ruuby.ee\/en\/pood\/kodusisustus\/ruumilohnastajad\/nore-kodulohnastaja-iiris-viigimari-kirss\/\" \/>\n<meta property=\"og:locale\" content=\"en_GB\" \/>\n<meta property=\"og:type\" content=\"article\" \/>\n<meta property=\"og:title\" content=\"NORE kodul\u00f5hnastaja iiris, viigimari, kirss - RUUBY\" \/>\n<meta property=\"og:description\" content=\"K\u00fclluslik l\u00f5hnakombinatsioon, milles p\u00f5imuvad magus viigimari, mahlane kirss ning mahe iiris. L\u00f5hnanoote t\u00e4iustavad mustad s\u00f5strad, vaarikad ja sandlipuu. Nore kodul\u00f5hnastajad valmivad k\u00e4sit\u00f6\u00f6na looduss\u00f5bralikest baas\u00f5lidest ning k\u00f5rgekvaliteedilistest aroomi\u00f5lidest. Eemaldage pudelilt kaitsekork ja asetage pulgad pudelisse. V\u00e4ikses ruumis kasutage v\u00e4hem pulki, suures rohkem. L\u00f5hn hakkab eralduma 24 tunni jooksul, kui vedelik on pulkadesse imbunud. Intensiivsema l\u00f5hna saamiseks [&hellip;]\" \/>\n<meta property=\"og:url\" content=\"http:\/\/ruuby.ee\/en\/pood\/kodusisustus\/ruumilohnastajad\/nore-kodulohnastaja-iiris-viigimari-kirss\/\" \/>\n<meta property=\"og:site_name\" content=\"RUUBY\" \/>\n<meta property=\"article:publisher\" content=\"https:\/\/www.facebook.com\/ruubyconcept\" \/>\n<meta property=\"article:modified_time\" content=\"2026-04-07T22:28:43+00:00\" \/>\n<meta property=\"og:image\" content=\"http:\/\/ruuby.ee\/wp-content\/uploads\/2023\/06\/KodulC3B5hnastaja20viigimari.jpg\" \/>\n\t<meta property=\"og:image:width\" content=\"1612\" \/>\n\t<meta property=\"og:image:height\" content=\"2015\" \/>\n\t<meta property=\"og:image:type\" content=\"image\/jpeg\" \/>\n<meta name=\"twitter:card\" content=\"summary_large_image\" \/>\n<meta name=\"twitter:label1\" content=\"Estimated reading time\" \/>\n\t<meta name=\"twitter:data1\" content=\"1 minute\" \/>\n<script type=\"application\/ld+json\" class=\"yoast-schema-graph\">{\"@context\":\"https:\\\/\\\/schema.org\",\"@graph\":[{\"@type\":[\"WebPage\",\"ItemPage\"],\"@id\":\"http:\\\/\\\/ruuby.ee\\\/en\\\/pood\\\/kodusisustus\\\/ruumilohnastajad\\\/nore-kodulohnastaja-iiris-viigimari-kirss\\\/\",\"url\":\"http:\\\/\\\/ruuby.ee\\\/en\\\/pood\\\/kodusisustus\\\/ruumilohnastajad\\\/nore-kodulohnastaja-iiris-viigimari-kirss\\\/\",\"name\":\"NORE kodul\u00f5hnastaja iiris, viigimari, kirss - RUUBY\",\"isPartOf\":{\"@id\":\"http:\\\/\\\/ruuby.ee\\\/en\\\/#website\"},\"primaryImageOfPage\":{\"@id\":\"http:\\\/\\\/ruuby.ee\\\/en\\\/pood\\\/kodusisustus\\\/ruumilohnastajad\\\/nore-kodulohnastaja-iiris-viigimari-kirss\\\/#primaryimage\"},\"image\":{\"@id\":\"http:\\\/\\\/ruuby.ee\\\/en\\\/pood\\\/kodusisustus\\\/ruumilohnastajad\\\/nore-kodulohnastaja-iiris-viigimari-kirss\\\/#primaryimage\"},\"thumbnailUrl\":\"http:\\\/\\\/ruuby.ee\\\/wp-content\\\/uploads\\\/2023\\\/06\\\/KodulC3B5hnastaja20viigimari.jpg\",\"datePublished\":\"2023-06-14T18:02:20+00:00\",\"dateModified\":\"2026-04-07T22:28:43+00:00\",\"breadcrumb\":{\"@id\":\"http:\\\/\\\/ruuby.ee\\\/en\\\/pood\\\/kodusisustus\\\/ruumilohnastajad\\\/nore-kodulohnastaja-iiris-viigimari-kirss\\\/#breadcrumb\"},\"inLanguage\":\"en-GB\",\"potentialAction\":[{\"@type\":\"ReadAction\",\"target\":[\"http:\\\/\\\/ruuby.ee\\\/en\\\/pood\\\/kodusisustus\\\/ruumilohnastajad\\\/nore-kodulohnastaja-iiris-viigimari-kirss\\\/\"]}]},{\"@type\":\"ImageObject\",\"inLanguage\":\"en-GB\",\"@id\":\"http:\\\/\\\/ruuby.ee\\\/en\\\/pood\\\/kodusisustus\\\/ruumilohnastajad\\\/nore-kodulohnastaja-iiris-viigimari-kirss\\\/#primaryimage\",\"url\":\"http:\\\/\\\/ruuby.ee\\\/wp-content\\\/uploads\\\/2023\\\/06\\\/KodulC3B5hnastaja20viigimari.jpg\",\"contentUrl\":\"http:\\\/\\\/ruuby.ee\\\/wp-content\\\/uploads\\\/2023\\\/06\\\/KodulC3B5hnastaja20viigimari.jpg\",\"width\":1612,\"height\":2015},{\"@type\":\"BreadcrumbList\",\"@id\":\"http:\\\/\\\/ruuby.ee\\\/en\\\/pood\\\/kodusisustus\\\/ruumilohnastajad\\\/nore-kodulohnastaja-iiris-viigimari-kirss\\\/#breadcrumb\",\"itemListElement\":[{\"@type\":\"ListItem\",\"position\":1,\"name\":\"Kdu\",\"item\":\"http:\\\/\\\/ruuby.ee\\\/en\\\/\"},{\"@type\":\"ListItem\",\"position\":2,\"name\":\"Pood\",\"item\":\"http:\\\/\\\/ruuby.ee\\\/en\\\/pood\\\/\"},{\"@type\":\"ListItem\",\"position\":3,\"name\":\"NORE kodul\u00f5hnastaja iiris, viigimari, kirss\"}]},{\"@type\":\"WebSite\",\"@id\":\"http:\\\/\\\/ruuby.ee\\\/en\\\/#website\",\"url\":\"http:\\\/\\\/ruuby.ee\\\/en\\\/\",\"name\":\"RUUBY\",\"description\":\"Ruubys on \u00fchendatud elustiil ja disain\",\"publisher\":{\"@id\":\"http:\\\/\\\/ruuby.ee\\\/en\\\/#organization\"},\"alternateName\":\"Ruuby Disain\",\"potentialAction\":[{\"@type\":\"SearchAction\",\"target\":{\"@type\":\"EntryPoint\",\"urlTemplate\":\"http:\\\/\\\/ruuby.ee\\\/en\\\/?s={search_term_string}\"},\"query-input\":{\"@type\":\"PropertyValueSpecification\",\"valueRequired\":true,\"valueName\":\"search_term_string\"}}],\"inLanguage\":\"en-GB\"},{\"@type\":\"Organization\",\"@id\":\"http:\\\/\\\/ruuby.ee\\\/en\\\/#organization\",\"name\":\"Ruuby Disain O\u00dc\",\"alternateName\":\"Ruuby\",\"url\":\"http:\\\/\\\/ruuby.ee\\\/en\\\/\",\"logo\":{\"@type\":\"ImageObject\",\"inLanguage\":\"en-GB\",\"@id\":\"http:\\\/\\\/ruuby.ee\\\/en\\\/#\\\/schema\\\/logo\\\/image\\\/\",\"url\":\"http:\\\/\\\/ruuby.ee\\\/wp-content\\\/uploads\\\/2023\\\/06\\\/cropped-Black-White-Elegant-Circle-Signature-Fashion-Logo-12_large.png\",\"contentUrl\":\"http:\\\/\\\/ruuby.ee\\\/wp-content\\\/uploads\\\/2023\\\/06\\\/cropped-Black-White-Elegant-Circle-Signature-Fashion-Logo-12_large.png\",\"width\":1280,\"height\":747,\"caption\":\"Ruuby Disain O\u00dc\"},\"image\":{\"@id\":\"http:\\\/\\\/ruuby.ee\\\/en\\\/#\\\/schema\\\/logo\\\/image\\\/\"},\"sameAs\":[\"https:\\\/\\\/www.facebook.com\\\/ruubyconcept\",\"https:\\\/\\\/www.instagram.com\\\/ruuby_concept\\\/\"]}]}<\/script>\n<!-- \/ Yoast SEO plugin. -->","yoast_head_json":{"title":"NORE kodul\u00f5hnastaja iiris, viigimari, kirss - RUUBY","robots":{"index":"index","follow":"follow","max-snippet":"max-snippet:-1","max-image-preview":"max-image-preview:large","max-video-preview":"max-video-preview:-1"},"canonical":"http:\/\/ruuby.ee\/en\/pood\/kodusisustus\/ruumilohnastajad\/nore-kodulohnastaja-iiris-viigimari-kirss\/","og_locale":"en_GB","og_type":"article","og_title":"NORE kodul\u00f5hnastaja iiris, viigimari, kirss - RUUBY","og_description":"K\u00fclluslik l\u00f5hnakombinatsioon, milles p\u00f5imuvad magus viigimari, mahlane kirss ning mahe iiris. L\u00f5hnanoote t\u00e4iustavad mustad s\u00f5strad, vaarikad ja sandlipuu. Nore kodul\u00f5hnastajad valmivad k\u00e4sit\u00f6\u00f6na looduss\u00f5bralikest baas\u00f5lidest ning k\u00f5rgekvaliteedilistest aroomi\u00f5lidest. Eemaldage pudelilt kaitsekork ja asetage pulgad pudelisse. V\u00e4ikses ruumis kasutage v\u00e4hem pulki, suures rohkem. L\u00f5hn hakkab eralduma 24 tunni jooksul, kui vedelik on pulkadesse imbunud. Intensiivsema l\u00f5hna saamiseks [&hellip;]","og_url":"http:\/\/ruuby.ee\/en\/pood\/kodusisustus\/ruumilohnastajad\/nore-kodulohnastaja-iiris-viigimari-kirss\/","og_site_name":"RUUBY","article_publisher":"https:\/\/www.facebook.com\/ruubyconcept","article_modified_time":"2026-04-07T22:28:43+00:00","og_image":[{"width":1612,"height":2015,"url":"http:\/\/ruuby.ee\/wp-content\/uploads\/2023\/06\/KodulC3B5hnastaja20viigimari.jpg","type":"image\/jpeg"}],"twitter_card":"summary_large_image","twitter_misc":{"Estimated reading time":"1 minute"},"schema":{"@context":"https:\/\/schema.org","@graph":[{"@type":["WebPage","ItemPage"],"@id":"http:\/\/ruuby.ee\/en\/pood\/kodusisustus\/ruumilohnastajad\/nore-kodulohnastaja-iiris-viigimari-kirss\/","url":"http:\/\/ruuby.ee\/en\/pood\/kodusisustus\/ruumilohnastajad\/nore-kodulohnastaja-iiris-viigimari-kirss\/","name":"NORE kodul\u00f5hnastaja iiris, viigimari, kirss - RUUBY","isPartOf":{"@id":"http:\/\/ruuby.ee\/en\/#website"},"primaryImageOfPage":{"@id":"http:\/\/ruuby.ee\/en\/pood\/kodusisustus\/ruumilohnastajad\/nore-kodulohnastaja-iiris-viigimari-kirss\/#primaryimage"},"image":{"@id":"http:\/\/ruuby.ee\/en\/pood\/kodusisustus\/ruumilohnastajad\/nore-kodulohnastaja-iiris-viigimari-kirss\/#primaryimage"},"thumbnailUrl":"http:\/\/ruuby.ee\/wp-content\/uploads\/2023\/06\/KodulC3B5hnastaja20viigimari.jpg","datePublished":"2023-06-14T18:02:20+00:00","dateModified":"2026-04-07T22:28:43+00:00","breadcrumb":{"@id":"http:\/\/ruuby.ee\/en\/pood\/kodusisustus\/ruumilohnastajad\/nore-kodulohnastaja-iiris-viigimari-kirss\/#breadcrumb"},"inLanguage":"en-GB","potentialAction":[{"@type":"ReadAction","target":["http:\/\/ruuby.ee\/en\/pood\/kodusisustus\/ruumilohnastajad\/nore-kodulohnastaja-iiris-viigimari-kirss\/"]}]},{"@type":"ImageObject","inLanguage":"en-GB","@id":"http:\/\/ruuby.ee\/en\/pood\/kodusisustus\/ruumilohnastajad\/nore-kodulohnastaja-iiris-viigimari-kirss\/#primaryimage","url":"http:\/\/ruuby.ee\/wp-content\/uploads\/2023\/06\/KodulC3B5hnastaja20viigimari.jpg","contentUrl":"http:\/\/ruuby.ee\/wp-content\/uploads\/2023\/06\/KodulC3B5hnastaja20viigimari.jpg","width":1612,"height":2015},{"@type":"BreadcrumbList","@id":"http:\/\/ruuby.ee\/en\/pood\/kodusisustus\/ruumilohnastajad\/nore-kodulohnastaja-iiris-viigimari-kirss\/#breadcrumb","itemListElement":[{"@type":"ListItem","position":1,"name":"Kdu","item":"http:\/\/ruuby.ee\/en\/"},{"@type":"ListItem","position":2,"name":"Pood","item":"http:\/\/ruuby.ee\/en\/pood\/"},{"@type":"ListItem","position":3,"name":"NORE kodul\u00f5hnastaja iiris, viigimari, kirss"}]},{"@type":"WebSite","@id":"http:\/\/ruuby.ee\/en\/#website","url":"http:\/\/ruuby.ee\/en\/","name":"RUUBY","description":"Ruubys on \u00fchendatud elustiil ja disain","publisher":{"@id":"http:\/\/ruuby.ee\/en\/#organization"},"alternateName":"Ruuby Disain","potentialAction":[{"@type":"SearchAction","target":{"@type":"EntryPoint","urlTemplate":"http:\/\/ruuby.ee\/en\/?s={search_term_string}"},"query-input":{"@type":"PropertyValueSpecification","valueRequired":true,"valueName":"search_term_string"}}],"inLanguage":"en-GB"},{"@type":"Organization","@id":"http:\/\/ruuby.ee\/en\/#organization","name":"Ruuby Disain O\u00dc","alternateName":"Ruuby","url":"http:\/\/ruuby.ee\/en\/","logo":{"@type":"ImageObject","inLanguage":"en-GB","@id":"http:\/\/ruuby.ee\/en\/#\/schema\/logo\/image\/","url":"http:\/\/ruuby.ee\/wp-content\/uploads\/2023\/06\/cropped-Black-White-Elegant-Circle-Signature-Fashion-Logo-12_large.png","contentUrl":"http:\/\/ruuby.ee\/wp-content\/uploads\/2023\/06\/cropped-Black-White-Elegant-Circle-Signature-Fashion-Logo-12_large.png","width":1280,"height":747,"caption":"Ruuby Disain O\u00dc"},"image":{"@id":"http:\/\/ruuby.ee\/en\/#\/schema\/logo\/image\/"},"sameAs":["https:\/\/www.facebook.com\/ruubyconcept","https:\/\/www.instagram.com\/ruuby_concept\/"]}]}},"jetpack_sharing_enabled":true,"_links":{"self":[{"href":"http:\/\/ruuby.ee\/en\/wp-json\/wp\/v2\/product\/1595377","targetHints":{"allow":["GET"]}}],"collection":[{"href":"http:\/\/ruuby.ee\/en\/wp-json\/wp\/v2\/product"}],"about":[{"href":"http:\/\/ruuby.ee\/en\/wp-json\/wp\/v2\/types\/product"}],"replies":[{"embeddable":true,"href":"http:\/\/ruuby.ee\/en\/wp-json\/wp\/v2\/comments?post=1595377"}],"wp:featuredmedia":[{"embeddable":true,"href":"http:\/\/ruuby.ee\/en\/wp-json\/wp\/v2\/media\/1834186"}],"wp:attachment":[{"href":"http:\/\/ruuby.ee\/en\/wp-json\/wp\/v2\/media?parent=1595377"}],"wp:term":[{"taxonomy":"product_brand","embeddable":true,"href":"http:\/\/ruuby.ee\/en\/wp-json\/wp\/v2\/product_brand?post=1595377"},{"taxonomy":"product_cat","embeddable":true,"href":"http:\/\/ruuby.ee\/en\/wp-json\/wp\/v2\/product_cat?post=1595377"},{"taxonomy":"product_tag","embeddable":true,"href":"http:\/\/ruuby.ee\/en\/wp-json\/wp\/v2\/product_tag?post=1595377"}],"curies":[{"name":"wp","href":"https:\/\/api.w.org\/{rel}","templated":true}]}}