{"id":1590202,"date":"2023-06-14T21:02:18","date_gmt":"2023-06-14T18:02:18","guid":{"rendered":"http:\/\/ruuby.ee\/?post_type=product&#038;p=1590202"},"modified":"2026-04-08T01:28:43","modified_gmt":"2026-04-07T22:28:43","slug":"ester-erik-kuunal-37cm-2tk","status":"publish","type":"product","link":"http:\/\/ruuby.ee\/en\/pood\/kodusisustus\/kuunlad\/kuunlad-kuunlad\/ester-erik-kuunal-37cm-2tk\/","title":{"rendered":"ESTER &amp; ERIK k\u00fc\u00fcnal 37cm 2tk"},"content":{"rendered":"<p>ester &amp; erik k\u00fc\u00fcnal, koonusekujuline, 37 cm\/diameeter 4,4cm v\u00e4rvitoon: Linen Grey . K\u00fc\u00fcnlaid m\u00fc\u00fcakse kahe kaupa.<br \/>\nP\u00f5lemisaeg ~ 25h.<\/p>\n<p>Materjal: K\u00fc\u00fcnal on valmistatud 100% puhtast l\u00f5hnavabast parafiinvahast Euroopa juhtivalt tootjalt. K\u00fc\u00fcnal on toodetud nende endi tehases Taanis ja taht on valmistatud 100% puuvillast.<\/p>\n<p>Jalg: k\u00fc\u00fcnla jalg on koonusekujuline, mis t\u00e4hendab, et k\u00fc\u00fcnal sobib enamikule k\u00fc\u00fcnlahoidjatest.<\/p>\n<p>Isekustuv: K\u00fc\u00fcnal on isekustuv, mist\u00f5ttu leek kustub 2-3 sentimeetri kaugusel p\u00f5hjast (soovitame siiski mitte kunagi j\u00e4tta p\u00f5levaid k\u00fc\u00fcnlaid j\u00e4relevalveta).<\/p>\n<p>Kustutusjuhend: K\u00fc\u00fcnla kustutamiseks soovitame kasutada k\u00fc\u00fcnalkustutit. See v\u00e4ldib suitsu teket ja tagab k\u00fc\u00fcnla t\u00e4ieliku kustumise, v\u00e4ltides nii tahti suitsutamist. K\u00fc\u00fcnlakusuti kustutab p\u00f5leva taht t\u00e4ielikult, nii et taht j\u00e4\u00e4b terveks.<br \/>\nLaki-, kuld- v\u00f5i h\u00f5bekattega k\u00fc\u00fcnalde puhul on oluline \u2013 p\u00e4rast k\u00fc\u00fcnla kustutamist \u2013 eemaldada taht \u00fcmbritsevast s\u00fcvendist k\u00f5ige v\u00e4limine lakikiht, et k\u00fc\u00fcnalt saaks ilma raskusteta uuesti s\u00fc\u00fcdata.<\/p>\n<p>K\u00fc\u00fcnlap\u00f5letamise n\u00e4pun\u00e4ited: K\u00fc\u00fcnla parimal v\u00f5imalikul p\u00f5lemisel soovitame hoida taht l\u00fchikesena, asetada k\u00fc\u00fcnlad min. 10 cm kaugusel ja v\u00e4ltige k\u00fc\u00fcnalde asetamist otsese p\u00e4ikesevalguse, tuulet\u00f5mbuse v\u00f5i radiaatori kohale.<\/p>\n<p>Ester &amp; Erik on pereettev\u00f5te, mis on kvaliteetseid k\u00fc\u00fcnlaid valmistanud aastast 1987. Sellest ajast alates on ka s\u00fcda logo keskel \u2013 ikoon, mis peegeldab paari kiindumust teineteisesse. Perekonna kogemused ja asjatundlikkus ning ainulaadne elegantne disain ja tootmismeetodid t\u00e4hendavad, et ester &amp; erik k\u00fc\u00fcnlad pole lihtsalt k\u00fc\u00fcnlad, vaid kodu disainiikoonid.<\/p>","protected":false},"excerpt":{"rendered":"<p>ester &amp; erik k\u00fc\u00fcnal, koonusekujuline, 37 cm\/diameeter 4,4cm v\u00e4rvitoon: Linen Grey . K\u00fc\u00fcnlaid m\u00fc\u00fcakse kahe kaupa. P\u00f5lemisaeg ~ 25h. Materjal: K\u00fc\u00fcnal on valmistatud 100% puhtast l\u00f5hnavabast parafiinvahast Euroopa juhtivalt tootjalt. K\u00fc\u00fcnal on toodetud nende endi tehases Taanis ja taht on valmistatud 100% puuvillast. Jalg: k\u00fc\u00fcnla jalg on koonusekujuline, mis t\u00e4hendab, et k\u00fc\u00fcnal sobib enamikule k\u00fc\u00fcnlahoidjatest. [&hellip;]<\/p>\n","protected":false},"featured_media":1834160,"comment_status":"open","ping_status":"closed","template":"","meta":[],"product_brand":[],"product_cat":[740,54],"product_tag":[],"class_list":{"0":"post-1590202","1":"product","2":"type-product","3":"status-publish","4":"has-post-thumbnail","6":"product_cat-kuunlad-kuunlad","7":"product_cat-kuunlad","9":"first","10":"instock","11":"taxable","12":"shipping-taxable","13":"purchasable","14":"product-type-simple"},"yoast_head":"<!-- This site is optimized with the Yoast SEO plugin v27.3 - https:\/\/yoast.com\/product\/yoast-seo-wordpress\/ -->\n<title>ESTER &amp; ERIK k\u00fc\u00fcnal 37cm 2tk - RUUBY<\/title>\n<meta name=\"robots\" content=\"index, follow, max-snippet:-1, max-image-preview:large, max-video-preview:-1\" \/>\n<link rel=\"canonical\" href=\"http:\/\/ruuby.ee\/en\/pood\/kodusisustus\/kuunlad\/kuunlad-kuunlad\/ester-erik-kuunal-37cm-2tk\/\" \/>\n<meta property=\"og:locale\" content=\"en_GB\" \/>\n<meta property=\"og:type\" content=\"article\" \/>\n<meta property=\"og:title\" content=\"ESTER &amp; ERIK k\u00fc\u00fcnal 37cm 2tk - RUUBY\" \/>\n<meta property=\"og:description\" content=\"ester &amp; erik k\u00fc\u00fcnal, koonusekujuline, 37 cm\/diameeter 4,4cm v\u00e4rvitoon: Linen Grey . K\u00fc\u00fcnlaid m\u00fc\u00fcakse kahe kaupa. P\u00f5lemisaeg ~ 25h. Materjal: K\u00fc\u00fcnal on valmistatud 100% puhtast l\u00f5hnavabast parafiinvahast Euroopa juhtivalt tootjalt. K\u00fc\u00fcnal on toodetud nende endi tehases Taanis ja taht on valmistatud 100% puuvillast. Jalg: k\u00fc\u00fcnla jalg on koonusekujuline, mis t\u00e4hendab, et k\u00fc\u00fcnal sobib enamikule k\u00fc\u00fcnlahoidjatest. [&hellip;]\" \/>\n<meta property=\"og:url\" content=\"http:\/\/ruuby.ee\/en\/pood\/kodusisustus\/kuunlad\/kuunlad-kuunlad\/ester-erik-kuunal-37cm-2tk\/\" \/>\n<meta property=\"og:site_name\" content=\"RUUBY\" \/>\n<meta property=\"article:publisher\" content=\"https:\/\/www.facebook.com\/ruubyconcept\" \/>\n<meta property=\"article:modified_time\" content=\"2026-04-07T22:28:43+00:00\" \/>\n<meta property=\"og:image\" content=\"http:\/\/ruuby.ee\/wp-content\/uploads\/2023\/06\/Screenshot202022-12-1120at2017.42.54.png\" \/>\n\t<meta property=\"og:image:width\" content=\"826\" \/>\n\t<meta property=\"og:image:height\" content=\"1046\" \/>\n\t<meta property=\"og:image:type\" content=\"image\/png\" \/>\n<meta name=\"twitter:card\" content=\"summary_large_image\" \/>\n<meta name=\"twitter:label1\" content=\"Estimated reading time\" \/>\n\t<meta name=\"twitter:data1\" content=\"2 minutes\" \/>\n<script type=\"application\/ld+json\" class=\"yoast-schema-graph\">{\"@context\":\"https:\\\/\\\/schema.org\",\"@graph\":[{\"@type\":[\"WebPage\",\"ItemPage\"],\"@id\":\"http:\\\/\\\/ruuby.ee\\\/pood\\\/kodusisustus\\\/kuunlad\\\/kuunlad-kuunlad\\\/ester-erik-kuunal-37cm-2tk\\\/\",\"url\":\"http:\\\/\\\/ruuby.ee\\\/pood\\\/kodusisustus\\\/kuunlad\\\/kuunlad-kuunlad\\\/ester-erik-kuunal-37cm-2tk\\\/\",\"name\":\"ESTER &amp; ERIK k\u00fc\u00fcnal 37cm 2tk - RUUBY\",\"isPartOf\":{\"@id\":\"https:\\\/\\\/ruuby.ee\\\/en\\\/#website\"},\"primaryImageOfPage\":{\"@id\":\"http:\\\/\\\/ruuby.ee\\\/pood\\\/kodusisustus\\\/kuunlad\\\/kuunlad-kuunlad\\\/ester-erik-kuunal-37cm-2tk\\\/#primaryimage\"},\"image\":{\"@id\":\"http:\\\/\\\/ruuby.ee\\\/pood\\\/kodusisustus\\\/kuunlad\\\/kuunlad-kuunlad\\\/ester-erik-kuunal-37cm-2tk\\\/#primaryimage\"},\"thumbnailUrl\":\"http:\\\/\\\/ruuby.ee\\\/wp-content\\\/uploads\\\/2023\\\/06\\\/Screenshot202022-12-1120at2017.42.54.png\",\"datePublished\":\"2023-06-14T18:02:18+00:00\",\"dateModified\":\"2026-04-07T22:28:43+00:00\",\"breadcrumb\":{\"@id\":\"http:\\\/\\\/ruuby.ee\\\/pood\\\/kodusisustus\\\/kuunlad\\\/kuunlad-kuunlad\\\/ester-erik-kuunal-37cm-2tk\\\/#breadcrumb\"},\"inLanguage\":\"en-GB\",\"potentialAction\":[{\"@type\":\"ReadAction\",\"target\":[\"http:\\\/\\\/ruuby.ee\\\/pood\\\/kodusisustus\\\/kuunlad\\\/kuunlad-kuunlad\\\/ester-erik-kuunal-37cm-2tk\\\/\"]}]},{\"@type\":\"ImageObject\",\"inLanguage\":\"en-GB\",\"@id\":\"http:\\\/\\\/ruuby.ee\\\/pood\\\/kodusisustus\\\/kuunlad\\\/kuunlad-kuunlad\\\/ester-erik-kuunal-37cm-2tk\\\/#primaryimage\",\"url\":\"http:\\\/\\\/ruuby.ee\\\/wp-content\\\/uploads\\\/2023\\\/06\\\/Screenshot202022-12-1120at2017.42.54.png\",\"contentUrl\":\"http:\\\/\\\/ruuby.ee\\\/wp-content\\\/uploads\\\/2023\\\/06\\\/Screenshot202022-12-1120at2017.42.54.png\",\"width\":826,\"height\":1046},{\"@type\":\"BreadcrumbList\",\"@id\":\"http:\\\/\\\/ruuby.ee\\\/pood\\\/kodusisustus\\\/kuunlad\\\/kuunlad-kuunlad\\\/ester-erik-kuunal-37cm-2tk\\\/#breadcrumb\",\"itemListElement\":[{\"@type\":\"ListItem\",\"position\":1,\"name\":\"Kdu\",\"item\":\"https:\\\/\\\/ruuby.ee\\\/en\\\/\"},{\"@type\":\"ListItem\",\"position\":2,\"name\":\"Pood\",\"item\":\"https:\\\/\\\/ruuby.ee\\\/en\\\/pood\\\/\"},{\"@type\":\"ListItem\",\"position\":3,\"name\":\"ESTER &amp; ERIK k\u00fc\u00fcnal 37cm 2tk\"}]},{\"@type\":\"WebSite\",\"@id\":\"https:\\\/\\\/ruuby.ee\\\/en\\\/#website\",\"url\":\"https:\\\/\\\/ruuby.ee\\\/en\\\/\",\"name\":\"RUUBY\",\"description\":\"Ruubys on \u00fchendatud elustiil ja disain\",\"publisher\":{\"@id\":\"https:\\\/\\\/ruuby.ee\\\/en\\\/#organization\"},\"alternateName\":\"Ruuby Disain\",\"potentialAction\":[{\"@type\":\"SearchAction\",\"target\":{\"@type\":\"EntryPoint\",\"urlTemplate\":\"https:\\\/\\\/ruuby.ee\\\/en\\\/?s={search_term_string}\"},\"query-input\":{\"@type\":\"PropertyValueSpecification\",\"valueRequired\":true,\"valueName\":\"search_term_string\"}}],\"inLanguage\":\"en-GB\"},{\"@type\":\"Organization\",\"@id\":\"https:\\\/\\\/ruuby.ee\\\/en\\\/#organization\",\"name\":\"Ruuby Disain O\u00dc\",\"alternateName\":\"Ruuby\",\"url\":\"https:\\\/\\\/ruuby.ee\\\/en\\\/\",\"logo\":{\"@type\":\"ImageObject\",\"inLanguage\":\"en-GB\",\"@id\":\"https:\\\/\\\/ruuby.ee\\\/en\\\/#\\\/schema\\\/logo\\\/image\\\/\",\"url\":\"http:\\\/\\\/ruuby.ee\\\/wp-content\\\/uploads\\\/2023\\\/06\\\/cropped-Black-White-Elegant-Circle-Signature-Fashion-Logo-12_large.png\",\"contentUrl\":\"http:\\\/\\\/ruuby.ee\\\/wp-content\\\/uploads\\\/2023\\\/06\\\/cropped-Black-White-Elegant-Circle-Signature-Fashion-Logo-12_large.png\",\"width\":1280,\"height\":747,\"caption\":\"Ruuby Disain O\u00dc\"},\"image\":{\"@id\":\"https:\\\/\\\/ruuby.ee\\\/en\\\/#\\\/schema\\\/logo\\\/image\\\/\"},\"sameAs\":[\"https:\\\/\\\/www.facebook.com\\\/ruubyconcept\",\"https:\\\/\\\/www.instagram.com\\\/ruuby_concept\\\/\"]}]}<\/script>\n<!-- \/ Yoast SEO plugin. -->","yoast_head_json":{"title":"ESTER &amp; ERIK k\u00fc\u00fcnal 37cm 2tk - RUUBY","robots":{"index":"index","follow":"follow","max-snippet":"max-snippet:-1","max-image-preview":"max-image-preview:large","max-video-preview":"max-video-preview:-1"},"canonical":"http:\/\/ruuby.ee\/en\/pood\/kodusisustus\/kuunlad\/kuunlad-kuunlad\/ester-erik-kuunal-37cm-2tk\/","og_locale":"en_GB","og_type":"article","og_title":"ESTER &amp; ERIK k\u00fc\u00fcnal 37cm 2tk - RUUBY","og_description":"ester &amp; erik k\u00fc\u00fcnal, koonusekujuline, 37 cm\/diameeter 4,4cm v\u00e4rvitoon: Linen Grey . K\u00fc\u00fcnlaid m\u00fc\u00fcakse kahe kaupa. P\u00f5lemisaeg ~ 25h. Materjal: K\u00fc\u00fcnal on valmistatud 100% puhtast l\u00f5hnavabast parafiinvahast Euroopa juhtivalt tootjalt. K\u00fc\u00fcnal on toodetud nende endi tehases Taanis ja taht on valmistatud 100% puuvillast. Jalg: k\u00fc\u00fcnla jalg on koonusekujuline, mis t\u00e4hendab, et k\u00fc\u00fcnal sobib enamikule k\u00fc\u00fcnlahoidjatest. [&hellip;]","og_url":"http:\/\/ruuby.ee\/en\/pood\/kodusisustus\/kuunlad\/kuunlad-kuunlad\/ester-erik-kuunal-37cm-2tk\/","og_site_name":"RUUBY","article_publisher":"https:\/\/www.facebook.com\/ruubyconcept","article_modified_time":"2026-04-07T22:28:43+00:00","og_image":[{"width":826,"height":1046,"url":"http:\/\/ruuby.ee\/wp-content\/uploads\/2023\/06\/Screenshot202022-12-1120at2017.42.54.png","type":"image\/png"}],"twitter_card":"summary_large_image","twitter_misc":{"Estimated reading time":"2 minutes"},"schema":{"@context":"https:\/\/schema.org","@graph":[{"@type":["WebPage","ItemPage"],"@id":"http:\/\/ruuby.ee\/pood\/kodusisustus\/kuunlad\/kuunlad-kuunlad\/ester-erik-kuunal-37cm-2tk\/","url":"http:\/\/ruuby.ee\/pood\/kodusisustus\/kuunlad\/kuunlad-kuunlad\/ester-erik-kuunal-37cm-2tk\/","name":"ESTER &amp; ERIK k\u00fc\u00fcnal 37cm 2tk - RUUBY","isPartOf":{"@id":"https:\/\/ruuby.ee\/en\/#website"},"primaryImageOfPage":{"@id":"http:\/\/ruuby.ee\/pood\/kodusisustus\/kuunlad\/kuunlad-kuunlad\/ester-erik-kuunal-37cm-2tk\/#primaryimage"},"image":{"@id":"http:\/\/ruuby.ee\/pood\/kodusisustus\/kuunlad\/kuunlad-kuunlad\/ester-erik-kuunal-37cm-2tk\/#primaryimage"},"thumbnailUrl":"http:\/\/ruuby.ee\/wp-content\/uploads\/2023\/06\/Screenshot202022-12-1120at2017.42.54.png","datePublished":"2023-06-14T18:02:18+00:00","dateModified":"2026-04-07T22:28:43+00:00","breadcrumb":{"@id":"http:\/\/ruuby.ee\/pood\/kodusisustus\/kuunlad\/kuunlad-kuunlad\/ester-erik-kuunal-37cm-2tk\/#breadcrumb"},"inLanguage":"en-GB","potentialAction":[{"@type":"ReadAction","target":["http:\/\/ruuby.ee\/pood\/kodusisustus\/kuunlad\/kuunlad-kuunlad\/ester-erik-kuunal-37cm-2tk\/"]}]},{"@type":"ImageObject","inLanguage":"en-GB","@id":"http:\/\/ruuby.ee\/pood\/kodusisustus\/kuunlad\/kuunlad-kuunlad\/ester-erik-kuunal-37cm-2tk\/#primaryimage","url":"http:\/\/ruuby.ee\/wp-content\/uploads\/2023\/06\/Screenshot202022-12-1120at2017.42.54.png","contentUrl":"http:\/\/ruuby.ee\/wp-content\/uploads\/2023\/06\/Screenshot202022-12-1120at2017.42.54.png","width":826,"height":1046},{"@type":"BreadcrumbList","@id":"http:\/\/ruuby.ee\/pood\/kodusisustus\/kuunlad\/kuunlad-kuunlad\/ester-erik-kuunal-37cm-2tk\/#breadcrumb","itemListElement":[{"@type":"ListItem","position":1,"name":"Kdu","item":"https:\/\/ruuby.ee\/en\/"},{"@type":"ListItem","position":2,"name":"Pood","item":"https:\/\/ruuby.ee\/en\/pood\/"},{"@type":"ListItem","position":3,"name":"ESTER &amp; ERIK k\u00fc\u00fcnal 37cm 2tk"}]},{"@type":"WebSite","@id":"https:\/\/ruuby.ee\/en\/#website","url":"https:\/\/ruuby.ee\/en\/","name":"RUUBY","description":"Ruubys on \u00fchendatud elustiil ja disain","publisher":{"@id":"https:\/\/ruuby.ee\/en\/#organization"},"alternateName":"Ruuby Disain","potentialAction":[{"@type":"SearchAction","target":{"@type":"EntryPoint","urlTemplate":"https:\/\/ruuby.ee\/en\/?s={search_term_string}"},"query-input":{"@type":"PropertyValueSpecification","valueRequired":true,"valueName":"search_term_string"}}],"inLanguage":"en-GB"},{"@type":"Organization","@id":"https:\/\/ruuby.ee\/en\/#organization","name":"Ruuby Disain O\u00dc","alternateName":"Ruuby","url":"https:\/\/ruuby.ee\/en\/","logo":{"@type":"ImageObject","inLanguage":"en-GB","@id":"https:\/\/ruuby.ee\/en\/#\/schema\/logo\/image\/","url":"http:\/\/ruuby.ee\/wp-content\/uploads\/2023\/06\/cropped-Black-White-Elegant-Circle-Signature-Fashion-Logo-12_large.png","contentUrl":"http:\/\/ruuby.ee\/wp-content\/uploads\/2023\/06\/cropped-Black-White-Elegant-Circle-Signature-Fashion-Logo-12_large.png","width":1280,"height":747,"caption":"Ruuby Disain O\u00dc"},"image":{"@id":"https:\/\/ruuby.ee\/en\/#\/schema\/logo\/image\/"},"sameAs":["https:\/\/www.facebook.com\/ruubyconcept","https:\/\/www.instagram.com\/ruuby_concept\/"]}]}},"jetpack_sharing_enabled":true,"_links":{"self":[{"href":"http:\/\/ruuby.ee\/en\/wp-json\/wp\/v2\/product\/1590202","targetHints":{"allow":["GET"]}}],"collection":[{"href":"http:\/\/ruuby.ee\/en\/wp-json\/wp\/v2\/product"}],"about":[{"href":"http:\/\/ruuby.ee\/en\/wp-json\/wp\/v2\/types\/product"}],"replies":[{"embeddable":true,"href":"http:\/\/ruuby.ee\/en\/wp-json\/wp\/v2\/comments?post=1590202"}],"wp:featuredmedia":[{"embeddable":true,"href":"http:\/\/ruuby.ee\/en\/wp-json\/wp\/v2\/media\/1834160"}],"wp:attachment":[{"href":"http:\/\/ruuby.ee\/en\/wp-json\/wp\/v2\/media?parent=1590202"}],"wp:term":[{"taxonomy":"product_brand","embeddable":true,"href":"http:\/\/ruuby.ee\/en\/wp-json\/wp\/v2\/product_brand?post=1590202"},{"taxonomy":"product_cat","embeddable":true,"href":"http:\/\/ruuby.ee\/en\/wp-json\/wp\/v2\/product_cat?post=1590202"},{"taxonomy":"product_tag","embeddable":true,"href":"http:\/\/ruuby.ee\/en\/wp-json\/wp\/v2\/product_tag?post=1590202"}],"curies":[{"name":"wp","href":"https:\/\/api.w.org\/{rel}","templated":true}]}}