{"id":1587362,"date":"2023-06-14T18:02:17","date_gmt":"2023-06-14T18:02:17","guid":{"rendered":"http:\/\/ruuby.ee\/?post_type=product&#038;p=1587362"},"modified":"2026-04-08T01:28:45","modified_gmt":"2026-04-07T22:28:45","slug":"elensen-tray-konsoollaud","status":"publish","type":"product","link":"http:\/\/ruuby.ee\/en\/pood\/kodusisustus\/moobel\/kapid\/elensen-tray-konsoollaud\/","title":{"rendered":"ELENSEN TRAY konsoollaud"},"content":{"rendered":"<p>ELENSEN TRAY konsoollaud m\u00f5\u00f5tudega: pikkus: 100cm, s\u00fcgavus\/laius: 37cm, k\u00f5rgus: 78cm.<\/p>\n<p>Seda konsoollauda \u00fchendab suurep\u00e4rased klassikalised materjalid kaasaegse disainiga, luues stiilse laua, mida soovite hoida aastaid ja aastaid. Kandik on teie valitud kvaliteetsest tammepuidust, mis on v\u00e4rvitud elegantse v\u00e4limuse saamiseks v\u00f5i hoolikalt lakitud, et tuua esile puidu loomulik ilu.<br \/>\nLauaalus asetseb pulberv\u00e4rvitud terasest nurgelisel alusel, luues stiilse kolmem\u00f5\u00f5tmelise kuju, mis sobib igasse ruumi. Valige kahe klassikalise v\u00e4rvi \u2013 must v\u00f5i naturaalne tamm \u2013 vahel vastavalt oma maitsele ja kodule.<\/p>\n<p>Toodet on v\u00f5imalik tellida: info@ruuby.ee , tarneajaga kuni 1-3 n\u00e4dalat.<\/p>","protected":false},"excerpt":{"rendered":"<p>ELENSEN TRAY konsoollaud m\u00f5\u00f5tudega: pikkus: 100cm, s\u00fcgavus\/laius: 37cm, k\u00f5rgus: 78cm. Seda konsoollauda \u00fchendab suurep\u00e4rased klassikalised materjalid kaasaegse disainiga, luues stiilse laua, mida soovite hoida aastaid ja aastaid. Kandik on teie valitud kvaliteetsest tammepuidust, mis on v\u00e4rvitud elegantse v\u00e4limuse saamiseks v\u00f5i hoolikalt lakitud, et tuua esile puidu loomulik ilu. Lauaalus asetseb pulberv\u00e4rvitud terasest nurgelisel alusel, luues [&hellip;]<\/p>\n","protected":false},"featured_media":1837335,"comment_status":"open","ping_status":"closed","template":"","meta":[],"product_brand":[],"product_cat":[56],"product_tag":[327,328,235],"class_list":{"0":"post-1587362","1":"product","2":"type-product","3":"status-publish","4":"has-post-thumbnail","6":"product_cat-kapid","7":"product_tag-elensen","8":"product_tag-konsoollaud","9":"product_tag-sisustus","11":"first","12":"onbackorder","13":"taxable","14":"shipping-taxable","15":"purchasable","16":"product-type-variable","17":"rtwpvs-product"},"yoast_head":"<!-- This site is optimized with the Yoast SEO plugin v27.3 - https:\/\/yoast.com\/product\/yoast-seo-wordpress\/ -->\n<title>ELENSEN TRAY konsoollaud - RUUBY<\/title>\n<meta name=\"robots\" content=\"index, follow, max-snippet:-1, max-image-preview:large, max-video-preview:-1\" \/>\n<link rel=\"canonical\" href=\"https:\/\/ruuby.ee\/en\/pood\/kodusisustus\/moobel\/kapid\/elensen-tray-konsoollaud\/\" \/>\n<meta property=\"og:locale\" content=\"en_GB\" \/>\n<meta property=\"og:type\" content=\"article\" \/>\n<meta property=\"og:title\" content=\"ELENSEN TRAY konsoollaud - RUUBY\" \/>\n<meta property=\"og:description\" content=\"ELENSEN TRAY konsoollaud m\u00f5\u00f5tudega: pikkus: 100cm, s\u00fcgavus\/laius: 37cm, k\u00f5rgus: 78cm. Seda konsoollauda \u00fchendab suurep\u00e4rased klassikalised materjalid kaasaegse disainiga, luues stiilse laua, mida soovite hoida aastaid ja aastaid. Kandik on teie valitud kvaliteetsest tammepuidust, mis on v\u00e4rvitud elegantse v\u00e4limuse saamiseks v\u00f5i hoolikalt lakitud, et tuua esile puidu loomulik ilu. Lauaalus asetseb pulberv\u00e4rvitud terasest nurgelisel alusel, luues [&hellip;]\" \/>\n<meta property=\"og:url\" content=\"https:\/\/ruuby.ee\/en\/pood\/kodusisustus\/moobel\/kapid\/elensen-tray-konsoollaud\/\" \/>\n<meta property=\"og:site_name\" content=\"RUUBY\" \/>\n<meta property=\"article:publisher\" content=\"https:\/\/www.facebook.com\/ruubyconcept\" \/>\n<meta property=\"article:modified_time\" content=\"2026-04-07T22:28:45+00:00\" \/>\n<meta property=\"og:image\" content=\"https:\/\/ruuby.ee\/wp-content\/uploads\/2023\/06\/Screenshot-2023-07-22-at-13.07.04-924x1024.png\" \/>\n\t<meta property=\"og:image:width\" content=\"924\" \/>\n\t<meta property=\"og:image:height\" content=\"1024\" \/>\n\t<meta property=\"og:image:type\" content=\"image\/png\" \/>\n<meta name=\"twitter:card\" content=\"summary_large_image\" \/>\n<meta name=\"twitter:label1\" content=\"Estimated reading time\" \/>\n\t<meta name=\"twitter:data1\" content=\"1 minute\" \/>\n<script type=\"application\/ld+json\" class=\"yoast-schema-graph\">{\"@context\":\"https:\\\/\\\/schema.org\",\"@graph\":[{\"@type\":[\"WebPage\",\"ItemPage\"],\"@id\":\"https:\\\/\\\/ruuby.ee\\\/pood\\\/kodusisustus\\\/moobel\\\/kapid\\\/elensen-tray-konsoollaud\\\/\",\"url\":\"https:\\\/\\\/ruuby.ee\\\/pood\\\/kodusisustus\\\/moobel\\\/kapid\\\/elensen-tray-konsoollaud\\\/\",\"name\":\"ELENSEN TRAY konsoollaud - RUUBY\",\"isPartOf\":{\"@id\":\"http:\\\/\\\/ruuby.ee\\\/en\\\/#website\"},\"primaryImageOfPage\":{\"@id\":\"https:\\\/\\\/ruuby.ee\\\/pood\\\/kodusisustus\\\/moobel\\\/kapid\\\/elensen-tray-konsoollaud\\\/#primaryimage\"},\"image\":{\"@id\":\"https:\\\/\\\/ruuby.ee\\\/pood\\\/kodusisustus\\\/moobel\\\/kapid\\\/elensen-tray-konsoollaud\\\/#primaryimage\"},\"thumbnailUrl\":\"http:\\\/\\\/ruuby.ee\\\/wp-content\\\/uploads\\\/2023\\\/06\\\/Screenshot-2023-07-22-at-13.07.04.png\",\"datePublished\":\"2023-06-14T18:02:17+00:00\",\"dateModified\":\"2026-04-07T22:28:45+00:00\",\"breadcrumb\":{\"@id\":\"https:\\\/\\\/ruuby.ee\\\/pood\\\/kodusisustus\\\/moobel\\\/kapid\\\/elensen-tray-konsoollaud\\\/#breadcrumb\"},\"inLanguage\":\"en-GB\",\"potentialAction\":[{\"@type\":\"ReadAction\",\"target\":[\"https:\\\/\\\/ruuby.ee\\\/pood\\\/kodusisustus\\\/moobel\\\/kapid\\\/elensen-tray-konsoollaud\\\/\"]}]},{\"@type\":\"ImageObject\",\"inLanguage\":\"en-GB\",\"@id\":\"https:\\\/\\\/ruuby.ee\\\/pood\\\/kodusisustus\\\/moobel\\\/kapid\\\/elensen-tray-konsoollaud\\\/#primaryimage\",\"url\":\"http:\\\/\\\/ruuby.ee\\\/wp-content\\\/uploads\\\/2023\\\/06\\\/Screenshot-2023-07-22-at-13.07.04.png\",\"contentUrl\":\"http:\\\/\\\/ruuby.ee\\\/wp-content\\\/uploads\\\/2023\\\/06\\\/Screenshot-2023-07-22-at-13.07.04.png\",\"width\":1204,\"height\":1334},{\"@type\":\"BreadcrumbList\",\"@id\":\"https:\\\/\\\/ruuby.ee\\\/pood\\\/kodusisustus\\\/moobel\\\/kapid\\\/elensen-tray-konsoollaud\\\/#breadcrumb\",\"itemListElement\":[{\"@type\":\"ListItem\",\"position\":1,\"name\":\"Kdu\",\"item\":\"http:\\\/\\\/ruuby.ee\\\/en\\\/\"},{\"@type\":\"ListItem\",\"position\":2,\"name\":\"Pood\",\"item\":\"http:\\\/\\\/ruuby.ee\\\/en\\\/pood\\\/\"},{\"@type\":\"ListItem\",\"position\":3,\"name\":\"ELENSEN TRAY konsoollaud\"}]},{\"@type\":\"WebSite\",\"@id\":\"http:\\\/\\\/ruuby.ee\\\/en\\\/#website\",\"url\":\"http:\\\/\\\/ruuby.ee\\\/en\\\/\",\"name\":\"RUUBY\",\"description\":\"Ruubys on \u00fchendatud elustiil ja disain\",\"publisher\":{\"@id\":\"http:\\\/\\\/ruuby.ee\\\/en\\\/#organization\"},\"alternateName\":\"Ruuby Disain\",\"potentialAction\":[{\"@type\":\"SearchAction\",\"target\":{\"@type\":\"EntryPoint\",\"urlTemplate\":\"http:\\\/\\\/ruuby.ee\\\/en\\\/?s={search_term_string}\"},\"query-input\":{\"@type\":\"PropertyValueSpecification\",\"valueRequired\":true,\"valueName\":\"search_term_string\"}}],\"inLanguage\":\"en-GB\"},{\"@type\":\"Organization\",\"@id\":\"http:\\\/\\\/ruuby.ee\\\/en\\\/#organization\",\"name\":\"Ruuby Disain O\u00dc\",\"alternateName\":\"Ruuby\",\"url\":\"http:\\\/\\\/ruuby.ee\\\/en\\\/\",\"logo\":{\"@type\":\"ImageObject\",\"inLanguage\":\"en-GB\",\"@id\":\"http:\\\/\\\/ruuby.ee\\\/en\\\/#\\\/schema\\\/logo\\\/image\\\/\",\"url\":\"http:\\\/\\\/ruuby.ee\\\/wp-content\\\/uploads\\\/2023\\\/06\\\/cropped-Black-White-Elegant-Circle-Signature-Fashion-Logo-12_large.png\",\"contentUrl\":\"http:\\\/\\\/ruuby.ee\\\/wp-content\\\/uploads\\\/2023\\\/06\\\/cropped-Black-White-Elegant-Circle-Signature-Fashion-Logo-12_large.png\",\"width\":1280,\"height\":747,\"caption\":\"Ruuby Disain O\u00dc\"},\"image\":{\"@id\":\"http:\\\/\\\/ruuby.ee\\\/en\\\/#\\\/schema\\\/logo\\\/image\\\/\"},\"sameAs\":[\"https:\\\/\\\/www.facebook.com\\\/ruubyconcept\",\"https:\\\/\\\/www.instagram.com\\\/ruuby_concept\\\/\"]}]}<\/script>\n<!-- \/ Yoast SEO plugin. -->","yoast_head_json":{"title":"ELENSEN TRAY konsoollaud - RUUBY","robots":{"index":"index","follow":"follow","max-snippet":"max-snippet:-1","max-image-preview":"max-image-preview:large","max-video-preview":"max-video-preview:-1"},"canonical":"https:\/\/ruuby.ee\/en\/pood\/kodusisustus\/moobel\/kapid\/elensen-tray-konsoollaud\/","og_locale":"en_GB","og_type":"article","og_title":"ELENSEN TRAY konsoollaud - RUUBY","og_description":"ELENSEN TRAY konsoollaud m\u00f5\u00f5tudega: pikkus: 100cm, s\u00fcgavus\/laius: 37cm, k\u00f5rgus: 78cm. Seda konsoollauda \u00fchendab suurep\u00e4rased klassikalised materjalid kaasaegse disainiga, luues stiilse laua, mida soovite hoida aastaid ja aastaid. Kandik on teie valitud kvaliteetsest tammepuidust, mis on v\u00e4rvitud elegantse v\u00e4limuse saamiseks v\u00f5i hoolikalt lakitud, et tuua esile puidu loomulik ilu. Lauaalus asetseb pulberv\u00e4rvitud terasest nurgelisel alusel, luues [&hellip;]","og_url":"https:\/\/ruuby.ee\/en\/pood\/kodusisustus\/moobel\/kapid\/elensen-tray-konsoollaud\/","og_site_name":"RUUBY","article_publisher":"https:\/\/www.facebook.com\/ruubyconcept","article_modified_time":"2026-04-07T22:28:45+00:00","og_image":[{"width":924,"height":1024,"url":"https:\/\/ruuby.ee\/wp-content\/uploads\/2023\/06\/Screenshot-2023-07-22-at-13.07.04-924x1024.png","type":"image\/png"}],"twitter_card":"summary_large_image","twitter_misc":{"Estimated reading time":"1 minute"},"schema":{"@context":"https:\/\/schema.org","@graph":[{"@type":["WebPage","ItemPage"],"@id":"https:\/\/ruuby.ee\/pood\/kodusisustus\/moobel\/kapid\/elensen-tray-konsoollaud\/","url":"https:\/\/ruuby.ee\/pood\/kodusisustus\/moobel\/kapid\/elensen-tray-konsoollaud\/","name":"ELENSEN TRAY konsoollaud - RUUBY","isPartOf":{"@id":"http:\/\/ruuby.ee\/en\/#website"},"primaryImageOfPage":{"@id":"https:\/\/ruuby.ee\/pood\/kodusisustus\/moobel\/kapid\/elensen-tray-konsoollaud\/#primaryimage"},"image":{"@id":"https:\/\/ruuby.ee\/pood\/kodusisustus\/moobel\/kapid\/elensen-tray-konsoollaud\/#primaryimage"},"thumbnailUrl":"http:\/\/ruuby.ee\/wp-content\/uploads\/2023\/06\/Screenshot-2023-07-22-at-13.07.04.png","datePublished":"2023-06-14T18:02:17+00:00","dateModified":"2026-04-07T22:28:45+00:00","breadcrumb":{"@id":"https:\/\/ruuby.ee\/pood\/kodusisustus\/moobel\/kapid\/elensen-tray-konsoollaud\/#breadcrumb"},"inLanguage":"en-GB","potentialAction":[{"@type":"ReadAction","target":["https:\/\/ruuby.ee\/pood\/kodusisustus\/moobel\/kapid\/elensen-tray-konsoollaud\/"]}]},{"@type":"ImageObject","inLanguage":"en-GB","@id":"https:\/\/ruuby.ee\/pood\/kodusisustus\/moobel\/kapid\/elensen-tray-konsoollaud\/#primaryimage","url":"http:\/\/ruuby.ee\/wp-content\/uploads\/2023\/06\/Screenshot-2023-07-22-at-13.07.04.png","contentUrl":"http:\/\/ruuby.ee\/wp-content\/uploads\/2023\/06\/Screenshot-2023-07-22-at-13.07.04.png","width":1204,"height":1334},{"@type":"BreadcrumbList","@id":"https:\/\/ruuby.ee\/pood\/kodusisustus\/moobel\/kapid\/elensen-tray-konsoollaud\/#breadcrumb","itemListElement":[{"@type":"ListItem","position":1,"name":"Kdu","item":"http:\/\/ruuby.ee\/en\/"},{"@type":"ListItem","position":2,"name":"Pood","item":"http:\/\/ruuby.ee\/en\/pood\/"},{"@type":"ListItem","position":3,"name":"ELENSEN TRAY konsoollaud"}]},{"@type":"WebSite","@id":"http:\/\/ruuby.ee\/en\/#website","url":"http:\/\/ruuby.ee\/en\/","name":"RUUBY","description":"Ruubys on \u00fchendatud elustiil ja disain","publisher":{"@id":"http:\/\/ruuby.ee\/en\/#organization"},"alternateName":"Ruuby Disain","potentialAction":[{"@type":"SearchAction","target":{"@type":"EntryPoint","urlTemplate":"http:\/\/ruuby.ee\/en\/?s={search_term_string}"},"query-input":{"@type":"PropertyValueSpecification","valueRequired":true,"valueName":"search_term_string"}}],"inLanguage":"en-GB"},{"@type":"Organization","@id":"http:\/\/ruuby.ee\/en\/#organization","name":"Ruuby Disain O\u00dc","alternateName":"Ruuby","url":"http:\/\/ruuby.ee\/en\/","logo":{"@type":"ImageObject","inLanguage":"en-GB","@id":"http:\/\/ruuby.ee\/en\/#\/schema\/logo\/image\/","url":"http:\/\/ruuby.ee\/wp-content\/uploads\/2023\/06\/cropped-Black-White-Elegant-Circle-Signature-Fashion-Logo-12_large.png","contentUrl":"http:\/\/ruuby.ee\/wp-content\/uploads\/2023\/06\/cropped-Black-White-Elegant-Circle-Signature-Fashion-Logo-12_large.png","width":1280,"height":747,"caption":"Ruuby Disain O\u00dc"},"image":{"@id":"http:\/\/ruuby.ee\/en\/#\/schema\/logo\/image\/"},"sameAs":["https:\/\/www.facebook.com\/ruubyconcept","https:\/\/www.instagram.com\/ruuby_concept\/"]}]}},"jetpack_sharing_enabled":true,"_links":{"self":[{"href":"http:\/\/ruuby.ee\/en\/wp-json\/wp\/v2\/product\/1587362","targetHints":{"allow":["GET"]}}],"collection":[{"href":"http:\/\/ruuby.ee\/en\/wp-json\/wp\/v2\/product"}],"about":[{"href":"http:\/\/ruuby.ee\/en\/wp-json\/wp\/v2\/types\/product"}],"replies":[{"embeddable":true,"href":"http:\/\/ruuby.ee\/en\/wp-json\/wp\/v2\/comments?post=1587362"}],"wp:featuredmedia":[{"embeddable":true,"href":"http:\/\/ruuby.ee\/en\/wp-json\/wp\/v2\/media\/1837335"}],"wp:attachment":[{"href":"http:\/\/ruuby.ee\/en\/wp-json\/wp\/v2\/media?parent=1587362"}],"wp:term":[{"taxonomy":"product_brand","embeddable":true,"href":"http:\/\/ruuby.ee\/en\/wp-json\/wp\/v2\/product_brand?post=1587362"},{"taxonomy":"product_cat","embeddable":true,"href":"http:\/\/ruuby.ee\/en\/wp-json\/wp\/v2\/product_cat?post=1587362"},{"taxonomy":"product_tag","embeddable":true,"href":"http:\/\/ruuby.ee\/en\/wp-json\/wp\/v2\/product_tag?post=1587362"}],"curies":[{"name":"wp","href":"https:\/\/api.w.org\/{rel}","templated":true}]}}