{"id":1584537,"date":"2023-06-14T21:02:16","date_gmt":"2023-06-14T18:02:16","guid":{"rendered":"http:\/\/ruuby.ee\/?post_type=product&#038;p=1584537"},"modified":"2026-04-05T01:25:36","modified_gmt":"2026-04-04T22:25:36","slug":"the-mallows-karamellitaidisega-vahukommid","status":"publish","type":"product","link":"http:\/\/ruuby.ee\/en\/pood\/gurmee\/maiustused\/the-mallows-karamellitaidisega-vahukommid\/","title":{"rendered":"The Mallows karamellit\u00e4idisega vahukommid"},"content":{"rendered":"<p>Mallows on Taani br\u00e4nd, mis toodab vahukomme. Tooted on orgaanilised ja valminud ainult parimast toorainest. Mallowsi jaoks on ainult parim piisav.<\/p>\n<p>Karamelliga t\u00e4idetud vahukommid kaetud puuviljase Ruby \u0161okolaadiga. Magus karamell sulab kokku vanilli vahukommiga ja on Sinu lemmik esimesest suut\u00e4iest.<br \/>\nKoostis: gl\u00fckoosi-fruktoosisiirup (EU), suhkur, 13,6% kate (suhkur, taimerasv (kookos, palmituuma, palm, p\u00e4evalill, shea, rapsiseemned), v\u00e4hendatud rasvasisaldusega kakaopulber, stabilisaator: E492, emulgaator: sojaletsitiin, looduslik vanilje maitseaine, 13,6% karamellt\u00e4idis (gl\u00fckoosisiirup, taime\u00f5li (palmi), suhkur, magustatud kondenspiim (l\u00f5ss, suhkur), dekstroos, taime\u00f5li (rapsiseemned), emulgaator (E471), sool, happesuse regulaator (E331iii), looduslik l\u00f5hna- ja maitseaine, 9% k\u00fclmkuivatatud vaarikas (EU), vesi, dekstroos, \u017eelatiin, l\u00f5hna- ja maitseaine.<\/p>","protected":false},"excerpt":{"rendered":"<p>Mallows on Taani br\u00e4nd, mis toodab vahukomme. Tooted on orgaanilised ja valminud ainult parimast toorainest. Mallowsi jaoks on ainult parim piisav. Karamelliga t\u00e4idetud vahukommid kaetud puuviljase Ruby \u0161okolaadiga. Magus karamell sulab kokku vanilli vahukommiga ja on Sinu lemmik esimesest suut\u00e4iest. Koostis: gl\u00fckoosi-fruktoosisiirup (EU), suhkur, 13,6% kate (suhkur, taimerasv (kookos, palmituuma, palm, p\u00e4evalill, shea, rapsiseemned), v\u00e4hendatud [&hellip;]<\/p>\n","protected":false},"featured_media":1838556,"comment_status":"open","ping_status":"closed","template":"","meta":[],"product_brand":[],"product_cat":[26,644],"product_tag":[],"class_list":{"0":"post-1584537","1":"product","2":"type-product","3":"status-publish","4":"has-post-thumbnail","6":"product_cat-gurmee","7":"product_cat-maiustused","9":"first","10":"outofstock","11":"taxable","12":"shipping-taxable","13":"purchasable","14":"product-type-simple"},"yoast_head":"<!-- This site is optimized with the Yoast SEO plugin v27.2 - https:\/\/yoast.com\/product\/yoast-seo-wordpress\/ -->\n<title>The Mallows karamellit\u00e4idisega vahukommid - RUUBY<\/title>\n<meta name=\"robots\" content=\"index, follow, max-snippet:-1, max-image-preview:large, max-video-preview:-1\" \/>\n<link rel=\"canonical\" href=\"http:\/\/ruuby.ee\/en\/pood\/gurmee\/maiustused\/the-mallows-karamellitaidisega-vahukommid\/\" \/>\n<meta property=\"og:locale\" content=\"en_GB\" \/>\n<meta property=\"og:type\" content=\"article\" \/>\n<meta property=\"og:title\" content=\"The Mallows karamellit\u00e4idisega vahukommid - RUUBY\" \/>\n<meta property=\"og:description\" content=\"Mallows on Taani br\u00e4nd, mis toodab vahukomme. Tooted on orgaanilised ja valminud ainult parimast toorainest. Mallowsi jaoks on ainult parim piisav. Karamelliga t\u00e4idetud vahukommid kaetud puuviljase Ruby \u0161okolaadiga. Magus karamell sulab kokku vanilli vahukommiga ja on Sinu lemmik esimesest suut\u00e4iest. Koostis: gl\u00fckoosi-fruktoosisiirup (EU), suhkur, 13,6% kate (suhkur, taimerasv (kookos, palmituuma, palm, p\u00e4evalill, shea, rapsiseemned), v\u00e4hendatud [&hellip;]\" \/>\n<meta property=\"og:url\" content=\"http:\/\/ruuby.ee\/en\/pood\/gurmee\/maiustused\/the-mallows-karamellitaidisega-vahukommid\/\" \/>\n<meta property=\"og:site_name\" content=\"RUUBY\" \/>\n<meta property=\"article:publisher\" content=\"https:\/\/www.facebook.com\/ruubyconcept\" \/>\n<meta property=\"article:modified_time\" content=\"2026-04-04T22:25:36+00:00\" \/>\n<meta property=\"og:image\" content=\"http:\/\/ruuby.ee\/wp-content\/uploads\/2023\/06\/Screenshot-2023-08-25-at-14.15.17.png\" \/>\n\t<meta property=\"og:image:width\" content=\"662\" \/>\n\t<meta property=\"og:image:height\" content=\"676\" \/>\n\t<meta property=\"og:image:type\" content=\"image\/png\" \/>\n<meta name=\"twitter:card\" content=\"summary_large_image\" \/>\n<meta name=\"twitter:label1\" content=\"Estimated reading time\" \/>\n\t<meta name=\"twitter:data1\" content=\"1 minute\" \/>\n<script type=\"application\/ld+json\" class=\"yoast-schema-graph\">{\"@context\":\"https:\/\/schema.org\",\"@graph\":[{\"@type\":[\"WebPage\",\"ItemPage\"],\"@id\":\"http:\/\/ruuby.ee\/en\/pood\/gurmee\/maiustused\/the-mallows-karamellitaidisega-vahukommid\/\",\"url\":\"http:\/\/ruuby.ee\/en\/pood\/gurmee\/maiustused\/the-mallows-karamellitaidisega-vahukommid\/\",\"name\":\"The Mallows karamellit\u00e4idisega vahukommid - RUUBY\",\"isPartOf\":{\"@id\":\"http:\/\/ruuby.ee\/#website\"},\"primaryImageOfPage\":{\"@id\":\"http:\/\/ruuby.ee\/en\/pood\/gurmee\/maiustused\/the-mallows-karamellitaidisega-vahukommid\/#primaryimage\"},\"image\":{\"@id\":\"http:\/\/ruuby.ee\/en\/pood\/gurmee\/maiustused\/the-mallows-karamellitaidisega-vahukommid\/#primaryimage\"},\"thumbnailUrl\":\"http:\/\/ruuby.ee\/wp-content\/uploads\/2023\/06\/Screenshot-2023-08-25-at-14.15.17.png\",\"datePublished\":\"2023-06-14T18:02:16+00:00\",\"dateModified\":\"2026-04-04T22:25:36+00:00\",\"breadcrumb\":{\"@id\":\"http:\/\/ruuby.ee\/en\/pood\/gurmee\/maiustused\/the-mallows-karamellitaidisega-vahukommid\/#breadcrumb\"},\"inLanguage\":\"en-GB\",\"potentialAction\":[{\"@type\":\"ReadAction\",\"target\":[\"http:\/\/ruuby.ee\/en\/pood\/gurmee\/maiustused\/the-mallows-karamellitaidisega-vahukommid\/\"]}]},{\"@type\":\"ImageObject\",\"inLanguage\":\"en-GB\",\"@id\":\"http:\/\/ruuby.ee\/en\/pood\/gurmee\/maiustused\/the-mallows-karamellitaidisega-vahukommid\/#primaryimage\",\"url\":\"http:\/\/ruuby.ee\/wp-content\/uploads\/2023\/06\/Screenshot-2023-08-25-at-14.15.17.png\",\"contentUrl\":\"http:\/\/ruuby.ee\/wp-content\/uploads\/2023\/06\/Screenshot-2023-08-25-at-14.15.17.png\",\"width\":662,\"height\":676},{\"@type\":\"BreadcrumbList\",\"@id\":\"http:\/\/ruuby.ee\/en\/pood\/gurmee\/maiustused\/the-mallows-karamellitaidisega-vahukommid\/#breadcrumb\",\"itemListElement\":[{\"@type\":\"ListItem\",\"position\":1,\"name\":\"Kdu\",\"item\":\"http:\/\/ruuby.ee\/\"},{\"@type\":\"ListItem\",\"position\":2,\"name\":\"Pood\",\"item\":\"https:\/\/ruuby.ee\/en\/pood\/\"},{\"@type\":\"ListItem\",\"position\":3,\"name\":\"The Mallows karamellit\u00e4idisega vahukommid\"}]},{\"@type\":\"WebSite\",\"@id\":\"http:\/\/ruuby.ee\/#website\",\"url\":\"http:\/\/ruuby.ee\/\",\"name\":\"RUUBY\",\"description\":\"Ruubys on \u00fchendatud elustiil ja disain\",\"publisher\":{\"@id\":\"http:\/\/ruuby.ee\/#organization\"},\"alternateName\":\"Ruuby Disain\",\"potentialAction\":[{\"@type\":\"SearchAction\",\"target\":{\"@type\":\"EntryPoint\",\"urlTemplate\":\"http:\/\/ruuby.ee\/?s={search_term_string}\"},\"query-input\":{\"@type\":\"PropertyValueSpecification\",\"valueRequired\":true,\"valueName\":\"search_term_string\"}}],\"inLanguage\":\"en-GB\"},{\"@type\":\"Organization\",\"@id\":\"http:\/\/ruuby.ee\/#organization\",\"name\":\"Ruuby Disain O\u00dc\",\"alternateName\":\"Ruuby\",\"url\":\"http:\/\/ruuby.ee\/\",\"logo\":{\"@type\":\"ImageObject\",\"inLanguage\":\"en-GB\",\"@id\":\"http:\/\/ruuby.ee\/#\/schema\/logo\/image\/\",\"url\":\"http:\/\/ruuby.ee\/wp-content\/uploads\/2023\/06\/cropped-Black-White-Elegant-Circle-Signature-Fashion-Logo-12_large.png\",\"contentUrl\":\"http:\/\/ruuby.ee\/wp-content\/uploads\/2023\/06\/cropped-Black-White-Elegant-Circle-Signature-Fashion-Logo-12_large.png\",\"width\":1280,\"height\":747,\"caption\":\"Ruuby Disain O\u00dc\"},\"image\":{\"@id\":\"http:\/\/ruuby.ee\/#\/schema\/logo\/image\/\"},\"sameAs\":[\"https:\/\/www.facebook.com\/ruubyconcept\",\"https:\/\/www.instagram.com\/ruuby_concept\/\"]}]}<\/script>\n<!-- \/ Yoast SEO plugin. -->","yoast_head_json":{"title":"The Mallows karamellit\u00e4idisega vahukommid - RUUBY","robots":{"index":"index","follow":"follow","max-snippet":"max-snippet:-1","max-image-preview":"max-image-preview:large","max-video-preview":"max-video-preview:-1"},"canonical":"http:\/\/ruuby.ee\/en\/pood\/gurmee\/maiustused\/the-mallows-karamellitaidisega-vahukommid\/","og_locale":"en_GB","og_type":"article","og_title":"The Mallows karamellit\u00e4idisega vahukommid - RUUBY","og_description":"Mallows on Taani br\u00e4nd, mis toodab vahukomme. Tooted on orgaanilised ja valminud ainult parimast toorainest. Mallowsi jaoks on ainult parim piisav. Karamelliga t\u00e4idetud vahukommid kaetud puuviljase Ruby \u0161okolaadiga. Magus karamell sulab kokku vanilli vahukommiga ja on Sinu lemmik esimesest suut\u00e4iest. Koostis: gl\u00fckoosi-fruktoosisiirup (EU), suhkur, 13,6% kate (suhkur, taimerasv (kookos, palmituuma, palm, p\u00e4evalill, shea, rapsiseemned), v\u00e4hendatud [&hellip;]","og_url":"http:\/\/ruuby.ee\/en\/pood\/gurmee\/maiustused\/the-mallows-karamellitaidisega-vahukommid\/","og_site_name":"RUUBY","article_publisher":"https:\/\/www.facebook.com\/ruubyconcept","article_modified_time":"2026-04-04T22:25:36+00:00","og_image":[{"width":662,"height":676,"url":"http:\/\/ruuby.ee\/wp-content\/uploads\/2023\/06\/Screenshot-2023-08-25-at-14.15.17.png","type":"image\/png"}],"twitter_card":"summary_large_image","twitter_misc":{"Estimated reading time":"1 minute"},"schema":{"@context":"https:\/\/schema.org","@graph":[{"@type":["WebPage","ItemPage"],"@id":"http:\/\/ruuby.ee\/en\/pood\/gurmee\/maiustused\/the-mallows-karamellitaidisega-vahukommid\/","url":"http:\/\/ruuby.ee\/en\/pood\/gurmee\/maiustused\/the-mallows-karamellitaidisega-vahukommid\/","name":"The Mallows karamellit\u00e4idisega vahukommid - RUUBY","isPartOf":{"@id":"http:\/\/ruuby.ee\/#website"},"primaryImageOfPage":{"@id":"http:\/\/ruuby.ee\/en\/pood\/gurmee\/maiustused\/the-mallows-karamellitaidisega-vahukommid\/#primaryimage"},"image":{"@id":"http:\/\/ruuby.ee\/en\/pood\/gurmee\/maiustused\/the-mallows-karamellitaidisega-vahukommid\/#primaryimage"},"thumbnailUrl":"http:\/\/ruuby.ee\/wp-content\/uploads\/2023\/06\/Screenshot-2023-08-25-at-14.15.17.png","datePublished":"2023-06-14T18:02:16+00:00","dateModified":"2026-04-04T22:25:36+00:00","breadcrumb":{"@id":"http:\/\/ruuby.ee\/en\/pood\/gurmee\/maiustused\/the-mallows-karamellitaidisega-vahukommid\/#breadcrumb"},"inLanguage":"en-GB","potentialAction":[{"@type":"ReadAction","target":["http:\/\/ruuby.ee\/en\/pood\/gurmee\/maiustused\/the-mallows-karamellitaidisega-vahukommid\/"]}]},{"@type":"ImageObject","inLanguage":"en-GB","@id":"http:\/\/ruuby.ee\/en\/pood\/gurmee\/maiustused\/the-mallows-karamellitaidisega-vahukommid\/#primaryimage","url":"http:\/\/ruuby.ee\/wp-content\/uploads\/2023\/06\/Screenshot-2023-08-25-at-14.15.17.png","contentUrl":"http:\/\/ruuby.ee\/wp-content\/uploads\/2023\/06\/Screenshot-2023-08-25-at-14.15.17.png","width":662,"height":676},{"@type":"BreadcrumbList","@id":"http:\/\/ruuby.ee\/en\/pood\/gurmee\/maiustused\/the-mallows-karamellitaidisega-vahukommid\/#breadcrumb","itemListElement":[{"@type":"ListItem","position":1,"name":"Kdu","item":"http:\/\/ruuby.ee\/"},{"@type":"ListItem","position":2,"name":"Pood","item":"https:\/\/ruuby.ee\/en\/pood\/"},{"@type":"ListItem","position":3,"name":"The Mallows karamellit\u00e4idisega vahukommid"}]},{"@type":"WebSite","@id":"http:\/\/ruuby.ee\/#website","url":"http:\/\/ruuby.ee\/","name":"RUUBY","description":"Ruubys on \u00fchendatud elustiil ja disain","publisher":{"@id":"http:\/\/ruuby.ee\/#organization"},"alternateName":"Ruuby Disain","potentialAction":[{"@type":"SearchAction","target":{"@type":"EntryPoint","urlTemplate":"http:\/\/ruuby.ee\/?s={search_term_string}"},"query-input":{"@type":"PropertyValueSpecification","valueRequired":true,"valueName":"search_term_string"}}],"inLanguage":"en-GB"},{"@type":"Organization","@id":"http:\/\/ruuby.ee\/#organization","name":"Ruuby Disain O\u00dc","alternateName":"Ruuby","url":"http:\/\/ruuby.ee\/","logo":{"@type":"ImageObject","inLanguage":"en-GB","@id":"http:\/\/ruuby.ee\/#\/schema\/logo\/image\/","url":"http:\/\/ruuby.ee\/wp-content\/uploads\/2023\/06\/cropped-Black-White-Elegant-Circle-Signature-Fashion-Logo-12_large.png","contentUrl":"http:\/\/ruuby.ee\/wp-content\/uploads\/2023\/06\/cropped-Black-White-Elegant-Circle-Signature-Fashion-Logo-12_large.png","width":1280,"height":747,"caption":"Ruuby Disain O\u00dc"},"image":{"@id":"http:\/\/ruuby.ee\/#\/schema\/logo\/image\/"},"sameAs":["https:\/\/www.facebook.com\/ruubyconcept","https:\/\/www.instagram.com\/ruuby_concept\/"]}]}},"jetpack_sharing_enabled":true,"_links":{"self":[{"href":"http:\/\/ruuby.ee\/en\/wp-json\/wp\/v2\/product\/1584537","targetHints":{"allow":["GET"]}}],"collection":[{"href":"http:\/\/ruuby.ee\/en\/wp-json\/wp\/v2\/product"}],"about":[{"href":"http:\/\/ruuby.ee\/en\/wp-json\/wp\/v2\/types\/product"}],"replies":[{"embeddable":true,"href":"http:\/\/ruuby.ee\/en\/wp-json\/wp\/v2\/comments?post=1584537"}],"wp:featuredmedia":[{"embeddable":true,"href":"http:\/\/ruuby.ee\/en\/wp-json\/wp\/v2\/media\/1838556"}],"wp:attachment":[{"href":"http:\/\/ruuby.ee\/en\/wp-json\/wp\/v2\/media?parent=1584537"}],"wp:term":[{"taxonomy":"product_brand","embeddable":true,"href":"http:\/\/ruuby.ee\/en\/wp-json\/wp\/v2\/product_brand?post=1584537"},{"taxonomy":"product_cat","embeddable":true,"href":"http:\/\/ruuby.ee\/en\/wp-json\/wp\/v2\/product_cat?post=1584537"},{"taxonomy":"product_tag","embeddable":true,"href":"http:\/\/ruuby.ee\/en\/wp-json\/wp\/v2\/product_tag?post=1584537"}],"curies":[{"name":"wp","href":"https:\/\/api.w.org\/{rel}","templated":true}]}}