{"id":1835035,"date":"2023-06-16T11:42:12","date_gmt":"2023-06-16T11:42:12","guid":{"rendered":"http:\/\/ruuby.ee\/?page_id=1835035"},"modified":"2023-07-03T06:30:22","modified_gmt":"2023-07-03T06:30:22","slug":"muugitingimused","status":"publish","type":"page","link":"http:\/\/ruuby.ee\/en\/muugitingimused\/","title":{"rendered":"M\u00fc\u00fcgitingimused"},"content":{"rendered":"<p>K\u00f5ik E-poe kasutajad on alln\u00e4htuvate kasutustingimustega seotud.<\/p>\n\n\n\n<ol class=\"wp-block-list\">\n<li>E-POE OLEMUS (WWW.RUUBY.EE)<\/li>\n<\/ol>\n\n\n\n<p>1.1 E-pood on Ruuby Disain O\u00dc (edaspidi: Ettev\u00f5te) poolt loodud ja hallatav internetipood, kus Ettev\u00f5te m\u00fc\u00fcb E-poe kasutajatele (edaspidi: Klient) tarbekaupu (edaspidi: Toode).<\/p>\n\n\n\n<ol class=\"wp-block-list\" start=\"2\">\n<li>\u00dcLDS\u00c4TTED<\/li>\n<\/ol>\n\n\n\n<p>2.1. Kasutustingimused kehtivad E-poest Toodete ostmisel ning reguleerivad \u00f5igussuhteid, mis tekivad Ettev\u00f5tte ja Klientide vahel.<\/p>\n\n\n\n<p>2.2. Tellimuse esitamisel n\u00f5ustub Klient Kasutustingimustes s\u00e4testatuga.<\/p>\n\n\n\n<p>2.3. Ettev\u00f5ttel on \u00f5igus \u00fchepoolselt Kasutustingimusi muuta ja t\u00e4iendada.<\/p>\n\n\n\n<ol class=\"wp-block-list\" start=\"3\">\n<li>TOODE JA HIND<\/li>\n<\/ol>\n\n\n\n<p>3.1. E-poes kajastatud Toodete pildid on illustreerivad.<\/p>\n\n\n\n<p>3.2. Toodete hinnad E-poes on toodud eurodes.<\/p>\n\n\n\n<p>3.3. Transporditasu (juhul kui see lisandub) on eraldi v\u00e4lja toodud enne Tellimuse eest maksmist.<\/p>\n\n\n\n<p>3.4. Ettev\u00f5ttel on \u00f5igus muuta pakutavate Toodete hindu. Kliendile kehtivad hinnad, mis on E-poes avaldatud Tellimuse tegemise hetkel, v.a juhtudel, kui Toote vale hind avaldati tehnilise vea v\u00f5i rikke t\u00f5ttu v\u00f5i kui Klient pidi aru saama, et tegemist on veaga (ilmselgelt vale m\u00fc\u00fcgihind).<\/p>\n\n\n\n<p>3.5. Juhul kui komplekteerimisel tuleb Toode asendada (vastavalt Kasutustingimuste punktile 4.10) ning asendustoote hind on Kliendi tellitud Toote hinnast madalam, tagastab Ettev\u00f5te tellitud Toote ja asendustoote hinna vahe Kliendi pangakontole 14 t\u00f6\u00f6p\u00e4eva jooksul. Juhul, kui asendustoote hind on Kliendi tellitud Toote hinnast k\u00f5rgem, on Klient kohustatud vastavas osas juurdemakse tegema.<\/p>\n\n\n\n<ol class=\"wp-block-list\" start=\"4\">\n<li>TELLIMUSE ESITAMINE<\/li>\n<\/ol>\n\n\n\n<p>4.1. Ostu tegemiseks tuleb Kliendil E-poe keskkonnas esitada Tellimus.<\/p>\n\n\n\n<p>4.2. Klient saab E-poes Tellimusi esitada k\u00fclalisena.<\/p>\n\n\n\n<p>4.3. Tellimuse esitamiseks tuleb sobivad Tooted lisada ostukorvi ja vajutada nupule \u201eMine maksma\u201c v\u00f5i \u201cMaksma\u201d.<\/p>\n\n\n\n<p>4.4. Lisaks tuleb Kliendil Tellimuse esitamisel sisestada kohaletoimetamise aadress ning valida sobilik tarneviis.<\/p>\n\n\n\n<p>4.5. Ettev\u00f5te ei vastuta Tellimuse t\u00e4itmisel Kliendi poolt esitatud ebakorrektsetest andmetest tekkiva kahju v\u00f5i mistahes muude tagaj\u00e4rgede eest.<\/p>\n\n\n\n<p>4.6. Klient tasub kogu Tellimuse eest Ettev\u00f5tte pakutavates maksekeskkondades. Klient kontrollib enne tasumist, et Tellimuses kajastatud Tooted, kogused ja hinnad vastavad tema tegelikule soovile.<\/p>\n\n\n\n<p>4.7. Tellimuse k\u00e4ttesaamise kohta saadab Ettev\u00f5te Kliendile automaatse e-kirja koos Tellimuse kinnitusega. Kui Tellimuse kinnituses on vigu (mittesoovitud kaubad, kogused vmt), on Klient kohustatud viivitamata \u00fchendust v\u00f5tma Ettev\u00f5ttega.<\/p>\n\n\n\n<p>4.8. Ettev\u00f5te alustab Tellimuse komplekteerimist, kui Klient on tasunud kogu Tellimuse eest.<\/p>\n\n\n\n<p>4.9. Juhul kui Ettev\u00f5te ei ole Tellimuse komplekteerimisel v\u00f5imalik kliendi tellitud Toodet soovitud koguses tarnida, on Ettev\u00f5ttel \u00f5igus Toode omal \u00e4ran\u00e4gemisel v\u00f5i Kliendiga telefonitsi konsulteerides asendada.<\/p>\n\n\n\n<p>4.10. Kui Ettev\u00f5ttel ei ole v\u00f5imalik Toodet asendada v\u00f5i kui Klient Tellimuse k\u00e4ttesaamisel asendust heaks ei kiida ja sellest loobub, tagastatakse puuduoleva Toote maksumus Kliendi pangakontole 14 t\u00f6\u00f6p\u00e4eva jooksul alates Tellimuses esitatud k\u00e4ttetoimetamise kuup\u00e4evast.<\/p>\n\n\n\n<p>4.11. Ettev\u00f5ttel on \u00f5igus Tellimuse t\u00e4itmisest loobuda, teavitades sellest Klienti e-posti teel koos loobumise p\u00f5hjusega. Juhul kui Ettev\u00f5te loobub Tellimuse t\u00e4itmisest, tagastatakse Tellimuse maksumus Kliendile 14 t\u00f6\u00f6p\u00e4eva jooksul alates Tellimuses esitatud k\u00e4ttetoimetamise kuup\u00e4evast.<\/p>\n\n\n\n<ol class=\"wp-block-list\" start=\"5\">\n<li>SUMMADE TAGASTAMINE<\/li>\n<\/ol>\n\n\n\n<p>5.1. Punktide 3.5 ja 4.11 alusel tagastatud summad laekuvad Kliendi m\u00e4\u00e4ratud panga kontole. K\u00f5ik summad, mille Ettev\u00f5te Kliendile tagastab, tasub v\u00f5i v\u00f5lgneb kantakse Kliendi panga kontole.<\/p>\n\n\n\n<ol class=\"wp-block-list\" start=\"6\">\n<li>MAKSEV\u00d5IMALUSED JA TAGASTUSED<\/li>\n<\/ol>\n\n\n\n<p>6.1. Tellimuse eest saab tasuda E-poe keskkonnas n\u00e4idatud viisidel. Tellimuse maksumusele v\u00f5ib lisanduda teenustasu vastavalt Kliendi ja panga- v\u00f5i krediitkaardi v\u00e4ljastaja vahel s\u00f5lmitud lepingule.<\/p>\n\n\n\n<p>6.2. \u00dclekanne arve alusel \u2013 klient saab ostu eest tasuda \u00fclekandega. Peale tellimuse kinnitamist kuvatakse kliendile tellimuse number, mis tuleb lisada panga\u00fclekande juurde.<\/p>\n\n\n\n<p>6.3. Makse l\u00e4bi pangalingi \u2013 klient saab tasuda koheselt kasutades E-poes kuvatavaid pangalinke (Swedbank, SEB, Luminor, LHV, Coop Pank, PocoPay). NB! Pangalingiga tasumisel vajutada kindlasti panga lehel nupule \u201eTagasi kaupmehe juurde\u201c.<\/p>\n\n\n\n<p>6.4. Pangalingi makseid vahendab Montonio Finance. Tasumine toimub v\u00e4ljaspool Veebipoodi turvalises keskkonnas \u2013 pangalingiga tasumisel vastava panga turvalises keskkonnas ja krediitkaardiga tasumisel Montonio Finance turvalises keskkonnas. M\u00fc\u00fcjal puudub ligip\u00e4\u00e4s kliendi panga ja krediitkaardi andmetele. Leping j\u00f5ustub alates tasumisele kuuluva summa laekumisest Veebipoe arvelduskontole.<\/p>\n\n\n\n<p>6.5. Veebipoe omanik on isikuandmete vastutav t\u00f6\u00f6tleja ning edastab maksete teostamiseks vajalikud isikuandmed volitatud t\u00f6\u00f6tleja Montonio Finance-ile.<\/p>\n\n\n\n<p>6.6. K\u00f5ik tagastused, mida Ettev\u00f5te teeb Kliendile, tehakse Kliendi m\u00e4\u00e4ratud arvelduskontole.<\/p>\n\n\n\n<ol class=\"wp-block-list\" start=\"7\">\n<li>TELLIMUSE K\u00c4TTETOIMETAMINE JA \u00dcLEANDMINE <\/li>\n<\/ol>\n\n\n\n<p>7.1. Tellimuse k\u00e4ttetoimetamine toimub vaid E-poes kirjeldatud viisidel.<\/p>\n\n\n\n<p>7.2. Kui tellitud Tooted saadetakse Kliendile pakiautomaadiga, siis tuleb Kliendil sisestada aadress, nimi ja telefoni number.<\/p>\n\n\n\n<p>7.3. Kaupa saadetakse j\u00e4rgnevatesse riikidesse: Eesti.<\/p>\n\n\n\n<p>7.4. Kauba saatmiskulud kannab ostja ning vastav hinnainfo on kuvatud saatmisviisi juures.<\/p>\n\n\n\n<p>7.5. Eestisisesed saadetised j\u00f5uavad \u00fcldjuhul ostja m\u00e4\u00e4ratud sihtpunkti 2-5 t\u00f6\u00f6p\u00e4eva jooksul alates m\u00fc\u00fcgilepingu j\u00f5ustumisest.<\/p>\n\n\n\n<p>7.6. Erandlikel juhtumitel on \u00f5igus kaup kohale toimetada kuni 45 kalendrip\u00e4eva jooksul.<\/p>\n\n\n\n<ol class=\"wp-block-list\" start=\"8\">\n<li>LEPINGUST TAGANEMINE, TOODETE TAGASTAMINE<\/li>\n<\/ol>\n\n\n\n<p>8.1. Tarbijast Kliendil on \u00f5igus lepingust taganeda (Toodetest loobuda) 14 kalendrip\u00e4eva jooksul Toodete k\u00e4ttesaamisest alates, edastades selleks lepingust taganemise avalduse e-postiaadressil info@ruuby.ee. <br>Avalduses m\u00e4rgib Klient arve numbri ja Toote nimetuse, millest soovib taganeda.<\/p>\n\n\n\n<p>8.2. Tagastatavad Tooted tuleb \u00fcle anda Ettev\u00f5tte kontoris v\u00f5i saates muu transpordiga. Toodete tagastamisega seotud kulud kannab Klient.<\/p>\n\n\n\n<p>8.3. Kliendil on \u00f5igus lepingust taganeda (Tooted tagastada) vaid juhul, kui Tooted on kasutamata (avamata), kahjustamata ja rikkumata ning originaalpakendis.<\/p>\n\n\n\n<p>8.4. Juhul kui Klient on tagastatavaid Tooteid kasutanud, rikkunud v\u00f5i kahjustanud, on Ettev\u00f5ttel \u00f5igus keelduda Toodete tagasiv\u00f5tmisest.<\/p>\n\n\n\n<p>8.5. Kui Klient on lepingust taganenud ning tagastatud Tooted on n\u00f5uetekohased, tagastab Ettev\u00f5te Kliendile Toodete maksumuse koos tagastatud Toodetelt arvestatud kohaletoimetamise tasuga 14 p\u00e4eva jooksul p\u00e4rast Toodete tagasiv\u00f5tmist.<\/p>\n\n\n\n<ol class=\"wp-block-list\" start=\"9\">\n<li>PRETENSIOONIDE ESITAMINE<\/li>\n<\/ol>\n\n\n\n<p>9.1. Toodete lepingutingimustele mittevastavuse korral on Kliendil \u00f5igus tugineda seaduses s\u00e4testatud \u00f5iguskaitsevahenditele.<\/p>\n\n\n\n<p>9.2. Ettev\u00f5te ei vastuta Toote lepingutingimustele mittevastavuse eest, mis on tekkinud Kliendi tegevusest ja\/v\u00f5i tegevusetusest, sh Toote mittesihip\u00e4rasest kasutamisest v\u00f5i mitten\u00f5uetekohasest s\u00e4ilitamisest (s\u00e4ilitamistingimuste j\u00e4rgimata j\u00e4tmine).<\/p>\n\n\n\n<p>9.3. Klient kohustub Ettev\u00f5tet teavitama Toote mittevastavusest hiljemalt 2 kuu jooksul selle avastamisest, st esitama pretensiooni.<\/p>\n\n\n\n<p>9.4. Pretensiooni saab esitada e-posti aadressile info@ruuby.ee. Pretensioonis tuleb m\u00e4rkida Kliendi nimi ja kontaktandmed, pretensiooni esitamise kuup\u00e4ev, Tootel ilmnenud puudus ja esitatava n\u00f5ude sisu ning lisada ostu t\u00f5endav dokument.<\/p>\n\n\n\n<p>9.5. Juhul kui Klient ei ole pretensiooni korral n\u00f5us Ettev\u00f5tte pakutava lahendusega, on Tarbijast Kliendil \u00f5igus p\u00f6\u00f6rduda Tarbijakaitseameti ja selle juurde moodustatud tarbijavaidluste komisjoni poole, mille p\u00e4devuses on lahendada tarbija ja kaupleja vahelisest lepingust tulenevaid tarbija algatatud tarbijavaidlusi, mida pooled ei ole suutnud lahendada kokkuleppe teel.<\/p>\n\n\n\n<ol class=\"wp-block-list\" start=\"10\">\n<li>VASTUTUS<\/li>\n<\/ol>\n\n\n\n<p>10.1. Ettev\u00f5te ja Klient vastutavad teineteise ees Kasutustingimuste rikkumisega teisele poolele tekitatud kahjude eest Eesti Vabariigis kehtivates \u00f5igusaktides s\u00e4testatud juhtudel ja ulatuses.<\/p>\n\n\n\n<p>10.2. Klient vastutab E-poe p\u00fcsikliendiks registreerimise vormil v\u00f5i Tellimuse vormistamisel esitatud andmete \u00f5igsuse eest. Kui Klient esitab puudulikud v\u00f5i ebakorrektsed andmed, ei vastuta Ettev\u00f5te sellest tingitud tagaj\u00e4rgede eest ning Ettev\u00f5ttel on \u00f5igus n\u00f5uda Kliendilt sellest tingitult tekkinud kahjude h\u00fcvitamist.<\/p>\n\n\n\n<p>10.3. Klient vastutab E-poe veebikeskkonda sisselogimiseks vajaliku salas\u00f5na turvalise kasutamise eest ja kohustub tagama, et tema salas\u00f5na ei satu kolmandate isikute (sh alaealiste perekonnaliikmete) valdusesse.<\/p>\n\n\n\n<p>10.4. Juhul kui Kliendil on kahtlus, et tema sisselogimisandmed on sattunud kolmanda isiku valdusesse, kohustub Klient sellest Ettev\u00f5tet teavitama ning otsekohe salas\u00f5na muutma.<\/p>","protected":false},"excerpt":{"rendered":"<p>K\u00f5ik E-poe kasutajad on alln\u00e4htuvate kasutustingimustega seotud. 1.1 E-pood on Ruuby Disain O\u00dc (edaspidi: Ettev\u00f5te) poolt loodud ja hallatav internetipood, kus Ettev\u00f5te m\u00fc\u00fcb E-poe kasutajatele (edaspidi: Klient) tarbekaupu (edaspidi: Toode). 2.1. Kasutustingimused kehtivad E-poest Toodete ostmisel ning reguleerivad \u00f5igussuhteid, mis tekivad Ettev\u00f5tte ja Klientide vahel. 2.2. Tellimuse esitamisel n\u00f5ustub Klient Kasutustingimustes s\u00e4testatuga. 2.3. Ettev\u00f5ttel on [&hellip;]<\/p>\n","protected":false},"author":2,"featured_media":0,"parent":0,"menu_order":0,"comment_status":"closed","ping_status":"closed","template":"","meta":{"footnotes":""},"class_list":["post-1835035","page","type-page","status-publish","hentry"],"yoast_head":"<!-- This site is optimized with the Yoast SEO plugin v27.3 - https:\/\/yoast.com\/product\/yoast-seo-wordpress\/ -->\n<title>M\u00fc\u00fcgitingimused - RUUBY<\/title>\n<meta name=\"robots\" content=\"index, follow, max-snippet:-1, max-image-preview:large, max-video-preview:-1\" \/>\n<link rel=\"canonical\" href=\"https:\/\/ruuby.ee\/en\/muugitingimused\/\" \/>\n<meta property=\"og:locale\" content=\"en_GB\" \/>\n<meta property=\"og:type\" content=\"article\" \/>\n<meta property=\"og:title\" content=\"M\u00fc\u00fcgitingimused - RUUBY\" \/>\n<meta property=\"og:description\" content=\"K\u00f5ik E-poe kasutajad on alln\u00e4htuvate kasutustingimustega seotud. 1.1 E-pood on Ruuby Disain O\u00dc (edaspidi: Ettev\u00f5te) poolt loodud ja hallatav internetipood, kus Ettev\u00f5te m\u00fc\u00fcb E-poe kasutajatele (edaspidi: Klient) tarbekaupu (edaspidi: Toode). 2.1. Kasutustingimused kehtivad E-poest Toodete ostmisel ning reguleerivad \u00f5igussuhteid, mis tekivad Ettev\u00f5tte ja Klientide vahel. 2.2. Tellimuse esitamisel n\u00f5ustub Klient Kasutustingimustes s\u00e4testatuga. 2.3. Ettev\u00f5ttel on [&hellip;]\" \/>\n<meta property=\"og:url\" content=\"https:\/\/ruuby.ee\/en\/muugitingimused\/\" \/>\n<meta property=\"og:site_name\" content=\"RUUBY\" \/>\n<meta property=\"article:publisher\" content=\"https:\/\/www.facebook.com\/ruubyconcept\" \/>\n<meta property=\"article:modified_time\" content=\"2023-07-03T06:30:22+00:00\" \/>\n<meta property=\"og:image\" content=\"http:\/\/ruuby.ee\/wp-content\/uploads\/2023\/06\/cropped-Black-White-Elegant-Circle-Signature-Fashion-Logo-12_large.png\" \/>\n\t<meta property=\"og:image:width\" content=\"1280\" \/>\n\t<meta property=\"og:image:height\" content=\"747\" \/>\n\t<meta property=\"og:image:type\" content=\"image\/png\" \/>\n<meta name=\"twitter:card\" content=\"summary_large_image\" \/>\n<meta name=\"twitter:label1\" content=\"Estimated reading time\" \/>\n\t<meta name=\"twitter:data1\" content=\"6 minutes\" \/>\n<script type=\"application\/ld+json\" class=\"yoast-schema-graph\">{\"@context\":\"https:\\\/\\\/schema.org\",\"@graph\":[{\"@type\":\"WebPage\",\"@id\":\"https:\\\/\\\/ruuby.ee\\\/muugitingimused\\\/\",\"url\":\"https:\\\/\\\/ruuby.ee\\\/muugitingimused\\\/\",\"name\":\"M\u00fc\u00fcgitingimused - RUUBY\",\"isPartOf\":{\"@id\":\"http:\\\/\\\/ruuby.ee\\\/en\\\/#website\"},\"datePublished\":\"2023-06-16T11:42:12+00:00\",\"dateModified\":\"2023-07-03T06:30:22+00:00\",\"breadcrumb\":{\"@id\":\"https:\\\/\\\/ruuby.ee\\\/muugitingimused\\\/#breadcrumb\"},\"inLanguage\":\"en-GB\",\"potentialAction\":[{\"@type\":\"ReadAction\",\"target\":[\"https:\\\/\\\/ruuby.ee\\\/muugitingimused\\\/\"]}]},{\"@type\":\"BreadcrumbList\",\"@id\":\"https:\\\/\\\/ruuby.ee\\\/muugitingimused\\\/#breadcrumb\",\"itemListElement\":[{\"@type\":\"ListItem\",\"position\":1,\"name\":\"Kdu\",\"item\":\"http:\\\/\\\/ruuby.ee\\\/en\\\/\"},{\"@type\":\"ListItem\",\"position\":2,\"name\":\"M\u00fc\u00fcgitingimused\"}]},{\"@type\":\"WebSite\",\"@id\":\"http:\\\/\\\/ruuby.ee\\\/en\\\/#website\",\"url\":\"http:\\\/\\\/ruuby.ee\\\/en\\\/\",\"name\":\"RUUBY\",\"description\":\"Ruubys on \u00fchendatud elustiil ja disain\",\"publisher\":{\"@id\":\"http:\\\/\\\/ruuby.ee\\\/en\\\/#organization\"},\"alternateName\":\"Ruuby Disain\",\"potentialAction\":[{\"@type\":\"SearchAction\",\"target\":{\"@type\":\"EntryPoint\",\"urlTemplate\":\"http:\\\/\\\/ruuby.ee\\\/en\\\/?s={search_term_string}\"},\"query-input\":{\"@type\":\"PropertyValueSpecification\",\"valueRequired\":true,\"valueName\":\"search_term_string\"}}],\"inLanguage\":\"en-GB\"},{\"@type\":\"Organization\",\"@id\":\"http:\\\/\\\/ruuby.ee\\\/en\\\/#organization\",\"name\":\"Ruuby Disain O\u00dc\",\"alternateName\":\"Ruuby\",\"url\":\"http:\\\/\\\/ruuby.ee\\\/en\\\/\",\"logo\":{\"@type\":\"ImageObject\",\"inLanguage\":\"en-GB\",\"@id\":\"http:\\\/\\\/ruuby.ee\\\/en\\\/#\\\/schema\\\/logo\\\/image\\\/\",\"url\":\"http:\\\/\\\/ruuby.ee\\\/wp-content\\\/uploads\\\/2023\\\/06\\\/cropped-Black-White-Elegant-Circle-Signature-Fashion-Logo-12_large.png\",\"contentUrl\":\"http:\\\/\\\/ruuby.ee\\\/wp-content\\\/uploads\\\/2023\\\/06\\\/cropped-Black-White-Elegant-Circle-Signature-Fashion-Logo-12_large.png\",\"width\":1280,\"height\":747,\"caption\":\"Ruuby Disain O\u00dc\"},\"image\":{\"@id\":\"http:\\\/\\\/ruuby.ee\\\/en\\\/#\\\/schema\\\/logo\\\/image\\\/\"},\"sameAs\":[\"https:\\\/\\\/www.facebook.com\\\/ruubyconcept\",\"https:\\\/\\\/www.instagram.com\\\/ruuby_concept\\\/\"]}]}<\/script>\n<!-- \/ Yoast SEO plugin. -->","yoast_head_json":{"title":"M\u00fc\u00fcgitingimused - RUUBY","robots":{"index":"index","follow":"follow","max-snippet":"max-snippet:-1","max-image-preview":"max-image-preview:large","max-video-preview":"max-video-preview:-1"},"canonical":"https:\/\/ruuby.ee\/en\/muugitingimused\/","og_locale":"en_GB","og_type":"article","og_title":"M\u00fc\u00fcgitingimused - RUUBY","og_description":"K\u00f5ik E-poe kasutajad on alln\u00e4htuvate kasutustingimustega seotud. 1.1 E-pood on Ruuby Disain O\u00dc (edaspidi: Ettev\u00f5te) poolt loodud ja hallatav internetipood, kus Ettev\u00f5te m\u00fc\u00fcb E-poe kasutajatele (edaspidi: Klient) tarbekaupu (edaspidi: Toode). 2.1. Kasutustingimused kehtivad E-poest Toodete ostmisel ning reguleerivad \u00f5igussuhteid, mis tekivad Ettev\u00f5tte ja Klientide vahel. 2.2. Tellimuse esitamisel n\u00f5ustub Klient Kasutustingimustes s\u00e4testatuga. 2.3. Ettev\u00f5ttel on [&hellip;]","og_url":"https:\/\/ruuby.ee\/en\/muugitingimused\/","og_site_name":"RUUBY","article_publisher":"https:\/\/www.facebook.com\/ruubyconcept","article_modified_time":"2023-07-03T06:30:22+00:00","og_image":[{"width":1280,"height":747,"url":"http:\/\/ruuby.ee\/wp-content\/uploads\/2023\/06\/cropped-Black-White-Elegant-Circle-Signature-Fashion-Logo-12_large.png","type":"image\/png"}],"twitter_card":"summary_large_image","twitter_misc":{"Estimated reading time":"6 minutes"},"schema":{"@context":"https:\/\/schema.org","@graph":[{"@type":"WebPage","@id":"https:\/\/ruuby.ee\/muugitingimused\/","url":"https:\/\/ruuby.ee\/muugitingimused\/","name":"M\u00fc\u00fcgitingimused - RUUBY","isPartOf":{"@id":"http:\/\/ruuby.ee\/en\/#website"},"datePublished":"2023-06-16T11:42:12+00:00","dateModified":"2023-07-03T06:30:22+00:00","breadcrumb":{"@id":"https:\/\/ruuby.ee\/muugitingimused\/#breadcrumb"},"inLanguage":"en-GB","potentialAction":[{"@type":"ReadAction","target":["https:\/\/ruuby.ee\/muugitingimused\/"]}]},{"@type":"BreadcrumbList","@id":"https:\/\/ruuby.ee\/muugitingimused\/#breadcrumb","itemListElement":[{"@type":"ListItem","position":1,"name":"Kdu","item":"http:\/\/ruuby.ee\/en\/"},{"@type":"ListItem","position":2,"name":"M\u00fc\u00fcgitingimused"}]},{"@type":"WebSite","@id":"http:\/\/ruuby.ee\/en\/#website","url":"http:\/\/ruuby.ee\/en\/","name":"RUUBY","description":"Ruubys on \u00fchendatud elustiil ja disain","publisher":{"@id":"http:\/\/ruuby.ee\/en\/#organization"},"alternateName":"Ruuby Disain","potentialAction":[{"@type":"SearchAction","target":{"@type":"EntryPoint","urlTemplate":"http:\/\/ruuby.ee\/en\/?s={search_term_string}"},"query-input":{"@type":"PropertyValueSpecification","valueRequired":true,"valueName":"search_term_string"}}],"inLanguage":"en-GB"},{"@type":"Organization","@id":"http:\/\/ruuby.ee\/en\/#organization","name":"Ruuby Disain O\u00dc","alternateName":"Ruuby","url":"http:\/\/ruuby.ee\/en\/","logo":{"@type":"ImageObject","inLanguage":"en-GB","@id":"http:\/\/ruuby.ee\/en\/#\/schema\/logo\/image\/","url":"http:\/\/ruuby.ee\/wp-content\/uploads\/2023\/06\/cropped-Black-White-Elegant-Circle-Signature-Fashion-Logo-12_large.png","contentUrl":"http:\/\/ruuby.ee\/wp-content\/uploads\/2023\/06\/cropped-Black-White-Elegant-Circle-Signature-Fashion-Logo-12_large.png","width":1280,"height":747,"caption":"Ruuby Disain O\u00dc"},"image":{"@id":"http:\/\/ruuby.ee\/en\/#\/schema\/logo\/image\/"},"sameAs":["https:\/\/www.facebook.com\/ruubyconcept","https:\/\/www.instagram.com\/ruuby_concept\/"]}]}},"jetpack_sharing_enabled":true,"_links":{"self":[{"href":"http:\/\/ruuby.ee\/en\/wp-json\/wp\/v2\/pages\/1835035","targetHints":{"allow":["GET"]}}],"collection":[{"href":"http:\/\/ruuby.ee\/en\/wp-json\/wp\/v2\/pages"}],"about":[{"href":"http:\/\/ruuby.ee\/en\/wp-json\/wp\/v2\/types\/page"}],"author":[{"embeddable":true,"href":"http:\/\/ruuby.ee\/en\/wp-json\/wp\/v2\/users\/2"}],"replies":[{"embeddable":true,"href":"http:\/\/ruuby.ee\/en\/wp-json\/wp\/v2\/comments?post=1835035"}],"version-history":[{"count":0,"href":"http:\/\/ruuby.ee\/en\/wp-json\/wp\/v2\/pages\/1835035\/revisions"}],"wp:attachment":[{"href":"http:\/\/ruuby.ee\/en\/wp-json\/wp\/v2\/media?parent=1835035"}],"curies":[{"name":"wp","href":"https:\/\/api.w.org\/{rel}","templated":true}]}}